{"id":2260,"date":"2012-09-14T14:05:09","date_gmt":"2012-09-14T11:05:09","guid":{"rendered":"http:\/\/www.topswimclub.ee\/?page_id=2260"},"modified":"2012-09-14T14:12:07","modified_gmt":"2012-09-14T11:12:07","slug":"history","status":"publish","type":"page","link":"https:\/\/www.topswimclub.ee\/en\/about-us\/history\/","title":{"rendered":"History"},"content":{"rendered":"<p><strong>TOPi Ujumisklubi loodi 1994.a. s\u00fcgisel.<\/strong><\/p>\n<p>K\u00f5ik need aastad on klubi koduks olnud TOP SPA ujula.<\/p>\n<p>2008. a. loodi klubi juurde TOPi Ujumiskool.<\/p>\n<p>Klubi loomisest peale on klubi juhatanud ja ka peatreenerina t\u00f6\u00f6tanud Ain Kaasik ning kooli juhatanud ja treenerit\u00f6\u00f6d teinud Heidi Kaasik.<\/p>\n<p>2007.a. asus klubis treenerina t\u00f6\u00f6le Raily Maalust ja aasta hiljem liitus meiega Grete \u00d5un. 2012.a. aitab ujujate j\u00f5usaali treeninguid l\u00e4bi Toomas Paju.<\/p>\n<p>Oma kaheksateistk\u00fcmne tegevusaasta jooksul on klubis ujumis\u00f5petust saanud ja \u00fcksteise seltskonda nautinud sajad noored. Paljudest neist, on t\u00e4naseks saanud tublid noored inimesed, kellel \u00fclikoolidiplom taskus. Jaak Savvi, Laura Nuudi , Martti Aljand ja Annika Saarnak on \u00f5ppinud ujumisstipendiaatidena USA tuntud \u00fclikoolides ning n\u00fc\u00fcd juba koolid l\u00f5petanud. K\u00e4tlin Sepp, Maris Visse ja Herol Marjak \u00f5pivad ning treenivad samuti Ameerika \u00dchendriikides.<\/p>\n<p>Aastate jooksul on klubist v\u00f5rsunud mitmeid Eesti rekordiomanikke \u2013 Martin Viilep, Jaak Savvi, Maria Albert, Laura Nuudi, Martti Aljand, Herol Marjak, Annika Saarnak, K\u00e4tlin Sepp, Pjotr Degtjarjov, Lauri K\u00e4i, Katriin Kersa ja Tess Grossmann.<\/p>\n<p>T\u00e4htis koht klubi tegevuses on ujumisalg\u00f5petuse andmine, kuid meie klubi p\u00f5hieesm\u00e4rkideks on l\u00e4bi aastate kestva treenininguga tippujujate koolitamine.<\/p>\n<p>Alustame k\u00f5ige noorematega, kellele jagame ujumise algt\u00f5desid. Ujumisoskus omandatud, asuvad nad osalema Pardikeste sarjas ning ajapikku siirduvad juba vabariiklikku Noortesarja. Edasi algab juba p\u00e4ris ujujatee. Algatuseks stardid Eesti Noorte Meistriv\u00f5istlustel ja siis juba Eesti Juunioride ja T\u00e4iskasvanute Meistriv\u00f5istlustel.<\/p>\n<p>Tubli treenimine on viinud meie klubi noored ujujad Ol\u00fcmpiam\u00e4ngudele, Maailmameistriv\u00f5istlustele ja Euroopa MV-tele nii pikal kui ka l\u00fchikesel rajal, Juunioride Maailmameistriv\u00f5istlustele, Euroopa Juunioride MV-tele, P\u00f5hjamaade Juunioride Mv-tele, P\u00f5hjamaade Noorte MV-tele, Euroopa Noorte Ol\u00fcmpiap\u00e4evadele, G\u00fcmnasiaadile ja Universiaadidele, Maailma Karikav\u00f5istluste etappidele. Samuti on v\u00f5etud osa erinevatest ujumisfestivalidest Euroopas \u2013 Stockholm Summer Games, Darmstadt International Swim Meet, Anykcsiai Sprint, Tonttu Uinnit ja k\u00f5igist Eesti Meistriv\u00f5istlustest ja L\u00fchiraja Meistriv\u00f5istlustest.<\/p>\n<p>V\u00e4ljapaistvaimad tulemused on saavutanud Martti Aljand, kes 2011.a. j\u00f5udis Poolas Szszcenis Euroopa L\u00fchiradade Meistriv\u00f5istlustel 100m kompleksujumises pronksmedalile. Samal v\u00f5istlusel oli ta 100m rinnuliujumises 4. 2006.a. oli ta L\u00fchiraja MM-il Shanghais 9. koha 200m kompleksis, 2005.a. L\u00fchiraja EM-il Triestes 6. koha 100m kompleksis ning 11. koha 200m kompleksis ja 2005.a. suvel Euroopa Juunioride Mv-l Budapestis 4. koha 200m kompleksis. Napilt j\u00e4i ta poolfinaali ukse taha Maailma Meistriv\u00f5istlustel Roomas 2009 a. ning v\u00e4ga edukalt osales Euroopa L\u00fchiradade MV Istanbulis 2009.aastal.Samuti kuulus Martti Beigingi Ol\u00fcmpiam\u00e4ngudel Eesti v\u00f5iskonda.<\/p>\n<p>Esimestel Noorte Ol\u00fcmpiam\u00e4ngudel 2010.a. Singapuris, kuulusid Eesti v\u00f5istkonda 2 meie klubi ujujat: Katriin Kersa ja Pjotr Degtjarjov. Katriin saavutas 50m kroolisprindis 20. koha ning Pjotr oli kroolisprindis 9.kohal.<\/p>\n<p>Maailma \u2013 ja Euroopa MV-l on osalenud mitmekordne Eesti rekordiomanik Martin Viilep. 1999.a. Universiaadil Palma de Mallorcal saavutas mitu Eesti rekordit ujunud Jaak Savvi 7. koha. 2009.a.Roomas MMil osales ka K\u00e4tlin Sepp seliliujumisdistantsidel.<\/p>\n<p>Maailma L\u00fchiradade Meistriv\u00f5istlustel ja Euroopa L\u00fchiradade MV-stel on samuti osalenud K\u00e4tlin Sepp ja Annika Saarnak. Annika p\u00e4\u00e4ses 2009.a. Rijekas 100m liblikujumises ka poolfinaali.2010.a. Hollandis Eidnhovenis osalesid Euroopa L\u00fchiraja Meistriv\u00f5istlustel K\u00e4tlin Sepp, Katriin Kersa ja Tess Grossmann ning Pjotr Degtjarjov. Pjotr p\u00e4\u00e4ses 50m vabaujumises poolfinaali ja saavutas tihedas meeste konkurentsis 15.koha. K\u00e4tlin Sepp ja Pjotr Degtjarjov osalesid ka L\u00fchiraja MM-l Dubais 2010. aastal.<\/p>\n<p>2011.a. suvel saavutas Pjotr Degtjarjov Euroopa Juunioride Meistriv\u00f5istlustel Belgradis kontinendi kiireimate sprinterite seas 50m vabaltujumises tubli 6. koha.<br \/>\nP\u00f5hjamaade Juunioride MV-l on Eestile medaleid v\u00f5itnud Martin Viilep, Jaak Savvi, Merli Suurv\u00e4li, Martti Aljand, Maris Visse, Herol Marjak , K\u00e4tlin Sepp, Katriin Kersa , Lauri K\u00e4i ja Pjotr Degtjarjov ja Kristjan J\u00fcrisoo.<br \/>\nP\u00f5hjamaade Noorte MV-lt on kulla v\u00f5itnud Sigrid Sepp ,kolm h\u00f5be- ja \u00fche pronksmedali v\u00f5itnud Lauri K\u00e4i ning pronksmedali nii Katriin Kersa kui ka Pjotr Degtjarjov.<\/p>\n<p>Peale pikkade v\u00f5istlusreiside, mis on ulatunud mitmetesse maailma paikadesse, on koos l\u00e4bi viidud hulga treeninglaagreid. Neist p\u00f5nevaimad on toimunud Maltal, K\u00fcprosel, Kreetal, Hispaanias, Gran Canarial, Tenerifel, Tais, Dubais ,Ameerika \u00dchendriikides ning L\u00f5una Aafrikas ja Font Romeu Keskm\u00e4estiku Keskuses.<\/p>\n<p>Talvel on k\u00e4idud suusam\u00f5nusid nautimas Kurgj\u00e4rvel, Otep\u00e4\u00e4l, Himosel ja Slovakkias.<\/p>\n<p>Samuti on traditsiooniks saanud iga-aastane rattalaager Hiiumaal,i Saaremaal v\u00f5i Haapsalus, suvelaager Kurgj\u00e4rvel ja kevad-s\u00fcgislaagerid Vinnis , Kuremaal v\u00f5i Haapsalus.<\/p>\n","protected":false},"excerpt":{"rendered":"<p>TOPi Ujumisklubi loodi 1994.a. s\u00fcgisel. K\u00f5ik need aastad on klubi koduks olnud TOP SPA ujula. 2008. a. loodi klubi juurde TOPi Ujumiskool. Klubi loomisest peale on klubi juhatanud ja ka peatreenerina t\u00f6\u00f6tanud Ain Kaasik ning kooli juhatanud ja treenerit\u00f6\u00f6d teinud Heidi Kaasik. 2007.a. asus klubis treenerina t\u00f6\u00f6le Raily Maalust ja aasta hiljem liitus meiega Grete \u00d5un. 2012.a. aitab ujujate j\u00f5usaali treeninguid l\u00e4bi Toomas Paju. Oma kaheksateistk\u00fcmne tegevusaasta jooksul on klubis ujumis\u00f5petust saanud ja \u00fcksteise seltskonda nautinud sajad noored. Paljudest neist, on t\u00e4naseks saanud tublid noored inimesed, kellel \u00fclikoolidiplom taskus. Jaak&nbsp;<a href=\"https:\/\/www.topswimclub.ee\/en\/about-us\/history\/\" class=\"read-more\">Continue Reading<\/a><\/p>\n","protected":false},"author":2,"featured_media":0,"parent":2258,"menu_order":1,"comment_status":"open","ping_status":"closed","template":"","meta":{"footnotes":""},"class_list":["post-2260","page","type-page","status-publish","hentry"],"_links":{"self":[{"href":"https:\/\/www.topswimclub.ee\/en\/wp-json\/wp\/v2\/pages\/2260","targetHints":{"allow":["GET"]}}],"collection":[{"href":"https:\/\/www.topswimclub.ee\/en\/wp-json\/wp\/v2\/pages"}],"about":[{"href":"https:\/\/www.topswimclub.ee\/en\/wp-json\/wp\/v2\/types\/page"}],"author":[{"embeddable":true,"href":"https:\/\/www.topswimclub.ee\/en\/wp-json\/wp\/v2\/users\/2"}],"replies":[{"embeddable":true,"href":"https:\/\/www.topswimclub.ee\/en\/wp-json\/wp\/v2\/comments?post=2260"}],"version-history":[{"count":0,"href":"https:\/\/www.topswimclub.ee\/en\/wp-json\/wp\/v2\/pages\/2260\/revisions"}],"up":[{"embeddable":true,"href":"https:\/\/www.topswimclub.ee\/en\/wp-json\/wp\/v2\/pages\/2258"}],"wp:attachment":[{"href":"https:\/\/www.topswimclub.ee\/en\/wp-json\/wp\/v2\/media?parent=2260"}],"curies":[{"name":"wp","href":"https:\/\/api.w.org\/{rel}","templated":true}]}}