{"id":2261,"date":"2012-09-14T14:05:33","date_gmt":"2012-09-14T11:05:33","guid":{"rendered":"http:\/\/www.topswimclub.ee\/?page_id=2261"},"modified":"2012-09-14T14:12:28","modified_gmt":"2012-09-14T11:12:28","slug":"coaches","status":"publish","type":"page","link":"https:\/\/www.topswimclub.ee\/en\/about-us\/coaches\/","title":{"rendered":"Coaches"},"content":{"rendered":"<table width=\"100%\" border=\"0\" align=\"left\">\n<tbody>\n<tr>\n<td style=\"text-align: center;\">\n<h3>Ain Kaasik<\/h3>\n<p>klubi juhataja, treener<\/p>\n<p>On s\u00fcndinud\u00a022.05.1947 ja omab juba 40 aastast t\u00f6\u00f6kogemust.<\/p>\n<p>V kategooria<\/p>\n<p>2005. aastal valiti aasta parimaks treeneriks.<\/p>\n<p>ain.kaasik@topswimclub.ee<\/td>\n<td><a href=\"https:\/\/www.topswimclub.ee\/wp-content\/uploads\/2012\/08\/Kodulehe-visiitkaart3.jpg\"><img loading=\"lazy\" decoding=\"async\" class=\"size-medium wp-image-2243 alignleft\" title=\"N\u00e4idis\" src=\"https:\/\/www.topswimclub.ee\/wp-content\/uploads\/2012\/08\/Kodulehe-visiitkaart3-204x300.jpg\" alt=\"\" width=\"204\" height=\"300\" \/><\/a><\/td>\n<\/tr>\n<tr>\n<td>\n<h3 style=\"text-align: center;\">Heidi Kaasik<\/h3>\n<p style=\"text-align: center;\">kooli juhataja, treener<\/p>\n<p style=\"text-align: center;\">On s\u00fcndinud 23.01.1961 ja omab 32 aastast t\u00f6\u00f6kogemust<\/p>\n<p style=\"text-align: center;\">V kategooria<\/p>\n<p style=\"text-align: center;\">2005. aastal valiti aasta parimaks treeneriks.<\/p>\n<p style=\"text-align: center;\">heidi.kaasik@topswimclub.ee<\/p>\n<\/td>\n<td><\/td>\n<\/tr>\n<tr>\n<td>\n<h3 style=\"text-align: center;\">Raily Maalust<\/h3>\n<p style=\"text-align: center;\">ujumistreener<\/p>\n<p style=\"text-align: center;\">On s\u00fcndinud 03.01.1967\u00a0ja omab 26 aastast t\u00f6\u00f6kogemust<\/p>\n<p style=\"text-align: center;\">II kategooria<\/p>\n<p style=\"text-align: center;\">raily.maalust@topswimclub.ee<\/p>\n<\/td>\n<td><\/td>\n<\/tr>\n<tr>\n<td>\n<h3 style=\"text-align: center;\">Grete \u00d5un<\/h3>\n<p style=\"text-align: center;\">ujumistreener<\/p>\n<p style=\"text-align: center;\">On s\u00fcndinud 21.07.1988\u00a0ja omab 4 aastast t\u00f6\u00f6kogemust<\/p>\n<p style=\"text-align: center;\">II kategooria<\/p>\n<p style=\"text-align: center;\">grete.oun@topswimclub.ee<\/p>\n<\/td>\n<td><\/td>\n<\/tr>\n<tr>\n<td style=\"text-align: center;\" colspan=\"1\">\n<h3>Toomas \u00a0Paju<\/h3>\n<p>j\u00f5usaalitreener<\/p>\n<p>On s\u00fcndinud 28.01.1963<\/p>\n<p>www.toomas@nosterrex.ee<\/td>\n<td colspan=\"1\"><\/td>\n<\/tr>\n<\/tbody>\n<\/table>\n","protected":false},"excerpt":{"rendered":"<p>Ain Kaasik klubi juhataja, treener On s\u00fcndinud\u00a022.05.1947 ja omab juba 40 aastast t\u00f6\u00f6kogemust. V kategooria 2005. aastal valiti aasta parimaks treeneriks. ain.kaasik@topswimclub.ee Heidi Kaasik kooli juhataja, treener On s\u00fcndinud 23.01.1961 ja omab 32 aastast t\u00f6\u00f6kogemust V kategooria 2005. aastal valiti aasta parimaks treeneriks. heidi.kaasik@topswimclub.ee Raily Maalust ujumistreener On s\u00fcndinud 03.01.1967\u00a0ja omab 26 aastast t\u00f6\u00f6kogemust II kategooria raily.maalust@topswimclub.ee Grete \u00d5un ujumistreener On s\u00fcndinud 21.07.1988\u00a0ja omab 4 aastast t\u00f6\u00f6kogemust II kategooria grete.oun@topswimclub.ee Toomas \u00a0Paju j\u00f5usaalitreener On s\u00fcndinud 28.01.1963 www.toomas@nosterrex.ee<\/p>\n","protected":false},"author":2,"featured_media":0,"parent":2258,"menu_order":2,"comment_status":"open","ping_status":"closed","template":"page-fullwidth.php","meta":{"footnotes":""},"class_list":["post-2261","page","type-page","status-publish","hentry"],"_links":{"self":[{"href":"https:\/\/www.topswimclub.ee\/en\/wp-json\/wp\/v2\/pages\/2261","targetHints":{"allow":["GET"]}}],"collection":[{"href":"https:\/\/www.topswimclub.ee\/en\/wp-json\/wp\/v2\/pages"}],"about":[{"href":"https:\/\/www.topswimclub.ee\/en\/wp-json\/wp\/v2\/types\/page"}],"author":[{"embeddable":true,"href":"https:\/\/www.topswimclub.ee\/en\/wp-json\/wp\/v2\/users\/2"}],"replies":[{"embeddable":true,"href":"https:\/\/www.topswimclub.ee\/en\/wp-json\/wp\/v2\/comments?post=2261"}],"version-history":[{"count":0,"href":"https:\/\/www.topswimclub.ee\/en\/wp-json\/wp\/v2\/pages\/2261\/revisions"}],"up":[{"embeddable":true,"href":"https:\/\/www.topswimclub.ee\/en\/wp-json\/wp\/v2\/pages\/2258"}],"wp:attachment":[{"href":"https:\/\/www.topswimclub.ee\/en\/wp-json\/wp\/v2\/media?parent=2261"}],"curies":[{"name":"wp","href":"https:\/\/api.w.org\/{rel}","templated":true}]}}