{"id":2314,"date":"2012-09-14T14:20:43","date_gmt":"2012-09-14T11:20:43","guid":{"rendered":"http:\/\/www.topswimclub.ee\/?page_id=2314"},"modified":"2012-09-14T14:20:43","modified_gmt":"2012-09-14T11:20:43","slug":"children-say","status":"publish","type":"page","link":"https:\/\/www.topswimclub.ee\/en\/about-us\/children-say\/","title":{"rendered":"Children say"},"content":{"rendered":"<h3>&#8230; ehk millised me oleme 2012.a. s\u00fcgisel:<\/h3>\n<p><strong>Annika<\/strong> \u2013 h\u00e4sti tore, lahe, lahke, v\u00e4ga s\u00f5bralik ja s\u00e4rava naeratusega kaunitar, kes on varsti taas Eesti t\u00fcdruk. Samuti \u00fcliilusa sixpackiga tibi, kes on hea ujuja ja trennikaaslane ning hea eeskuju teistele ujujatele. Ta ujub nii kiiresti, et meie ei saa teda k\u00e4tte. Annikal on nii kena naeratus ja ta on Marttile musi teinud.<\/p>\n<p><strong>K\u00e4tlin<\/strong> \u2013meie klubi kaunitar seitsme maa ja mere taga. K\u00e4tlini kohta k\u00e4ivad k\u00f5ik head omaduss\u00f5nad. Ta on K\u00f5ige toredam t\u00fcdruk \u00fcldse, samuti s\u00f5bralik, abivalmis, ilus, armas, lahe, heas\u00fcdamlik, jutukas, otsekohene, lisaks ka mega kena ja ujub ilgelt h\u00e4sti. Ilmselt k\u00f5ik tema s\u00f5brad ei \u00fctle \u00fchtegi halba s\u00f5na. Muidugi vahel v\u00f5ib juhtuda, et ta on h\u00e4sti-h\u00e4sti natukene \u00fclbe, aga eks meil k\u00f5igil on sellised kiiksuga hetked. K\u00e4tlin on t\u00fcdruk, kes on sokolaadist tehtud ja ei suuda \u00f6elda \u201eei\u201d, samuti naeratab ja naerab palju. Vajadusel suudab ka olla t\u00f5sine. K\u00e4tlin suudab teha ka k\u00f5ige halvema p\u00e4eva parimaks. Super trennikaaslane, kes on t\u00f6\u00f6kas ja ujub t\u00e4iega h\u00e4sti. Armas ja kena t\u00fcdruk, kes on tubli treenija ja kodus seliliujumises v\u00f5itmatu. Tema seliliujumist v\u00f5istlustel ei ole huvitav vaadata, kuna koht on juba teada. Samuti on K\u00e4tlin super eeskuju oma \u00f5dedele, Siku saab iga p\u00e4evaga tugevamaks. Loodame, et sa USAs TOPikaid ei unusta!<\/p>\n<p><strong>Tess<\/strong> \u2013 tubli ujuja ja kena t\u00fcdruk, kellel tahtej\u00f5ust puudust ei tule. Teeb trenni isegi siis kui tal v\u00e4ga paha olla v\u00f5i on haige ja ainult Tess suudab terve suve trenni teha. Ujub ka v\u00e4ga h\u00e4sti. Ta on armas ja tore, samuti hullumeelne, l\u00f5bus ning abivalmis. Suht lokike. Temaga on alati millestki r\u00e4\u00e4kida. Meeldib palju rattaga s\u00f5ita, aga natukene tuleb veel kukkumist harjutada. Tahab rattaga lennata, aga meie j\u00e4lgime, et mitte eriti k\u00f5rgelt! Vot pallim\u00e4ngud Tessile ei meeldi, siis ta parem jookseb. Kes veel ei tea, Pjots on ta peika. Nad kaks on lahutamatud, nagu k\u00e4bi ja m\u00e4nd. Ei tea kas hea v\u00f5i halb, aga kindlasti t\u00e4nu Pjotrile on ka tema sihid k\u00f5rged.<\/p>\n<p><strong>Karleen<\/strong> \u2013 meie klubi iludus, kes on pikk blond t\u00fcdruk, alati naeratav ja l\u00f5bus r\u00fcgaja. Leenu, pikk Lota-Lota, ninasarvik ja draama queen. Tegelikult Karleen on jube tore trennikaaslane, humorist, lahke, v\u00e4ga s\u00f5bralik, l\u00f5bus, hooliv, alati r\u00f5\u00f5msameelne, abivalmis, lahe, heatahtlik ja v\u00e4ga-v\u00e4ga-v\u00e4ga armas. Super ilus ja tark t\u00fcdruk, kelle soeng peab alati olema s\u00e4titud ja n\u00e4gu kena. Oi, millised ilusad pikad juuksed. Aga Karleeni naer on siiski \u00fcle k\u00f5ige, mida ta harrastab tihti ja see on nagu s\u00e4tendav t\u00e4ht taevas. Kindlasti k\u00f5ikide poiste lemmik. Samuti on ta jutukas organiseerija, kes j\u00f5uab igale poole. Teeb tublisti trenni ja ujub ka v\u00e4ga h\u00e4sti, k\u00e4ed painduvad ebanormaalselt. N\u00e4eme teda ka vahel kurvana, aga selleks topikad ju olemas ongi, et tuua igasse p\u00e4eva palju p\u00e4ikest.<\/p>\n<p><strong>Sigrid<\/strong> \u2013 meie pisike vahva p\u00e4ike igas p\u00e4evas. Tubli treenija. Paljude trennikaaslaste iidol, esiteks ta on nii-nii ilus, teiseks ta on v\u00e4ga tore ja kolmandaks ta ujub mega h\u00e4sti. V\u00e4ike sepp ajab alati teised naerma oma nakatava naeruga. Kindlasti tulevane s\u00fcdametemurdja. Sigrid on armas, s\u00f5bralik, jutukas, lahke, aus, s\u00fcdamlik, abivalmis, tark, osav, lahe, ettevaatlik, m\u00f5istlik ja tore naljatilk. Ta naeratab alati k\u00f5igile ja saab ka k\u00f5igiga h\u00e4sti l\u00e4bi. Sigrid v\u00f5ib solvuda kergesti, aga samas pole raske teda naerma ajada. Suur ja lai naeratus, super! T\u00e4pselt nagu vanem \u00f5de, teeb korralikult ja hoolega t\u00f6\u00f6d, ujub h\u00e4sti, mossitab ja naeratab korraga. Poisid v\u00f5ivad teda n\u00e4rvi ajavad. Seliliujumises t\u00f5usev t\u00e4ht.<\/p>\n<p><strong>Karin<\/strong> \u2013 klubi jutuvestja. \u00d5udus- ja s\u00f5jafilmid. Tahaks metsas \u00f5udukat teha. Karin on tore, armas, v\u00e4ga s\u00f5bralik, naljaks ja omamoodi t\u00fcdruk. Kui tal on paha tuju, v\u00f5ib olla kuri ja kui teda n\u00e4rvi ajada, siis v\u00f5ib sind saata pikalt hullemini kui m\u00f5ni mees. Karinil alati midagi juhtub. Treenib korralikult ja ujub h\u00e4sti. T\u00fcdruk, kes oleks nagu t\u00e4iesti teisest maailmast. Tal on uskumatud m\u00f5tted ja ideed. Kogu aeg laulab, magab v\u00f5i n\u00e4ksib. Karin on vahepeal omas mullis ja r\u00e4\u00e4gib suht tihti omaette. Talle meeldib laulda-laulda-lauldaaa. V\u00e4ga ennast v\u00e4ljendav ja huvitava juuksev\u00e4rviga t\u00fcdruk.<\/p>\n<p><strong>Kertrud<\/strong> &#8211; p\u00f5him\u00f5tteliselt ainuke pikamaa ujuja meie klubis. 800m vab, 400m ko, 200m ko ja 200m lib on toredad alad, mida keegi peab ju ujuma. Kertu on kogu selle raskuse heameelega oma \u00f5lgadele v\u00f5tnud. Ta on tore, ilus ja armas. Kertu on ka vahelduva tujuga t\u00fcdruk, kord tuleb trenni \u00fclir\u00f5\u00f5msalt, vahel v\u00e4ga kurvalt. Kokkuv\u00f5ttes lahe, l\u00f5bus, heatahtlik ja aktiivne trennikaaslane. Rattas\u00f5idu ekspert. Ma loodan, et sa edaspidi ei puudu trennist kordagi, kuna just sina annad pool minu tahtej\u00f5ust, et rasked trennid vastu pidada. \u201eK\u00f5va vend\u201d, kes m\u00e4ngib h\u00e4sti jalkat.<\/p>\n<p><strong>Paula<\/strong> \u2013 tore trennikaaslane, meie klubi delfiiniujuja ja kindlasti tulevane delfiini kuninganna. Tahab ujumises v\u00e4ga kaugele j\u00f5uda ja teeb selle nimel tublisti trenni. Siku sister from another mother. Nad kahekesi koos r\u00fcgavad enamasti ja tavaliselt naeratus n\u00e4ol. Paula on ilus, armas ja suht lahe t\u00fc\u00fcp, kes oskab h\u00e4sti joonistada. Tal on ka suurep\u00e4rane anne k\u00f5ik asjad alal\u00f5pmata \u00e4ra kaotada. Siimar j\u00e4\u00e4b v\u00e4ga kiiresti magama. Oskab h\u00e4sti laulda: \u201ek\u00e4isin eile poes ja ostsin 6 j\u00e4\u00e4tist!\u201d Vot palli ei meeldi Paulale m\u00e4ngida. Kardab, et pall hammustab.<\/p>\n<p><strong>Gretel<\/strong> \u2013 v\u00e4ga tore ja ilus t\u00fcdruk. Vahel on ta natukene kuri v\u00f5i imelik. Meeldib sopata. Lahe trennikaaslane. Aeglase reaktsiooniga ja alati unise n\u00e4oga. Ei viitsi v\u00e4ga trenni teha, aga kohal k\u00e4ib ikka. Siimar j\u00e4\u00e4b v\u00e4ga kiiresti magama ja hiljem ei viitsi voodist t\u00f5usta. L\u00f5busa olemisega. Eriti chill t\u00fc\u00fcp ja pidutseja.<\/p>\n<p><strong>Vanessa<\/strong> \u2013 armas t\u00fcdruk, kellel on h\u00e4sti ilusad mustad pikad juuksed. Vanessa on nii pisikene ja nii suurte silmadega , s\u00f5bralik, tore ja r\u00f5\u00f5msameelne. Esmapilgul rahulik, aga tegelikult energiline. Kahjuks on s\u00fcda haige ja ei saa trennis k\u00e4ia. Loodame, et ikka naaseb ujumise juurde.<\/p>\n<p><strong>Merle<\/strong> \u2013 ta on v\u00e4ga s\u00f5bralik, lahke, tore, armas, abivalmis, positiivne ja r\u00f5\u00f5msameelne t\u00fcdruk. Talle v\u00f5ib oma muredest r\u00e4\u00e4kida, aitab alati. Suhtleb v\u00e4ga palju. Meeldib \u00f5petada. Merlega saab alati ka nalja ja tal on v\u00e4ga head vabandused: \u201earmastus elusorganite vastu!\u201d. Naljatilk. T\u00fcdruk, kellel on alati naeratus n\u00e4ol. Merle on Merle. L\u00e4bi raskuste tippude poole!<\/p>\n<p><strong>Birgit<\/strong> \u2013 tore, lahke, abivalmis, rahulik, s\u00f5bralik, tubli, ilus ja armas t\u00fcdruk. Temaga on alati l\u00f5bus koos olla. V\u00e4ga suur ratsutamishuviline ja see \u00f5nnestub tal ka p\u00e4ris h\u00e4sti. Hea s\u00f5ber. Birkuga saab palju nalja. Tundub nohik, aga v\u00e4ga super t\u00fc\u00fcp.<\/p>\n<p><strong>Meribel<\/strong> \u2013 v\u00e4ga tore ja naljakas t\u00fcdruk. Mersuga saab alati nalja ning temaga on tore koos olla. V\u00e4ga hea ujuja oma vanuse kohta. Tundub \u00fcks m\u00f5istlikumaid v\u00e4ikeste t\u00fcdrukute kambast. Ilus, aus, tagasihoidlik, abivalmis, aktiivne, lahke ja armas. Hea s\u00f5ber. Naerab k\u00f5vasti. K\u00f5ige parem asi, mis minuga on kunagi juhtunud. Ta on minu p\u00e4ike, kuu ja t\u00e4hed. Tulevane pikamaa ujuja. Ei tea miks, aga k\u00f5ik tema s\u00f5brannad kutsuvad Meribeli Mercedeseks. Mai Riiniga vist lahutamatud. Mersu ei saa kunagi kurjaks ja on h\u00e4sti s\u00f5bralik.<\/p>\n<p><strong>Mai Riin<\/strong> \u2013 tore ja ilus p\u00f5hjanaba. Ta on naljakas, lahe, leidlik blondiin, kes r\u00e4\u00e4gib palju-palju-palju. Ujub v\u00e4ga h\u00e4sti. Mai Riiniga saab v\u00e4ga palju nalja. S\u00e4distab igal pool. Mai Riin suudab iga p\u00e4ev m\u00f5ne ilusa komplimendi teha ja samuti oskab ta ka alati midagi naljakat \u00f6elda. V\u00e4ga k\u00f5va h\u00e4\u00e4lega t\u00fcdruk. Ta v\u00f5ib olla vahel kuri ja \u00fclbe, aga enamasti ikka r\u00f5\u00f5msameelne ning l\u00f5bus. V\u00e4ikeste valitseja. Vajadusel meeldib pugeda k\u00f5igile ja vaidleb koguaeg treeneriga. Energiline. Ta on mulle suure \u00f5e eest. Ta kannab mind alati seljas. Ma armastan teda. V\u00e4ike Mussolini.<\/p>\n<p><strong>Reeli<\/strong> \u2013 oh, super t\u00fc\u00fcp. V\u00e4ike armas blond t\u00fcdruk, kes on vahva, lahe, armas, lahke, s\u00f5bralik ja alati naeratus n\u00e4ol. V\u00e4ga tore trennikaaslane. Ujub v\u00e4ga h\u00e4sti delfiini. V\u00e4ga hea s\u00f5ber, minu BFF. K\u00f5ige naljakam trennikaaslane ever. H\u00fcperenergiline. R\u00e4\u00e4gib palju ning samas ka naerab k\u00f5vasti ja suu lahti. Pea on kavalaid m\u00f5tteid t\u00e4is. Ilus t\u00fcdruk ja v\u00e4ga r\u00f5\u00f5msameelne. J\u00e4\u00e4b v\u00e4ga kiiresti magama. Reeli suudab ka k\u00f5ik asjad \u00e4ra kaotada. Meie v\u00e4ike naljatilk.<\/p>\n<p><strong>Margaret<\/strong> \u2013 v\u00e4ga tore t\u00fcdruk. Ilus, armas, lahke, aus, abivalmis, lahe, s\u00f5bralik ja temaga saab nalja. Tundub vaikne ja tagasihoidlik, aga tegelikult ei ole. Siiski k\u00f5ige rahulikum v\u00e4ikeste t\u00fcdrukute kambast. Ilgelt pull on temaga koos olla ja naerda. Kui on m\u00f5ni mure, \u00fcritab Margaret seda ka lahendada. Kaval. V\u00f5ib solvuda kiiresti. Naerab tihti. Raskusi ei karda ja teeb k\u00f5ike, mida treenerid \u00fctlevad. V\u00f5imas plix.<\/p>\n<p><strong>Kristin<\/strong> \u2013 armas ja m\u00f5nus lokike. N\u00f5ia naer. Ilus, tore, tark, osav, lahke, s\u00f5bralik, lahe ja samas ka greisi t\u00fcdruk. Vahel v\u00f5ib olla natukene pirtsutav. Naerab palju. Teda pole v\u00e4ga tihti trennis n\u00e4ha, hoiab tahaplaanile.<\/p>\n<p><strong>Sandra<\/strong> \u2013 pisike vahva p\u00e4ike igas trennis. Ilusate pikkade juustega. V\u00e4ga armas ja ilus t\u00fcdruk. V\u00e4ike, aga k\u00f5va h\u00e4\u00e4lega. Ujub oma vanuste hulgas t\u00e4iega h\u00e4sti. Reeli parim s\u00f5ps. Ta on nii nunnu ja super tore. Ta on nagu mu v\u00e4ike \u00f5de. Sandrale meeldib Kalevipoja reklaam. Vahel v\u00f5ib ta olla natukene liiga kuri. Aga muidu on ta abivalmis, lahke, s\u00f5bralik, energiline, lahe ja julge t\u00fcdruk.<\/p>\n<p><strong>Mariann<\/strong> \u2013 v\u00e4ga tore ja abivalmis t\u00fcdruk, m\u00f5ni kord imelik ja v\u00f5ib solvata. Teeb pidevalt k\u00f5hukat stardist. Colgate smile.<\/p>\n<p>Sarah \u2013 tore, lahke, abivalmis ning vahva t\u00fcdruk. M\u00f5ni kord ka \u00fclbe ja natukene suure egoga. Johannaga paras paar.<\/p>\n<p><strong>Emma<\/strong> \u2013 lahe ja naljakas t\u00fcdruk, kes on ka tore, s\u00f5bralik, lahke ning abivalmis. Oskab igasuguseid h\u00e4\u00e4li teha ja naerab naljakalt. Oskab h\u00e4sti delfiini ujuda.<\/p>\n<p><strong>Elis V.<\/strong> \u2013 vaikne ja lahe t\u00fcdruk. Samas ka lahke, tore, r\u00f5\u00f5msameelne ja abivalmis.<\/p>\n<p><strong>Karmel<\/strong> \u2013 v\u00e4ga armas v\u00e4ike t\u00fcdruk. R\u00f5\u00f5msameelne, abivalmis, lahke ja s\u00f5bralik. Vahel natukene \u00fclbe ja kiuslik, aga muidu tore. V\u00e4ga hea s\u00f5ber. Nimi k\u00f5lab nagu karamell.<\/p>\n<p><strong>Karolina<\/strong> \u2013 v\u00e4ga tore, armas ja kena t\u00fcdruk. Samas ka lahe, lahke, s\u00f5bralik, r\u00f5\u00f5msameelne, abivalmis ning natukene liiga vaikne. Talle meeldib TOPis \u00f5htuti \u00f5ppida.<\/p>\n<p><strong>Johanna<\/strong> \u2013 v\u00e4ike macho. Liiga jutukas ja \u00fclbe. Kohutavalt palju energiat. Ajuvaba inimene. Vahepeal poisi iseloomuga ja siis vahepeal j\u00e4lle t\u00fcdruk. K\u00e4itumist peab veel palju \u00f5ppima.<\/p>\n<p><strong>Arlene<\/strong> \u2013 tore, lahke ja kiire t\u00fcdruk.<\/p>\n<p><strong>Martti<\/strong> \u2013 Meie klubi eeskuju ja k\u00f5ige k\u00f5vem vend. Sihikindel eesm\u00e4rkide poole p\u00fc\u00fcdleja, kes ei kohku raske t\u00f6\u00f6 ees ja naudib seda. V\u00e4ga tore, lahe, tugev, abivalmis ja ilus poiss. N\u00e4rvi ei tasu teda ajada. Poiss, kes on Annikale musi teinud. Mega hea ujuja. Euroopa Meistriv\u00f5istluste pronks, see \u00fctleb k\u00f5ik. Eesti parim konnaujuja. Ma olen uhke, et meil on selline trennikaaslane nagu Martti.<\/p>\n<p><strong>Pjotr<\/strong> \u2013 Pilvel\u00f5hkuja, kellel on tegelikult veel suurem s\u00fcda, kui v\u00e4lja n\u00e4itab. Koomik, hea muusika maitsega. Pjotr on t\u00f5sine klubihing, kes on jutukas ja lollitab palju. Jube tore hiiglane. Ta on s\u00f5bralik, r\u00f5\u00f5msameelne, alati abivalmis, tubli, usaldusv\u00e4\u00e4rne, tugev ja energiline. K\u00f5ige kiirem Eesti ujuja. Filmimeister ja muidu naljamees. Arvab, et suudab k\u00f5ike. Muidugi k\u00f5ik oleneb ka tujust. Vahel harva v\u00f5ib olla ka natukene \u00fclbe. Tal on tore pruta. Huvitub driftist ja on car race master. Kui palju p\u00e4ikest saab, siis muutub pandaks. Lahe vend, kellele meeldib trenni teha.<\/p>\n<p><strong>Kristjan J.<\/strong> \u2013 jalka\u00e4ss, kes on tark, ilus, s\u00f5bralik, tore, tugev, l\u00f5bus, m\u00f5istlik, tubli ja intelligentne. H\u00e4daolukorras suudab rahulikuks j\u00e4\u00e4da. Sellist s\u00f5pra oleks k\u00f5igil vaja, nagu selleks on Kristjan. Armas poiss, kes ujub h\u00e4sti, aga trenn on viimasel ajal kuidagi tahaplaanile j\u00e4\u00e4nud. Kristjan v\u00f5iks raskemaid alasid ujuda, kuid ei julge. Aga meie toetame sind, nii et tee proovi! Pallim\u00e4ngudes jagab alati \u201etoredaid\u201d kommentaare ehk siis muutub podisevaks babuskaks. Elus t\u00e4nu wikipedial ja goal10l. Tundub, et tal on suva. Lahe t\u00fc\u00fcp, kes teeb alati nalja ja teab palju spordist.<\/p>\n<p><strong>Herol<\/strong> \u2013 siuke lahe karvane t\u00fc\u00fcp, kes oskab k\u00f5ike kommenteerida. Kes on Heroliga s\u00f5ber, sellest ta hoolib v\u00e4ga. Teab, mis tahab, igatahes mitte ujuda. Aga ta teeb piisavalt, et end vormis hoida. Tundub, et Herol on kurb ja pettunud topikates, kuna mitte keegi TOPist ei kutsu teda kusagile. Loodame, et suudame seda \u201ehaavakest\u201d veel parandada! Tore poiss, suure s\u00fcdame ja \u00f5rna hingega.<\/p>\n<p><strong>Herman<\/strong> \u2013 tore, omap\u00e4rane ja hea huumorisoonega poiss, kes t\u00fchja juttu ei r\u00e4\u00e4gi. Temas on peidus palju varjatud andeid. Tugev geenius, kes jagab meiega oma tarkuse teri. Oskab olla suurep\u00e4rane s\u00f5ber ja oskab hoida ka saladusi. Hermanil on k\u00f5ige kohta oma arvamus. Klubi naljategija, kes teeb lolle nalju ja suudab ise samal ajal t\u00f5siseks j\u00e4\u00e4da. Tihti j\u00e4ljendab kedagi. Lahe t\u00fc\u00fcp, kellel tulevad alati huvitavad m\u00f5tted. Ujumise k\u00f5rvalt s\u00f5idab h\u00e4sti rulaga. 2 \u00e4\u00e4rmust: kas t\u00e4iega v\u00f5i \u00fcldse mitte. Herman on palju muutunud viimase aasta jooksul ja seda heas m\u00f5ttes. V\u00e4ga meeldiv inimene.<\/p>\n<p><strong>Kristofer<\/strong> \u2013 meie loki. Usaldusv\u00e4\u00e4rne, hea, hooliv, abivalmis, aus, otsekohene, julge ja s\u00f5bralik. T\u00f5eline s\u00f5ber, kes arvestab teistega. Jalka\u00e4ss, kes p\u00f5rgatab ka korvpalli h\u00e4sti. Kr\u00e4supea, justkui linnupesa sarnane. N\u00f5ges on n\u00f5ges. Poiss, kes sinuga v\u00f5ib m\u00f6liseda, aga kui vastu midagi \u00fctled, v\u00f5ib solvuda. V\u00e4ga armas poiss. Nagu oleks ingel maa peale sattunud.<\/p>\n<p><strong>Martin<\/strong> \u2013 alati positiivne ja r\u00f5\u00f5msameelne poiss. K\u00f5ige stabiilsem vend ujumise m\u00f5istes, teeb k\u00f5vasti trenni ja harva on mitte ujumise tuju. Ei ole allaandja ning ujub h\u00e4sti. Martin on v\u00e4ga tore inimene, keda huvitab autosport. T\u00e4iega s\u00f5bralik k\u00f5igiga, pole teda vist kunagi n\u00e4inud kurjana. Vahepeal r\u00e4\u00e4gib liiga palju. K\u00f5ik on palju suurem ja v\u00f5imsam kui tegelikult. Oskab alati tuju parandada.<\/p>\n<p><strong>Miko<\/strong> \u2013 Pisike musklivend, kes r\u00fchib trenni hoolega. Ujub v\u00e4ga h\u00e4sti. N\u00e4eb v\u00f5imas teiste k\u00f5rval v\u00e4lja. V\u00e4ga \u00e4ge ja v\u00e4le poiss. Mini Ott Kivikas on s\u00f5bralik, lahke, kena, tore, naljakas, energiline, tubli, julge ja lahe p\u00f5kk. Ainult, et jalgpall ei ole tema ala, \u00e4kki peaks proovima karateed.<\/p>\n<p><strong>Kert<\/strong> \u2013 it-guru, sest arvuti on elu. Otsekohene, kui laup\u00e4eval trenni ei j\u00f5ua, \u00fctleb alati ausalt, et uni oli magusam. Lahe vend, asjalik, s\u00f5bralik, tubli ujuja ja tore trennikaaslane. Meeldib rulatada. Vabandused k\u00f5igeks olemas. Teeb head huumorit.<\/p>\n<p><strong>Egert P.<\/strong> \u2013 blondiinike, kes ujub h\u00e4sti ja v\u00f5iks ujuda veel paremini, aga \u201eteeb trenni suht palju\u201d ehk trenni on v\u00e4he! Konna poiss. Egert on s\u00f5bralik, tore ja lahe vend, kes on ka natukene \u00fclbe ja m\u00f5ni kord ka lontrus. Niisama chill t\u00fc\u00fcp.<\/p>\n<p><strong>Sander \u2013<\/strong> \u00dcli super trennikaaslane, mega hooliv, m\u00f5istlik, julge, tore ja v\u00e4ga s\u00f5bralik. Hobiks on fotograafia ja ta on v\u00e4ga hea fotograaf. Ta ei \u00fctle kunagi kellelegi kurjasti.<\/p>\n<p><strong>Priidik \u2013<\/strong> P\u00e4ris lahe t\u00fc\u00fcp. Oskab h\u00e4sti p\u00e4hkliteta sokolaadi valida. Priidik ei suuda kaua vaikselt olla, nii et r\u00e4\u00e4gib liiga palju. Abivalmis ning kaastundlik. Edev, tegelikult v\u00e4ga tore ja l\u00f5bus sell. Priidikul on alati midagi vastu \u00f6elda, j\u00e4relikult tulevane kakleja klubides.<\/p>\n<p><strong>Kristjan L.<\/strong> \u2013 v\u00e4ga tore ja lahe t\u00fc\u00fcp. Vendadest k\u00f5ige m\u00f5istlikum siiamaani. Chill t\u00fc\u00fcp, kes teeb korralikult trenni. Ainuke Laid, kes liiga palju ei r\u00e4\u00e4gi. Pallim\u00e4ngud eba\u00f5nnestuvad. \u00dchesilbilised s\u00f5nad ruulivad. Hea s\u00f5ber ja pullivend.<\/p>\n<p><strong>Assar<\/strong> \u2013 muhe vend, kes satub totakatesse olukordadesse. Assar on vaikne tore poiss ja X-box\u00b4i mees 2012. Rulavend, kellel pea laiali otsas. Vahel on pika m\u00f5tlemisega, aga suudab ka kiire tegutsemisega \u00fcllatada. Assari taipamine on palju kiiremaks l\u00e4inud. Laheda olemisega t\u00fc\u00fcp, kes teab peast iga maailma spordiala ja iga sportlast. Jalgpalli kommentaator. S\u00f6\u00f6b palju ja oskab asju lahendada. S\u00f5bralik ja teeb h\u00e4sti nalja.<\/p>\n<p><strong>J\u00fcri I.<\/strong> \u2013 Tore ja lahe trennikaaslane, kellega saab alati nalja. Vahepeal natukene liiga aeglane ja uimane. Trenni ei viitsi eriti teha. Tundub tagasihoidlik ja rahulik t\u00fc\u00fcp. Korvpallis korvid ainult tulevad ja tulevad. Ta on tegelikult Jura.<\/p>\n<p><strong>Janter<\/strong> \u2013Mida jalgu!? Normaalne t\u00fc\u00fcp, aga samas ka tuim vend. Kiireim oma vanuste hulgas.<\/p>\n<p><strong>Andreas<\/strong> \u2013 normaalne poiss, kes seletab kogu aeg sellist h\u00e4sti m\u00f5testatud teksti. Trennis pingutab k\u00f5vasti.<\/p>\n<p><strong>Egert M.<\/strong> \u2013 normaalne ja tore poiss. Hea pallim\u00e4ngija.<\/p>\n<p><strong>Jordan<\/strong> \u2013 r\u00e4\u00e4gib v\u00e4ga-v\u00e4ga-v\u00e4ga palju. Ei ole eriline jooksu mees.<\/p>\n<p><strong>J\u00fcri K.<\/strong> \u2013 Lahe soeng ja t\u00f5uks on elu. L\u00e4heb kiiresti n\u00e4rvi.<\/p>\n<p><strong>Anders<\/strong> \u2013 normaalne t\u00fc\u00fcp, ainult et l\u00e4heb kiiresti n\u00e4rvi.<\/p>\n<p><strong>Jan Markus<\/strong> \u2013 v\u00e4ike v\u00e4lk, kes on hea, armas ja enesekindel poiss.<\/p>\n","protected":false},"excerpt":{"rendered":"<p>&#8230; ehk millised me oleme 2012.a. s\u00fcgisel: Annika \u2013 h\u00e4sti tore, lahe, lahke, v\u00e4ga s\u00f5bralik ja s\u00e4rava naeratusega kaunitar, kes on varsti taas Eesti t\u00fcdruk. Samuti \u00fcliilusa sixpackiga tibi, kes on hea ujuja ja trennikaaslane ning hea eeskuju teistele ujujatele. Ta ujub nii kiiresti, et meie ei saa teda k\u00e4tte. Annikal on nii kena naeratus ja ta on Marttile musi teinud. K\u00e4tlin \u2013meie klubi kaunitar seitsme maa ja mere taga. K\u00e4tlini kohta k\u00e4ivad k\u00f5ik head omaduss\u00f5nad. Ta on K\u00f5ige toredam t\u00fcdruk \u00fcldse, samuti s\u00f5bralik, abivalmis, ilus, armas, lahe, heas\u00fcdamlik, jutukas,&nbsp;<a href=\"https:\/\/www.topswimclub.ee\/en\/about-us\/children-say\/\" class=\"read-more\">Continue Reading<\/a><\/p>\n","protected":false},"author":2,"featured_media":0,"parent":2258,"menu_order":6,"comment_status":"open","ping_status":"open","template":"","meta":{"footnotes":""},"class_list":["post-2314","page","type-page","status-publish","hentry"],"_links":{"self":[{"href":"https:\/\/www.topswimclub.ee\/en\/wp-json\/wp\/v2\/pages\/2314","targetHints":{"allow":["GET"]}}],"collection":[{"href":"https:\/\/www.topswimclub.ee\/en\/wp-json\/wp\/v2\/pages"}],"about":[{"href":"https:\/\/www.topswimclub.ee\/en\/wp-json\/wp\/v2\/types\/page"}],"author":[{"embeddable":true,"href":"https:\/\/www.topswimclub.ee\/en\/wp-json\/wp\/v2\/users\/2"}],"replies":[{"embeddable":true,"href":"https:\/\/www.topswimclub.ee\/en\/wp-json\/wp\/v2\/comments?post=2314"}],"version-history":[{"count":0,"href":"https:\/\/www.topswimclub.ee\/en\/wp-json\/wp\/v2\/pages\/2314\/revisions"}],"up":[{"embeddable":true,"href":"https:\/\/www.topswimclub.ee\/en\/wp-json\/wp\/v2\/pages\/2258"}],"wp:attachment":[{"href":"https:\/\/www.topswimclub.ee\/en\/wp-json\/wp\/v2\/media?parent=2314"}],"curies":[{"name":"wp","href":"https:\/\/api.w.org\/{rel}","templated":true}]}}