{"id":2319,"date":"2012-09-14T14:22:53","date_gmt":"2012-09-14T11:22:53","guid":{"rendered":"http:\/\/www.topswimclub.ee\/?page_id=2319"},"modified":"2012-09-14T14:22:53","modified_gmt":"2012-09-14T11:22:53","slug":"parent-confirmation","status":"publish","type":"page","link":"https:\/\/www.topswimclub.ee\/en\/about-us\/parent-confirmation\/","title":{"rendered":"Parent confirmation"},"content":{"rendered":"<p><strong>M\u00c4\u00c4RA ENDA V\u00d5I OMA LAPSE SPORDIKLUBI SIIN!<\/strong><\/p>\n<p><span style=\"color: #ff0000;\">NB! Kinnitust 2011. aasta sporditegevuse toetuse m\u00e4\u00e4ramiseks saab teha kuni 01.12.2010.<\/span><\/p>\n<p>S\u00fcsteem avatakse uuesti p\u00e4rast spordiklubide v\u00f5i -koolidega lepingu s\u00f5lmimist (jaanuar-veebruar) ning uus kinnitus tuleb teha juhul kui harrastaja vahetab spordiklubi ja asendatakse sealt \u00e4ral\u00e4inud pearaha saajaga.<\/p>\n<p><span style=\"text-decoration: underline;\">Kinnitus tuleb t\u00fchistada, kui harrastaja spordiklubist lahkub.<\/span><\/p>\n<p>Lapse\/harrastaja elektrooniline autentimine l\u00e4bi riigiportaali p\u00e4ringute s\u00fcsteemi:<\/p>\n<p>Teov\u00f5imeline harrastaja v\u00f5i harrastaja seaduslik esindaja (\u00fcldjuhul lapsevanem) peab l\u00e4bi riigiportaali <a href=\"https:\/\/www.eesti.ee\/\" target=\"_blank\">https:\/\/www.eesti.ee<\/a>\/ elektrooniliselt kinnitama, millisele spordiklubile v\u00f5i -koolile sporditegevuse toetus eraldatakse. Kinnituse peab tegema ka juhul kui harrastaja on lisatud ainult \u00fche spordiklubi v\u00f5i -kooli nimekirja.<\/p>\n<p>Otsetee riigiportaali p\u00e4ringute s\u00fcsteemi:<\/p>\n<p>LAPSEVANEM, <a href=\"https:\/\/www.eesti.ee\/portaal\/!xteeportal.p_teenuse_kasutamine?teenus=tlnpai-complex.SportivadLapsed.v1\" target=\"_blank\">SISENE SIIT<\/a> (lapse\/harrastaja seaduslik esindaja)<\/p>\n<p>HARRASTAJA, <a href=\"https:\/\/www.eesti.ee\/portaal\/!xteeportal.p_teenuse_kasutamine?teenus=tlnpai-complex.MinuSpordiklubid.v1\" target=\"_blank\">SISENE SIIT<\/a> (\u00fcldjuhul t\u00e4isealine harrastaja)<\/p>\n","protected":false},"excerpt":{"rendered":"<p>M\u00c4\u00c4RA ENDA V\u00d5I OMA LAPSE SPORDIKLUBI SIIN! NB! Kinnitust 2011. aasta sporditegevuse toetuse m\u00e4\u00e4ramiseks saab teha kuni 01.12.2010. S\u00fcsteem avatakse uuesti p\u00e4rast spordiklubide v\u00f5i -koolidega lepingu s\u00f5lmimist (jaanuar-veebruar) ning uus kinnitus tuleb teha juhul kui harrastaja vahetab spordiklubi ja asendatakse sealt \u00e4ral\u00e4inud pearaha saajaga. Kinnitus tuleb t\u00fchistada, kui harrastaja spordiklubist lahkub. Lapse\/harrastaja elektrooniline autentimine l\u00e4bi riigiportaali p\u00e4ringute s\u00fcsteemi: Teov\u00f5imeline harrastaja v\u00f5i harrastaja seaduslik esindaja (\u00fcldjuhul lapsevanem) peab l\u00e4bi riigiportaali https:\/\/www.eesti.ee\/ elektrooniliselt kinnitama, millisele spordiklubile v\u00f5i -koolile sporditegevuse toetus eraldatakse. Kinnituse peab tegema ka juhul kui harrastaja on lisatud ainult \u00fche&nbsp;<a href=\"https:\/\/www.topswimclub.ee\/en\/about-us\/parent-confirmation\/\" class=\"read-more\">Continue Reading<\/a><\/p>\n","protected":false},"author":2,"featured_media":0,"parent":2258,"menu_order":8,"comment_status":"closed","ping_status":"open","template":"","meta":{"footnotes":""},"class_list":["post-2319","page","type-page","status-publish","hentry"],"_links":{"self":[{"href":"https:\/\/www.topswimclub.ee\/en\/wp-json\/wp\/v2\/pages\/2319","targetHints":{"allow":["GET"]}}],"collection":[{"href":"https:\/\/www.topswimclub.ee\/en\/wp-json\/wp\/v2\/pages"}],"about":[{"href":"https:\/\/www.topswimclub.ee\/en\/wp-json\/wp\/v2\/types\/page"}],"author":[{"embeddable":true,"href":"https:\/\/www.topswimclub.ee\/en\/wp-json\/wp\/v2\/users\/2"}],"replies":[{"embeddable":true,"href":"https:\/\/www.topswimclub.ee\/en\/wp-json\/wp\/v2\/comments?post=2319"}],"version-history":[{"count":0,"href":"https:\/\/www.topswimclub.ee\/en\/wp-json\/wp\/v2\/pages\/2319\/revisions"}],"up":[{"embeddable":true,"href":"https:\/\/www.topswimclub.ee\/en\/wp-json\/wp\/v2\/pages\/2258"}],"wp:attachment":[{"href":"https:\/\/www.topswimclub.ee\/en\/wp-json\/wp\/v2\/media?parent=2319"}],"curies":[{"name":"wp","href":"https:\/\/api.w.org\/{rel}","templated":true}]}}