{"id":2352,"date":"2012-09-14T14:43:43","date_gmt":"2012-09-14T11:43:43","guid":{"rendered":"http:\/\/www.topswimclub.ee\/?page_id=2352"},"modified":"2012-09-14T14:43:43","modified_gmt":"2012-09-14T11:43:43","slug":"tuition","status":"publish","type":"page","link":"https:\/\/www.topswimclub.ee\/en\/trainings\/tuition\/","title":{"rendered":"Tuition"},"content":{"rendered":"<p>Augustis 2008.a loodi TOPi Ujumisklubi juurde\u00a0TOPi Ujumiskool.<\/p>\n<p>TOPi Ujumiskooli\u00a0 2012\/13 hooaja\u00a0baas\u00f5ppemaks on\u00a0\u00a0 <strong>45 EUR kuus<\/strong>. \u00d5ppemaks sisaldab treeninguid vastavalt \u00f5ppuri tasemele ning \u00f5ppeplaanile klubi p\u00f5hibaasides.<\/p>\n<p>\u00d5ppemaksu\u00a0palume tasuda TOPi Ujumisklubi arveldusarvele\u00a0<span style=\"text-decoration: underline;\">jooksva kuu\u00a015. kuup\u00e4evaks<\/span>.<br \/>\n<strong><\/strong><\/p>\n<table width=\"35%\" border=\"0\">\n<tbody>\n<tr>\n<td><span style=\"color: #0092b7;\"><strong>Saaja nimi<\/strong><\/span><\/td>\n<td><strong>TOPi Ujumisklubi<\/strong><\/td>\n<\/tr>\n<tr>\n<td><span style=\"color: #0092b7;\"><strong>Saaja konto<\/strong><\/span><\/td>\n<td><strong>221002107476\u00a0<\/strong><\/td>\n<\/tr>\n<tr>\n<td><span style=\"color: #0092b7;\"><strong>Summa<\/strong><\/span><\/td>\n<td><strong>45.00\u20ac<\/strong><\/td>\n<\/tr>\n<tr>\n<td><span style=\"color: #0092b7;\"><strong>Selgitus<\/strong><\/span><\/td>\n<td><strong>Lapse nimi, treener, kuu*<\/strong><\/td>\n<\/tr>\n<\/tbody>\n<\/table>\n<p><strong><br \/>\n* <\/strong><em>Kuu mille eest liikmemaksu tasutakse.<strong><br \/>\n<\/strong><\/em><\/p>\n<p>Lapse pikemal puudumisel haiguse t\u00f5ttu palume sellest teatada treenerile Emaili v\u00f5i telefoni teel.<\/p>\n<p>Tasutud \u00f5ppemaks on k\u00e4sitletav tulumaksu seaduse m\u00f5istes koolituskuluna, millest kuulub tagastamisele 21% TM ( alates 28. august 2008).<\/p>\n<p>Koolituskulu t\u00f5endamine:<br \/>\nMaksu- ja Tolliamet saab koolituskulude tasumise kohta infot otse haridusasutustelt. Koolidelt saadud info alusel kantakse andmed koolituskulu tasunud inimese eelt\u00e4idetud tuludeklaratsioonile. Seet\u00f5ttu on oluline, et koolile oleks teada koolituskulu tasunud isiku andmed (nimi ja isikukood).Kui isik ei maksa enda, vaid teise isiku koolituskulude eest, siis soovitame, et makse teostaks ikkagi see isik, kes neid kulutusi hiljem ka deklareerib. N\u00e4iteks juhtudel, kui tasutakse koolituskulu oma alaealiste laste v\u00f5i alla 26 aastase, tulu mittesaava isiku eest. Vastasel juhul ei ole v\u00f5imalik tagantj\u00e4rgi t\u00f5endada, kes tegelikult koolituskulu tegi.\u00a0Tuleb arvestada sellega, et maksustatavast tulust ei tehta mahaarvamisi piiramatult. Tasutud koolituskulu, kingitusi, annetusi ning ameti\u00fchingu sisseastumis- ja liikmemakse ning eluasemelaenu intressi kogusummat ei v\u00f5eta arvesse rohkem, kui 50 000 krooni maksumaksja kohta ega rohkem kui 50% ulatuses maksumaksja tulust.<\/p>\n<p>Allikas: Maksu- ja Tolliamet<\/p>\n","protected":false},"excerpt":{"rendered":"<p>Augustis 2008.a loodi TOPi Ujumisklubi juurde\u00a0TOPi Ujumiskool. TOPi Ujumiskooli\u00a0 2012\/13 hooaja\u00a0baas\u00f5ppemaks on\u00a0\u00a0 45 EUR kuus. \u00d5ppemaks sisaldab treeninguid vastavalt \u00f5ppuri tasemele ning \u00f5ppeplaanile klubi p\u00f5hibaasides. \u00d5ppemaksu\u00a0palume tasuda TOPi Ujumisklubi arveldusarvele\u00a0jooksva kuu\u00a015. kuup\u00e4evaks. Saaja nimi TOPi Ujumisklubi Saaja konto 221002107476\u00a0 Summa 45.00\u20ac Selgitus Lapse nimi, treener, kuu* * Kuu mille eest liikmemaksu tasutakse. Lapse pikemal puudumisel haiguse t\u00f5ttu palume sellest teatada treenerile Emaili v\u00f5i telefoni teel. Tasutud \u00f5ppemaks on k\u00e4sitletav tulumaksu seaduse m\u00f5istes koolituskuluna, millest kuulub tagastamisele 21% TM ( alates 28. august 2008). Koolituskulu t\u00f5endamine: Maksu- ja Tolliamet saab koolituskulude&nbsp;<a href=\"https:\/\/www.topswimclub.ee\/en\/trainings\/tuition\/\" class=\"read-more\">Continue Reading<\/a><\/p>\n","protected":false},"author":2,"featured_media":0,"parent":2341,"menu_order":4,"comment_status":"open","ping_status":"open","template":"","meta":{"footnotes":""},"class_list":["post-2352","page","type-page","status-publish","hentry"],"_links":{"self":[{"href":"https:\/\/www.topswimclub.ee\/en\/wp-json\/wp\/v2\/pages\/2352","targetHints":{"allow":["GET"]}}],"collection":[{"href":"https:\/\/www.topswimclub.ee\/en\/wp-json\/wp\/v2\/pages"}],"about":[{"href":"https:\/\/www.topswimclub.ee\/en\/wp-json\/wp\/v2\/types\/page"}],"author":[{"embeddable":true,"href":"https:\/\/www.topswimclub.ee\/en\/wp-json\/wp\/v2\/users\/2"}],"replies":[{"embeddable":true,"href":"https:\/\/www.topswimclub.ee\/en\/wp-json\/wp\/v2\/comments?post=2352"}],"version-history":[{"count":0,"href":"https:\/\/www.topswimclub.ee\/en\/wp-json\/wp\/v2\/pages\/2352\/revisions"}],"up":[{"embeddable":true,"href":"https:\/\/www.topswimclub.ee\/en\/wp-json\/wp\/v2\/pages\/2341"}],"wp:attachment":[{"href":"https:\/\/www.topswimclub.ee\/en\/wp-json\/wp\/v2\/media?parent=2352"}],"curies":[{"name":"wp","href":"https:\/\/api.w.org\/{rel}","templated":true}]}}