{"id":2364,"date":"2012-09-14T14:47:04","date_gmt":"2012-09-14T11:47:04","guid":{"rendered":"http:\/\/www.topswimclub.ee\/?page_id=2364"},"modified":"2012-09-14T14:47:04","modified_gmt":"2012-09-14T11:47:04","slug":"groups","status":"publish","type":"page","link":"https:\/\/www.topswimclub.ee\/en\/swimming-courses\/groups\/","title":{"rendered":"Groups"},"content":{"rendered":"<p><strong>Lugupeetud lapsevanemad!<\/strong><\/p>\n<p><strong>Ootame Teie v\u00f5sukesi ujumisoskust omandama. Kursused toimuvad v\u00e4ikeste vaheaegadega l\u00e4bi aasta ja seda k\u00f5ik selleks, et laps saaks pikaajalise ujumiskogemuse ning karastuks.<\/strong><\/p>\n<p>Samuti v\u00f5tame\u00a0 aastaringselt juurde uusi algajaid ja oskajaid &#8211; k\u00f5ik on teretulnud!<\/p>\n<p>K\u00fcsimuste tekkimisel helistage vastava kursuse treenerile v\u00f5i Heidi Kaasikule\u00a0 +372 52 11582<\/p>\n<p><a href=\"https:\/\/www.topswimclub.ee\/treeningud\/oppemaks\/\">\u00d5ppemaks<\/a><\/p>\n<p><strong>LP. LAPSEVANEMAD!\u00a0<\/strong><strong>KURSUSE TUNDE EI TOIMU\u00a0 RIIKLIKE\u00a0 P\u00dcHADE\u00a0 AJAL.<\/strong><\/p>\n<hr style=\"width: 100%;\" width=\"100%\" \/>\n<h4><strong>Kursus I, vanus 5-7 eluaastat \u00a0 \u00a0 \u00a0 \u00a0<\/strong><\/h4>\n<p>Algajad<\/p>\n<p>Pirita TOP SPA ujula , lastebassein<\/p>\n<p>E,K kell 16.45 , 03.september &#8211; 17.oktoober\u00a0 2012.a. ( 14 tundi)<\/p>\n<p>Kursuste maksumus 84 EURi<\/p>\n<p>Treener: Grete \u00d5un\u00a0\u00a0\u00a0 \u00a0 \u00a0 \u00a0 \u00a0\u00a0 +372 53 038852<\/p>\n<p><span style=\"color: #ff0000;\"><strong>NB!<\/strong><\/span> Kursused toimuvad l\u00e4bi hooaja:<\/p>\n<p>II-osa\u00a0 29.oktoober-19.detsember 2012.a. ;<br \/>\nIII- osa\u00a0 07.jaanuar- 13.m\u00e4rts\u00a02013.a. ;<br \/>\nIV -osa\u00a0 25.m\u00e4rts &#8211; 29.mai 2013.a.<\/p>\n<p><a href=\"https:\/\/www.topswimclub.ee\/treeningud\/registreerimine\/?kursus=Alg\u00f5petuse kurusus I - E,K 17:45\">Registreeri kursusele\u00a0<\/a><br \/>\n<a href=\"https:\/\/www.topswimclub.ee\/wp-content\/uploads\/2012\/09\/Avalduse-blankett.pdf\" target=\"_blank\"> Avaldus PDF<\/a> (t\u00e4idetud avalduse palume saata <a href=\"mailto:info@topswimclub.ee\">info@topswimclub.ee<\/a> v\u00f5i tuua kohapeale)<\/p>\n<hr style=\"width: 100%;\" width=\"100%\" \/>\n<h4><strong>K<\/strong><strong>ursus II, vanus 5 &#8211; 7 eluaastat<\/strong><\/h4>\n<p><strong>Vabandame kursus komplekteeritud &#8211; vabu kohti ei ole!<\/strong><\/p>\n<p>Algajad<\/p>\n<p>Pirita TOP SPA\u00a0 ujula, lastebassein<\/p>\n<p>E, K kell 17.45,\u00a0 03.september &#8211; 17.oktoober\u00a0 2012.a. \u00a0 (14 tundi)<\/p>\n<p>Kursuse maksumus 84 EURi<\/p>\n<p>Treener: Grete \u00d5un\u00a0\u00a0\u00a0\u00a0\u00a0\u00a0 +372 53 038852<\/p>\n<p><span style=\"color: #ff0000;\"><strong>NB!<\/strong><\/span> Kursused toimuvad l\u00e4bi hooaja:<\/p>\n<p>29.oktoober &#8211; 19.detsember 2012.a. ;<br \/>\nIII &#8211; osa\u00a0 07.jaanuar- 13.m\u00e4rts\u00a02013.a. ;<br \/>\nIV &#8211; osa\u00a0 25.m\u00e4rts- 29.mai 2013.a.<\/p>\n<p><a href=\"https:\/\/www.topswimclub.ee\/treeningud\/registreerimine\/?kursus=Alg\u00f5petuse kurusus I - E,K 17:45https:\/\/www.topswimclub.ee\/treeningud\/registreerimine\/?kursus=Alg\u00f5petuse kurusus II - E,K 17:45\">Registreeri kursusele\u00a0<\/a><br \/>\n<a href=\"https:\/\/www.topswimclub.ee\/wp-content\/uploads\/2012\/09\/Avalduse-blankett.pdf\" target=\"_blank\"> Avaldus PDF<\/a> (t\u00e4idetud avalduse palume saata <a href=\"mailto:info@topswimclub.ee\">info@topswimclub.ee<\/a> v\u00f5i tuua kohapeale)<\/p>\n<hr style=\"width: 100%;\" width=\"100%\" \/>\n<h4><strong>Kursus III, vanus 5-8 eluaastat \u00a0\u00a0<\/strong><\/h4>\n<p>Edasij\u00f5udnud<\/p>\n<p>Pirita TOP SPA\u00a0 ujula,suur bassein<\/p>\n<p>E,K\u00a0 kell 18.45,\u00a0 3.september &#8211; 17.oktoober\u00a0 2012.a. ( 14 tundi)<\/p>\n<p>Kursuse maksumus\u00a0 84 EURi<\/p>\n<p>Treener: Grete \u00d5un\u00a0\u00a0 +372 53 038852<\/p>\n<p><span style=\"color: #ff0000;\"><strong>NB!<\/strong><\/span> Kursused toimuvad l\u00e4bi hooaja:<\/p>\n<p>II &#8211; osa\u00a0 29.oktoober &#8211; 19.detsember 2012.a. ;<br \/>\nIII &#8211; osa\u00a0 07.jaanuar- 13.m\u00e4rts\u00a02013.a. ;<br \/>\nIV &#8211; osa\u00a0 25.m\u00e4rts &#8211; 29.mai 2013.a.<\/p>\n<p><a href=\"https:\/\/www.topswimclub.ee\/treeningud\/registreerimine\/?kursus=Edasij\u00f5udnud III - E,K 18:45\">Registreeri kursusele\u00a0<\/a><br \/>\n<a href=\"https:\/\/www.topswimclub.ee\/wp-content\/uploads\/2012\/09\/Avalduse-blankett.pdf\" target=\"_blank\"> Avaldus PDF<\/a> (t\u00e4idetud avalduse palume saata <a href=\"mailto:info@topswimclub.ee\">info@topswimclub.ee<\/a> v\u00f5i tuua kohapeale)<\/p>\n<hr style=\"width: 100%;\" width=\"100%\" \/>\n<h4><strong>Kursus IV, vanus 5 &#8211; 7 eluaastat \u00a0 \u00a0 \u00a0<\/strong><\/h4>\n<p><strong>NB! Tund avatakse vaid grupi t\u00e4itumise korral.<\/strong><\/p>\n<p>Algajad<\/p>\n<p>Pirita TOP SPA\u00a0 ujula , lastebassein<\/p>\n<p>T,N\u00a0 kell 16.45\u00a0 04.september &#8211; 18.oktoober 2012\u00a0 ( 14 tundi)<\/p>\n<p>Kursuse maksumus\u00a0 84 EURi<\/p>\n<p>Treener Grete \u00d5un\u00a0 +372 53 038852<\/p>\n<p><span style=\"color: #ff0000;\"><strong>NB!<\/strong><\/span>\u00a0 Kursused toimuvad \u00e4bi hooaja:<\/p>\n<p>II &#8211; osa\u00a0 30.oktoober-20.detsember 2012.a.;<br \/>\nIII-osa 08.jaanuar- 14.m\u00e4rts\u00a02013.a. ;<br \/>\nIV &#8211; osa 26.m\u00e4rts &#8211; 30.mai 2013.a.<\/p>\n<p><a href=\"https:\/\/www.topswimclub.ee\/treeningud\/registreerimine\/?kursus=Alg\u00f5petuse kurusus IV - T,N 16:45\">Registreeri kursusele\u00a0<\/a><br \/>\n<a href=\"https:\/\/www.topswimclub.ee\/wp-content\/uploads\/2012\/09\/Avalduse-blankett.pdf\" target=\"_blank\"> Avaldus PDF<\/a> (t\u00e4idetud avalduse palume saata <a href=\"mailto:info@topswimclub.ee\">info@topswimclub.ee<\/a> v\u00f5i tuua kohapeale)<\/p>\n<hr style=\"width: 100%;\" width=\"100%\" \/>\n<h4><strong>Kursus V, vanus 5-8 eluaastat<\/strong><\/h4>\n<p>Edasij\u00f5udnud<\/p>\n<p>Pirita TOP SPA\u00a0 ujula, suur bassein<\/p>\n<p>T,N kell 17.45\u00a0 , 04.september &#8211; 18.oktoober\u00a0 \u00a0 \u00a0 2012.a.\u00a0 ( 14 tundi)<\/p>\n<p>Kursuse maksumus\u00a0 84 EURi<\/p>\n<p>Treener:Grete \u00d5un\u00a0 +372 53 038852<\/p>\n<p><strong>NB!<\/strong> Kursused toimuvad l\u00e4bi hooaja:<\/p>\n<p>II-osa\u00a0 30.oktoober &#8211; 20.detsember 2012.a. ;<br \/>\nIII-osa 08.jaanuar- 14.m\u00e4rts\u00a02013.a. ;<br \/>\nIV -osa\u00a0 26.m\u00e4rts &#8211; 30.mai\u00a0 2013.a.<\/p>\n<p><a href=\"https:\/\/www.topswimclub.ee\/treeningud\/registreerimine\/?kursus=Edasij\u00f5udnud V - T,N 17:45\">Registreeri kursusele\u00a0<\/a><br \/>\n<a href=\"https:\/\/www.topswimclub.ee\/wp-content\/uploads\/2012\/09\/Avalduse-blankett.pdf\" target=\"_blank\"> Avaldus PDF<\/a> (t\u00e4idetud avalduse palume saata <a href=\"mailto:info@topswimclub.ee\">info@topswimclub.ee<\/a> v\u00f5i tuua kohapeale)<\/p>\n<hr style=\"width: 100%;\" width=\"100%\" \/>\n<h4><strong>Kursus VI, vanus 5-7 eluaastat\u00a0<\/strong><\/h4>\n<p>Algajad<\/p>\n<p>Pirita TOP SPA\u00a0 ujula, lastebassein<\/p>\n<p>T,N\u00a0 kell 18.45 , 04.september -18.oktoober\u00a0 2012.a. ( 14.tundi)<\/p>\n<p>Kursuse maksumus\u00a0 84 EURi<\/p>\n<p>Treener : Grete \u00d5un\u00a0\u00a0\u00a0\u00a0 +372 53 03 8852<\/p>\n<p><span style=\"color: #ff0000;\"><strong>NB!<\/strong><\/span> Kursused toimuvad l\u00e4bi hooaja:<\/p>\n<p>II- osa\u00a0 30.oktoober &#8211; 20.detsember 2012.a. ;<br \/>\nIII- osa 08.jaanuar &#8211; 14.m\u00e4rts\u00a02013.a. ;<br \/>\nIV -osa\u00a0 26.m\u00e4rts &#8211; 30.mai 2013.a.<\/p>\n<p><a href=\"https:\/\/www.topswimclub.ee\/treeningud\/registreerimine\/?kursus=Alg\u00f5petuse kurusus VI - T,N 18:45\">Registreeri kursusele\u00a0<\/a><br \/>\n<a href=\"https:\/\/www.topswimclub.ee\/wp-content\/uploads\/2012\/09\/Avalduse-blankett.pdf\" target=\"_blank\"> Avaldus PDF<\/a> (t\u00e4idetud avalduse palume saata <a href=\"mailto:info@topswimclub.ee\">info@topswimclub.ee<\/a> v\u00f5i tuua kohapeale)<\/p>\n<hr style=\"width: 100%;\" width=\"100%\" \/>\n<h4><strong>Kursus VII, vanus 5-7 eluaastat<\/strong><\/h4>\n<p>Algajad<\/p>\n<p>Pirita TOP SPA ujula, lastebassein<\/p>\n<p>E,K kell 19.00 \u00a0 03.september -17.oktoober 2012.a.\u00a0 ( 14 tundi)<\/p>\n<p>Kursuse maksumus 84 EURi<\/p>\n<p>Treener : Raily Maalust\u00a0 +372 53 029525<\/p>\n<p><span style=\"color: #ff0000;\"><strong>NB!<\/strong><\/span> Kursused toimuvad l\u00e4bi hooaja:<\/p>\n<p>II- osa 29.oktoober &#8211; 19.detsember 2012.a. ;<br \/>\nIII- osa 07.jaanuar &#8211; 13.m\u00e4rts\u00a02013.a. ;<br \/>\nIV &#8211; osa\u00a0 25.m\u00e4rts &#8211; 29.mai 2013.a.<\/p>\n<p><a href=\"https:\/\/www.topswimclub.ee\/treeningud\/registreerimine\/?kursus=Alg\u00f5petus VII - E,K 19:00\">Registreeri kursusele\u00a0<\/a><br \/>\n<a href=\"https:\/\/www.topswimclub.ee\/wp-content\/uploads\/2012\/09\/Avalduse-blankett.pdf\" target=\"_blank\"> Avaldus PDF<\/a> (t\u00e4idetud avalduse palume saata <a href=\"mailto:info@topswimclub.ee\">info@topswimclub.ee<\/a> v\u00f5i tuua kohapeale)<\/p>\n<hr style=\"width: 100%;\" width=\"100%\" \/>\n<h4><strong>Kursus VIII, vanus 5-7 eluaastat<\/strong><\/h4>\n<p>Algajad<\/p>\n<p>Pirita TOP SPA ujula, lastebassein<\/p>\n<p>NB! Tund 1x n\u00e4dalas\u00a0 R\u00a0 17.00 \u00a0\u00a0 14.september &#8211;\u00a0 19.oktoober 2012.a.\u00a0 ( 6 tundi)<\/p>\n<p>Kursuse maksumus 36 EURi<\/p>\n<p>Treenerid: Triin J\u00fcrisoo ja Grete \u00d5un<\/p>\n<p><span style=\"color: #ff0000;\"><strong>NB!<\/strong><\/span> Tunnid toimuvad l\u00e4bi hooaja:<\/p>\n<p>II- osa\u00a0 02.november &#8211; 21.detsember 2012.a. ;<br \/>\nIII- osa\u00a0 11.jaanuar- 15.m\u00e4rts\u00a02013.a. ;<br \/>\nIV &#8211; osa\u00a0 05.aprill- 31.mai 2013.a.<\/p>\n<p><a href=\"https:\/\/www.topswimclub.ee\/treeningud\/registreerimine\/?kursus=Alg\u00f5petus VIII - R 17:00\">Registreeri kursusele\u00a0<\/a><br \/>\n<a href=\"https:\/\/www.topswimclub.ee\/wp-content\/uploads\/2012\/09\/Avalduse-blankett.pdf\" target=\"_blank\"> Avaldus PDF<\/a> (t\u00e4idetud avalduse palume saata <a href=\"mailto:info@topswimclub.ee\">info@topswimclub.ee<\/a> v\u00f5i tuua kohapeale)<\/p>\n","protected":false},"excerpt":{"rendered":"<p>Lugupeetud lapsevanemad! Ootame Teie v\u00f5sukesi ujumisoskust omandama. Kursused toimuvad v\u00e4ikeste vaheaegadega l\u00e4bi aasta ja seda k\u00f5ik selleks, et laps saaks pikaajalise ujumiskogemuse ning karastuks. Samuti v\u00f5tame\u00a0 aastaringselt juurde uusi algajaid ja oskajaid &#8211; k\u00f5ik on teretulnud! K\u00fcsimuste tekkimisel helistage vastava kursuse treenerile v\u00f5i Heidi Kaasikule\u00a0 +372 52 11582 \u00d5ppemaks LP. LAPSEVANEMAD!\u00a0KURSUSE TUNDE EI TOIMU\u00a0 RIIKLIKE\u00a0 P\u00dcHADE\u00a0 AJAL. Kursus I, vanus 5-7 eluaastat \u00a0 \u00a0 \u00a0 \u00a0 Algajad Pirita TOP SPA ujula , lastebassein E,K kell 16.45 , 03.september &#8211; 17.oktoober\u00a0 2012.a. ( 14 tundi) Kursuste maksumus 84 EURi Treener: Grete&nbsp;<a href=\"https:\/\/www.topswimclub.ee\/en\/swimming-courses\/groups\/\" class=\"read-more\">Continue Reading<\/a><\/p>\n","protected":false},"author":2,"featured_media":0,"parent":2360,"menu_order":0,"comment_status":"open","ping_status":"open","template":"","meta":{"footnotes":""},"class_list":["post-2364","page","type-page","status-publish","hentry"],"_links":{"self":[{"href":"https:\/\/www.topswimclub.ee\/en\/wp-json\/wp\/v2\/pages\/2364","targetHints":{"allow":["GET"]}}],"collection":[{"href":"https:\/\/www.topswimclub.ee\/en\/wp-json\/wp\/v2\/pages"}],"about":[{"href":"https:\/\/www.topswimclub.ee\/en\/wp-json\/wp\/v2\/types\/page"}],"author":[{"embeddable":true,"href":"https:\/\/www.topswimclub.ee\/en\/wp-json\/wp\/v2\/users\/2"}],"replies":[{"embeddable":true,"href":"https:\/\/www.topswimclub.ee\/en\/wp-json\/wp\/v2\/comments?post=2364"}],"version-history":[{"count":0,"href":"https:\/\/www.topswimclub.ee\/en\/wp-json\/wp\/v2\/pages\/2364\/revisions"}],"up":[{"embeddable":true,"href":"https:\/\/www.topswimclub.ee\/en\/wp-json\/wp\/v2\/pages\/2360"}],"wp:attachment":[{"href":"https:\/\/www.topswimclub.ee\/en\/wp-json\/wp\/v2\/media?parent=2364"}],"curies":[{"name":"wp","href":"https:\/\/api.w.org\/{rel}","templated":true}]}}