{"id":2366,"date":"2012-09-14T14:47:21","date_gmt":"2012-09-14T11:47:21","guid":{"rendered":"http:\/\/www.topswimclub.ee\/?page_id=2366"},"modified":"2012-09-14T14:47:21","modified_gmt":"2012-09-14T11:47:21","slug":"registration","status":"publish","type":"page","link":"https:\/\/www.topswimclub.ee\/en\/swimming-courses\/registration\/","title":{"rendered":"Registration"},"content":{"rendered":"\n<div class=\"wpcf7 no-js\" id=\"wpcf7-f1227-o1\" lang=\"en-US\" dir=\"ltr\" data-wpcf7-id=\"1227\">\n<div class=\"screen-reader-response\"><p role=\"status\" aria-live=\"polite\" aria-atomic=\"true\"><\/p> <ul><\/ul><\/div>\n<form action=\"\/en\/wp-json\/wp\/v2\/pages\/2366#wpcf7-f1227-o1\" method=\"post\" class=\"wpcf7-form init\" aria-label=\"Contact form\" novalidate=\"novalidate\" data-status=\"init\">\n<fieldset class=\"hidden-fields-container\"><input type=\"hidden\" name=\"_wpcf7\" value=\"1227\" \/><input type=\"hidden\" name=\"_wpcf7_version\" value=\"6.1.5\" \/><input type=\"hidden\" name=\"_wpcf7_locale\" value=\"en_US\" \/><input type=\"hidden\" name=\"_wpcf7_unit_tag\" value=\"wpcf7-f1227-o1\" \/><input type=\"hidden\" name=\"_wpcf7_container_post\" value=\"0\" \/><input type=\"hidden\" name=\"_wpcf7_posted_data_hash\" value=\"\" \/><input type=\"hidden\" name=\"_wpcf7_recaptcha_response\" value=\"\" \/>\n<\/fieldset>\n<p>Eesnimi\n<\/p>\n<p><span class=\"wpcf7-form-control-wrap\" data-name=\"your-name\"><input size=\"40\" maxlength=\"400\" class=\"wpcf7-form-control wpcf7-text wpcf7-validates-as-required\" aria-required=\"true\" aria-invalid=\"false\" value=\"\" type=\"text\" name=\"your-name\" \/><\/span>\n<\/p>\n<p>Perekonnanimi\n<\/p>\n<p><span class=\"wpcf7-form-control-wrap\" data-name=\"text-131\"><input size=\"40\" maxlength=\"400\" class=\"wpcf7-form-control wpcf7-text wpcf7-validates-as-required\" aria-required=\"true\" aria-invalid=\"false\" value=\"\" type=\"text\" name=\"text-131\" \/><\/span>\n<\/p>\n<p>Isikukood\n<\/p>\n<p><span class=\"wpcf7-form-control-wrap\" data-name=\"text-943\"><input size=\"40\" maxlength=\"400\" class=\"wpcf7-form-control wpcf7-text wpcf7-validates-as-required\" aria-required=\"true\" aria-invalid=\"false\" value=\"\" type=\"text\" name=\"text-943\" \/><\/span>\n<\/p>\n<p>Kursus\n<\/p>\n<p><span class=\"wpcf7-form-control-wrap\" data-name=\"menu-340\"><select class=\"wpcf7-form-control wpcf7-select wpcf7-validates-as-required\" id=\"kursus\" aria-required=\"true\" aria-invalid=\"false\" name=\"menu-340\"><option value=\"\">&#8212;Please choose an option&#8212;<\/option><option value=\"Kursus I - E,K 17:30\">Kursus I - E,K 17:30<\/option><option value=\"Kursus II - R 17:30\">Kursus II - R 17:30<\/option><\/select><\/span>\n<\/p>\n<p>Lapsevanema E-post\n<\/p>\n<p><span class=\"wpcf7-form-control-wrap\" data-name=\"your-email\"><input size=\"40\" maxlength=\"400\" class=\"wpcf7-form-control wpcf7-email wpcf7-validates-as-required wpcf7-text wpcf7-validates-as-email\" aria-required=\"true\" aria-invalid=\"false\" value=\"\" type=\"email\" name=\"your-email\" \/><\/span>\n<\/p>\n<p>Lapsevanema telefon\n<\/p>\n<p><span class=\"wpcf7-form-control-wrap\" data-name=\"text-822\"><input size=\"40\" maxlength=\"400\" class=\"wpcf7-form-control wpcf7-text wpcf7-validates-as-required\" aria-required=\"true\" aria-invalid=\"false\" value=\"\" type=\"text\" name=\"text-822\" \/><\/span>\n<\/p>\n<p><span class=\"wpcf7-form-control-wrap\" data-name=\"acceptance-957\"><span class=\"wpcf7-form-control wpcf7-acceptance optional\"><span class=\"wpcf7-list-item\"><label><input type=\"checkbox\" name=\"acceptance-957\" value=\"1\" aria-invalid=\"false\" \/><span class=\"wpcf7-list-item-label\">Kinnitan, et olen l\u00e4bi lugenud ja m\u00f5istnud kodulehel kehtivaid makse- ja teavitustingimusi ning n\u00f5ustun neid t\u00e4itma.<\/span><\/label><\/span><\/span><\/span>\n<\/p>\n<p><input class=\"wpcf7-form-control wpcf7-submit has-spinner\" type=\"submit\" value=\"Registreeri\" \/>\n<\/p>\n<p><script>\nfunction getUrlVars() {\n var map = {};\n var parts = window.location.href.replace(\/[?&]+([^=&]+)=([^&]*)\/gi, function(m,key,value) {\n map[key] = value;\n });\n return map;\n}\nfunction SetKursus() {\n var el = document.getElementById('kursus');\n var vars = getUrlVars();\n if(el && vars) {\n el.selectedIndex = parseInt(vars['kursus']);\n }\n}\nSetKursus();\n<\/script>\n<\/p><div class=\"wpcf7-response-output\" aria-hidden=\"true\"><\/div>\n<\/form>\n<\/div>\n\n","protected":false},"excerpt":{"rendered":"","protected":false},"author":2,"featured_media":0,"parent":2360,"menu_order":1,"comment_status":"open","ping_status":"closed","template":"","meta":{"footnotes":""},"class_list":["post-2366","page","type-page","status-publish","hentry"],"_links":{"self":[{"href":"https:\/\/www.topswimclub.ee\/en\/wp-json\/wp\/v2\/pages\/2366","targetHints":{"allow":["GET"]}}],"collection":[{"href":"https:\/\/www.topswimclub.ee\/en\/wp-json\/wp\/v2\/pages"}],"about":[{"href":"https:\/\/www.topswimclub.ee\/en\/wp-json\/wp\/v2\/types\/page"}],"author":[{"embeddable":true,"href":"https:\/\/www.topswimclub.ee\/en\/wp-json\/wp\/v2\/users\/2"}],"replies":[{"embeddable":true,"href":"https:\/\/www.topswimclub.ee\/en\/wp-json\/wp\/v2\/comments?post=2366"}],"version-history":[{"count":0,"href":"https:\/\/www.topswimclub.ee\/en\/wp-json\/wp\/v2\/pages\/2366\/revisions"}],"up":[{"embeddable":true,"href":"https:\/\/www.topswimclub.ee\/en\/wp-json\/wp\/v2\/pages\/2360"}],"wp:attachment":[{"href":"https:\/\/www.topswimclub.ee\/en\/wp-json\/wp\/v2\/media?parent=2366"}],"curies":[{"name":"wp","href":"https:\/\/api.w.org\/{rel}","templated":true}]}}