{"id":2368,"date":"2012-09-14T14:47:39","date_gmt":"2012-09-14T11:47:39","guid":{"rendered":"http:\/\/www.topswimclub.ee\/?page_id=2368"},"modified":"2012-09-14T14:47:39","modified_gmt":"2012-09-14T11:47:39","slug":"for-parents","status":"publish","type":"page","link":"https:\/\/www.topswimclub.ee\/en\/swimming-courses\/for-parents\/","title":{"rendered":"For parents"},"content":{"rendered":"<p><strong>TEADMISEKS UJUMISKURSUSTEL OSALEVA LAPSE VANEMATELE!<\/strong><\/p>\n<ul>\n<li>Treener ootab lapsi TOP SPA ujula fuajees 10min.enne tunni algust.<\/li>\n<li>Lapsel peavad kaasas olema ujumisp\u00fcksid- trikoo, k\u00e4ter\u00e4tik, prillid, ujumism\u00fcts ja ujumistallad. M\u00fctsi ja ujumisprille saate osta ka treeneri k\u00e4est.<\/li>\n<li>Tundi tulles, v\u00f5iks laps olla kerges riietuses, et tal oleks parem ise ujumistunniks ning ka p\u00e4rast tundi riietuda.<\/li>\n<li>Lapsevanemate basseinis viibimine ujumistunni ajal ei ole lubatud, k\u00fcll aga toimub iga kursuseosa l\u00f5pus avatud tund, kuhu on oodatud k\u00f5ik lapsevanemad.<\/li>\n<li>Lapsevanem on kohustatud teavitama treenerit oma lapse terviseprobleemidest, mis v\u00f5ivad m\u00f5jutada tunnis osalemist.<\/li>\n<li>Teavitage treenerit lapse puudumisest ujumistundidest ,kas tervislikel v\u00f5i muudel p\u00f5hjustel, telefoni v\u00f5i meili teel.<\/li>\n<\/ul>\n<p>Ujumiskursustel v\u00f5etakse l\u00e4bi j\u00e4rgmised alg\u00f5petusoskused:<\/p>\n<ul>\n<li>kohanemine veega<\/li>\n<li>vette-v\u00e4lja hingamine<\/li>\n<li>libsemine k\u00f5huli ja selili asendites<\/li>\n<li>sukeldumine, h\u00fcpped<\/li>\n<li>krooli ja selili jalgade t\u00f6\u00f6 ja jalgade t\u00f6\u00f6 koos hingamisega<\/li>\n<li>delfiini jalgade t\u00f6\u00f6<\/li>\n<li>krooli ja selili koost\u00f6\u00f6<\/li>\n<li>rinnuliujumise k\u00e4te ja jalgade t\u00f6\u00f6<\/li>\n<li>m\u00e4ngud vees<\/li>\n<\/ul>\n<ul>\n<li>Ujumistunnis vajalikud abivahendid saavad lapsed on klubi poolt<\/li>\n<li>Lapsed tulevad kursustele erineva ettevalmistustasemega. M\u00f5nedel on veekogemus varem olemas, kuid m\u00f5nedel on kaasas suur veekartus. \u00c4rge v\u00f5rrelge oma last teistega. Ujumisoskus tuleb ajapikku ja tahab kinnistumiseks aega. K\u00f5ige t\u00e4htsam on, et laps tuleks tundi r\u00f5\u00f5msa meelega.<\/li>\n<li>Ujumiskursused toimuvad l\u00e4bi hooaja- v\u00e4ikeste vaheaegadega s\u00fcgisest suve alguseni. Et ujumisoskus omandada ja et see ka kinnistuks t\u00f5eliseks ujumisoskuseks, kutsume \u00fcles , osalema kursustel s\u00fcgisest kevadeni.<\/li>\n<li>Treener on valmis vastama k\u00f5ikidele tekkinud k\u00fcsimustele \u2013 olge aga julged k\u00fcsima.<\/li>\n<\/ul>\n","protected":false},"excerpt":{"rendered":"<p>TEADMISEKS UJUMISKURSUSTEL OSALEVA LAPSE VANEMATELE! Treener ootab lapsi TOP SPA ujula fuajees 10min.enne tunni algust. Lapsel peavad kaasas olema ujumisp\u00fcksid- trikoo, k\u00e4ter\u00e4tik, prillid, ujumism\u00fcts ja ujumistallad. M\u00fctsi ja ujumisprille saate osta ka treeneri k\u00e4est. Tundi tulles, v\u00f5iks laps olla kerges riietuses, et tal oleks parem ise ujumistunniks ning ka p\u00e4rast tundi riietuda. Lapsevanemate basseinis viibimine ujumistunni ajal ei ole lubatud, k\u00fcll aga toimub iga kursuseosa l\u00f5pus avatud tund, kuhu on oodatud k\u00f5ik lapsevanemad. Lapsevanem on kohustatud teavitama treenerit oma lapse terviseprobleemidest, mis v\u00f5ivad m\u00f5jutada tunnis osalemist. Teavitage treenerit lapse puudumisest&nbsp;<a href=\"https:\/\/www.topswimclub.ee\/en\/swimming-courses\/for-parents\/\" class=\"read-more\">Continue Reading<\/a><\/p>\n","protected":false},"author":2,"featured_media":0,"parent":2360,"menu_order":2,"comment_status":"open","ping_status":"open","template":"","meta":{"footnotes":""},"class_list":["post-2368","page","type-page","status-publish","hentry"],"_links":{"self":[{"href":"https:\/\/www.topswimclub.ee\/en\/wp-json\/wp\/v2\/pages\/2368","targetHints":{"allow":["GET"]}}],"collection":[{"href":"https:\/\/www.topswimclub.ee\/en\/wp-json\/wp\/v2\/pages"}],"about":[{"href":"https:\/\/www.topswimclub.ee\/en\/wp-json\/wp\/v2\/types\/page"}],"author":[{"embeddable":true,"href":"https:\/\/www.topswimclub.ee\/en\/wp-json\/wp\/v2\/users\/2"}],"replies":[{"embeddable":true,"href":"https:\/\/www.topswimclub.ee\/en\/wp-json\/wp\/v2\/comments?post=2368"}],"version-history":[{"count":0,"href":"https:\/\/www.topswimclub.ee\/en\/wp-json\/wp\/v2\/pages\/2368\/revisions"}],"up":[{"embeddable":true,"href":"https:\/\/www.topswimclub.ee\/en\/wp-json\/wp\/v2\/pages\/2360"}],"wp:attachment":[{"href":"https:\/\/www.topswimclub.ee\/en\/wp-json\/wp\/v2\/media?parent=2368"}],"curies":[{"name":"wp","href":"https:\/\/api.w.org\/{rel}","templated":true}]}}