{"id":2370,"date":"2012-09-14T14:47:55","date_gmt":"2012-09-14T11:47:55","guid":{"rendered":"http:\/\/www.topswimclub.ee\/?page_id=2370"},"modified":"2012-09-14T14:47:55","modified_gmt":"2012-09-14T11:47:55","slug":"course-fee","status":"publish","type":"page","link":"https:\/\/www.topswimclub.ee\/en\/swimming-courses\/course-fee\/","title":{"rendered":"Course fee"},"content":{"rendered":"<p><strong>TOPi Ujumisklubi poolt korraldatavad ujumiskursused 2012\/2013 hooajal:<br \/>\n<\/strong><br \/>\nKursuse tasu palume tasuda <strong><span style=\"text-decoration: underline;\">TOPi<\/span><\/strong> Ujumisklubi arveldusarvele<strong>\u00a0HILJEMALT ALANUD KURSUSE KOLMANDAKS TUNNIKS.\u00a0<\/strong><\/p>\n<table width=\"50%\" border=\"0\">\n<tbody>\n<tr>\n<td><span style=\"color: #0092b7;\"><strong>Saaja nimi<\/strong><\/span><\/td>\n<td><strong>TOPi Ujumisklubi<\/strong><\/td>\n<\/tr>\n<tr>\n<td><span style=\"color: #0092b7;\"><strong>Saaja konto<\/strong><\/span><\/td>\n<td><strong>221002107476\u00a0<\/strong><\/td>\n<\/tr>\n<tr>\n<td><span style=\"color: #0092b7;\"><strong>Summa<\/strong><\/span><\/td>\n<td><strong>Vastavalt kursusele<\/strong><\/td>\n<\/tr>\n<tr>\n<td><span style=\"color: #0092b7;\"><strong>Selgitus<\/strong><\/span><\/td>\n<td><strong>Lapse nimi, treener, kursuse toimumise aeg<\/strong><\/td>\n<\/tr>\n<\/tbody>\n<\/table>\n<p><strong><br \/>\nKURSUSE TASU PALUME TASUDA KOGUSUMMAS.<\/strong> Lapse puudumisel haiguse t\u00f5ttu j\u00e4rjest rohkem kui 2 n\u00e4dalat palume sellest teatada treenerile Emaili v\u00f5i telefoni teel.<br \/>\nTasutud \u00f5ppemaks on k\u00e4sitletav tulumaksu seaduse m\u00f5istes koolituskuluna, millest kuulub tagastamisele 21% TM<\/p>\n<p><strong>Koolituskulu t\u00f5endamine:<\/strong><br \/>\nMaksu- ja Tolliamet saab koolituskulude tasumise kohta infot otse haridusasutustelt. Koolidelt saadud info alusel kantakse andmed koolituskulu tasunud inimese eelt\u00e4idetud tuludeklaratsioonile. Seet\u00f5ttu on oluline, et koolile oleks teada koolituskulu tasunud isiku andmed (nimi ja isikukood).<\/p>\n<p>Kui isik ei maksa enda, vaid teise isiku koolituskulude eest, siis soovitame, et makse teostaks ikkagi see isik, kes neid kulutusi hiljem ka deklareerib. N\u00e4iteks juhtudel, kui tasutakse koolituskulu oma alaealiste laste v\u00f5i alla 26 aastase, tulu mittesaava isiku eest. Vastasel juhul ei ole v\u00f5imalik tagantj\u00e4rgi t\u00f5endada, kes tegelikult koolituskulu tegi.<\/p>\n<p>Tuleb arvestada sellega, et maksustatavast tulust ei tehta mahaarvamisi piiramatult. Tasutud koolituskulu, kingitusi, annetusi ning ameti\u00fchingu sisseastumis- ja liikmemakse ning eluasemelaenu intressi kogusummat ei v\u00f5eta arvesse rohkem, kui 50 000 krooni maksumaksja kohta ega rohkem kui 50% ulatuses maksumaksja tulust.<\/p>\n<p>Allikas: Maksu- ja Tolliamet<\/p>\n","protected":false},"excerpt":{"rendered":"<p>TOPi Ujumisklubi poolt korraldatavad ujumiskursused 2012\/2013 hooajal: Kursuse tasu palume tasuda TOPi Ujumisklubi arveldusarvele\u00a0HILJEMALT ALANUD KURSUSE KOLMANDAKS TUNNIKS.\u00a0 Saaja nimi TOPi Ujumisklubi Saaja konto 221002107476\u00a0 Summa Vastavalt kursusele Selgitus Lapse nimi, treener, kursuse toimumise aeg KURSUSE TASU PALUME TASUDA KOGUSUMMAS. Lapse puudumisel haiguse t\u00f5ttu j\u00e4rjest rohkem kui 2 n\u00e4dalat palume sellest teatada treenerile Emaili v\u00f5i telefoni teel. Tasutud \u00f5ppemaks on k\u00e4sitletav tulumaksu seaduse m\u00f5istes koolituskuluna, millest kuulub tagastamisele 21% TM Koolituskulu t\u00f5endamine: Maksu- ja Tolliamet saab koolituskulude tasumise kohta infot otse haridusasutustelt. Koolidelt saadud info alusel kantakse andmed koolituskulu tasunud&nbsp;<a href=\"https:\/\/www.topswimclub.ee\/en\/swimming-courses\/course-fee\/\" class=\"read-more\">Continue Reading<\/a><\/p>\n","protected":false},"author":2,"featured_media":0,"parent":2360,"menu_order":3,"comment_status":"open","ping_status":"open","template":"","meta":{"footnotes":""},"class_list":["post-2370","page","type-page","status-publish","hentry"],"_links":{"self":[{"href":"https:\/\/www.topswimclub.ee\/en\/wp-json\/wp\/v2\/pages\/2370","targetHints":{"allow":["GET"]}}],"collection":[{"href":"https:\/\/www.topswimclub.ee\/en\/wp-json\/wp\/v2\/pages"}],"about":[{"href":"https:\/\/www.topswimclub.ee\/en\/wp-json\/wp\/v2\/types\/page"}],"author":[{"embeddable":true,"href":"https:\/\/www.topswimclub.ee\/en\/wp-json\/wp\/v2\/users\/2"}],"replies":[{"embeddable":true,"href":"https:\/\/www.topswimclub.ee\/en\/wp-json\/wp\/v2\/comments?post=2370"}],"version-history":[{"count":0,"href":"https:\/\/www.topswimclub.ee\/en\/wp-json\/wp\/v2\/pages\/2370\/revisions"}],"up":[{"embeddable":true,"href":"https:\/\/www.topswimclub.ee\/en\/wp-json\/wp\/v2\/pages\/2360"}],"wp:attachment":[{"href":"https:\/\/www.topswimclub.ee\/en\/wp-json\/wp\/v2\/media?parent=2370"}],"curies":[{"name":"wp","href":"https:\/\/api.w.org\/{rel}","templated":true}]}}