{"id":2384,"date":"2012-09-14T14:50:41","date_gmt":"2012-09-14T11:50:41","guid":{"rendered":"http:\/\/www.topswimclub.ee\/?page_id=2384"},"modified":"2012-09-14T15:00:58","modified_gmt":"2012-09-14T12:00:58","slug":"calendar","status":"publish","type":"page","link":"https:\/\/www.topswimclub.ee\/en\/competitions\/calendar\/","title":{"rendered":"Calendar"},"content":{"rendered":"<table width=\"100%\" border=\"0\">\n<tbody>\n<tr>\n<td style=\"text-align: left;\" rowspan=\"1\" colspan=\"4\">\n<h3>August 2012<\/h3>\n<\/td>\n<\/tr>\n<tr>\n<td style=\"text-align: center;\">21.08-29.08<\/td>\n<td style=\"text-align: center;\">Haapsalu rattalaager<\/td>\n<td style=\"text-align: center;\">Haapsalu Veekeskus<\/td>\n<td style=\"text-align: center;\">T,P -2002 \u00a0ja vanemad<\/td>\n<\/tr>\n<tr>\n<td rowspan=\"1\" colspan=\"4\">\n<hr style=\"width: 100%;\" width=\"100%\" \/>\n<\/td>\n<\/tr>\n<tr>\n<td style=\"text-align: left;\" rowspan=\"1\" colspan=\"4\">\n<h3>September 2012<\/h3>\n<\/td>\n<\/tr>\n<tr>\n<td style=\"text-align: center;\"><\/td>\n<td style=\"text-align: center;\">Aura \u00a0Lahtine \u00a0Rada<\/td>\n<td style=\"text-align: center;\">Aura Keskus, 50m<\/td>\n<td style=\"text-align: center;\">2002a.s.ja vanemad<\/td>\n<\/tr>\n<tr>\n<td rowspan=\"1\" colspan=\"4\">\n<hr style=\"width: 100%;\" width=\"100%\" \/>\n<\/td>\n<\/tr>\n<tr>\n<td style=\"text-align: left;\" rowspan=\"1\" colspan=\"4\">\n<h3>Oktoober 2012<\/h3>\n<\/td>\n<\/tr>\n<tr>\n<td style=\"text-align: center;\">09.10-16.10<\/td>\n<td style=\"text-align: center;\">S\u00fcgisene \u00a0L\u00f5unalaager<\/td>\n<td style=\"text-align: center;\">Antalya<\/td>\n<td style=\"text-align: center;\">Klubi \u00a0erinevate vanuste koondis<\/td>\n<\/tr>\n<tr>\n<td style=\"text-align: center;\">17.10-18.10<\/td>\n<td style=\"text-align: center;\">Tallinna MV Mitmev\u00f5istluses<\/td>\n<td style=\"text-align: center;\">Haabersti<\/td>\n<td style=\"text-align: center;\">T-2000 ja van. P-1998 ja van.<\/td>\n<\/tr>\n<tr>\n<td style=\"text-align: center;\">21.10-26.10<\/td>\n<td style=\"text-align: center;\">Haapsalu s\u00fcgislaager<\/td>\n<td style=\"text-align: center;\">Haapsalu<\/td>\n<td style=\"text-align: center;\">200.a.s. ja vanemad<\/td>\n<\/tr>\n<tr>\n<td style=\"text-align: center;\">\u00a025.10<\/td>\n<td style=\"text-align: center;\">TOP UK Kontrollv\u00f5istlused<\/td>\n<td style=\"text-align: center;\">Haapsalu<\/td>\n<td style=\"text-align: center;\"><\/td>\n<\/tr>\n<tr>\n<td rowspan=\"1\" colspan=\"4\">\n<hr style=\"width: 100%;\" width=\"100%\" \/>\n<\/td>\n<\/tr>\n<tr>\n<td rowspan=\"1\" colspan=\"4\">\n<h3>November 2012<\/h3>\n<\/td>\n<\/tr>\n<tr>\n<td style=\"text-align: center;\" colspan=\"1\">03.11<\/td>\n<td style=\"text-align: center;\" colspan=\"1\">Noortesarja I etapp<\/td>\n<td style=\"text-align: center;\" colspan=\"1\"><\/td>\n<td style=\"text-align: center;\" colspan=\"1\">T 00-02.a.s. P \u00a099-01.a.s<\/td>\n<\/tr>\n<tr>\n<td style=\"text-align: center;\" colspan=\"1\">11.11<\/td>\n<td style=\"text-align: center;\" colspan=\"1\">K\u00f5ik Meie Pardikesed I etapp<\/td>\n<td style=\"text-align: center;\" colspan=\"1\">Rocca al Mare ujula,25m<\/td>\n<td style=\"text-align: center;\" colspan=\"1\">T-03.a.s. ja noor. P 02.a.s. ja noor.<\/td>\n<\/tr>\n<tr>\n<td style=\"text-align: center;\" colspan=\"1\">16.11-17.11<\/td>\n<td style=\"text-align: center;\" colspan=\"1\">Kalev Open<\/td>\n<td style=\"text-align: center;\" colspan=\"1\">Kalev Spa,25m<\/td>\n<td style=\"text-align: center;\" colspan=\"1\">Klubi koondis<\/td>\n<\/tr>\n<tr>\n<td style=\"text-align: center;\" colspan=\"1\">23.11-27.11<\/td>\n<td style=\"text-align: center;\" colspan=\"1\">Euroopa L\u00fchiradade MV<\/td>\n<td style=\"text-align: center;\" colspan=\"1\">Chatres,Prantsusmaa 25m<\/td>\n<td style=\"text-align: center;\" colspan=\"1\">Normatiiv<\/td>\n<\/tr>\n<tr>\n<td style=\"text-align: center;\" rowspan=\"1\" colspan=\"4\">\n<hr style=\"width: 100%;\" width=\"100%\" \/>\n<\/td>\n<\/tr>\n<tr>\n<td style=\"text-align: left;\" rowspan=\"1\" colspan=\"4\">\n<h3>Detsember 2012<\/h3>\n<\/td>\n<\/tr>\n<tr>\n<td style=\"text-align: center;\" colspan=\"1\">08.12<\/td>\n<td style=\"text-align: center;\" colspan=\"1\">Tonttu \u00a0Uinnit<\/td>\n<td style=\"text-align: center;\" colspan=\"1\">Pirkkola,Helsingi,25m<\/td>\n<td style=\"text-align: center;\" colspan=\"1\">2002.a.s. ja van.<\/td>\n<\/tr>\n<tr>\n<td style=\"text-align: center;\" colspan=\"1\">13.12-17.12<\/td>\n<td style=\"text-align: center;\" colspan=\"1\">Maailma \u00a0L\u00fchiraja MV<\/td>\n<td style=\"text-align: center;\" colspan=\"1\">Istanbul,T\u00fcrgi,25m<\/td>\n<td style=\"text-align: center;\" colspan=\"1\">Normatiiv<\/td>\n<\/tr>\n<tr>\n<td style=\"text-align: center;\" colspan=\"1\">16.12-17.12<\/td>\n<td style=\"text-align: center;\" colspan=\"1\">P\u00f5hjamaade Juunioride MV<\/td>\n<td style=\"text-align: center;\" colspan=\"1\">Vaasa,25m<\/td>\n<td style=\"text-align: center;\" colspan=\"1\">koondised T-1998. ja van P 96 ja van.<\/td>\n<\/tr>\n<tr>\n<td style=\"text-align: center;\" colspan=\"1\">21.12-22.12<\/td>\n<td style=\"text-align: center;\" colspan=\"1\">Eesti L\u00fchiraja MV<\/td>\n<td style=\"text-align: center;\" colspan=\"1\">Kalev Spa, 25m<\/td>\n<td style=\"text-align: center;\" colspan=\"1\">Normatiivid<\/td>\n<\/tr>\n<tr>\n<td style=\"text-align: center;\" colspan=\"1\">26.12-30.12<\/td>\n<td style=\"text-align: center;\" colspan=\"1\">Talvelaager<\/td>\n<td style=\"text-align: center;\" colspan=\"1\">Kurgj\u00e4rve<\/td>\n<td style=\"text-align: center;\" colspan=\"1\">Erinevate vanuste koondised<\/td>\n<\/tr>\n<tr>\n<td rowspan=\"1\" colspan=\"4\">\n<hr style=\"width: 100%;\" width=\"100%\" \/>\n<\/td>\n<\/tr>\n<tr>\n<td rowspan=\"1\" colspan=\"4\">\n<h3>Jaanuar 2013<\/h3>\n<\/td>\n<\/tr>\n<tr>\n<td style=\"text-align: center;\" colspan=\"1\">03.01-04.01<\/td>\n<td style=\"text-align: center;\" colspan=\"1\">TOPi \u00a0Maraton<\/td>\n<td style=\"text-align: center;\" colspan=\"1\">TOP Ujula,25m<\/td>\n<td style=\"text-align: center;\" colspan=\"1\">2001. ja vanemad<\/td>\n<\/tr>\n<tr>\n<td style=\"text-align: center;\" colspan=\"1\">06.01<\/td>\n<td style=\"text-align: center;\" colspan=\"1\">TOPi Aastavahetuse ujumisv\u00f5istlused<\/td>\n<td style=\"text-align: center;\" colspan=\"1\">TOP Ujula,25m<\/td>\n<td style=\"text-align: center;\" colspan=\"1\">K\u00f5ik topikad ja lapsevanemad<\/td>\n<\/tr>\n<tr>\n<td style=\"text-align: center;\" colspan=\"1\"><\/td>\n<td style=\"text-align: center;\" colspan=\"1\">Audentese \u00a0Karikas<\/td>\n<td style=\"text-align: center;\" colspan=\"1\">Audentes<\/td>\n<td style=\"text-align: center;\" colspan=\"1\"><\/td>\n<\/tr>\n<tr>\n<td rowspan=\"1\" colspan=\"4\">\n<hr style=\"width: 100%;\" width=\"100%\" \/>\n<\/td>\n<\/tr>\n<tr>\n<td rowspan=\"1\" colspan=\"4\">\n<h3>Veebruar 2013<\/h3>\n<\/td>\n<\/tr>\n<tr>\n<td style=\"text-align: center;\" colspan=\"1\">02.02<\/td>\n<td style=\"text-align: center;\" colspan=\"1\">Noortesarja II etapp<\/td>\n<td style=\"text-align: center;\" colspan=\"1\">Haabersti Ujula, 25m<\/td>\n<td style=\"text-align: center;\" colspan=\"1\">T 00.-02.a.s. ja P 99-01.a.s.<\/td>\n<\/tr>\n<tr>\n<td style=\"text-align: center;\" colspan=\"1\">03.02<\/td>\n<td style=\"text-align: center;\" colspan=\"1\">K\u00f5ik Meie Pardikesed II etapp<\/td>\n<td style=\"text-align: center;\" colspan=\"1\">Rocca al Mare, 25m<\/td>\n<td style=\"text-align: center;\" colspan=\"1\">T 03. ja noor. ja P 02. ja noor.<\/td>\n<\/tr>\n<tr>\n<td style=\"text-align: center;\" colspan=\"1\"><\/td>\n<td style=\"text-align: center;\" colspan=\"1\">Eesti Karikav\u00f5istlused<\/td>\n<td style=\"text-align: center;\" colspan=\"1\">Kalev Spa, 25m<\/td>\n<td style=\"text-align: center;\" colspan=\"1\">Klubi koodis<\/td>\n<\/tr>\n<tr>\n<td rowspan=\"1\" colspan=\"4\">\n<hr style=\"width: 100%;\" width=\"100%\" \/>\n<\/td>\n<\/tr>\n<tr>\n<td colspan=\"1\">\n<h3>M\u00e4rts 2013<\/h3>\n<\/td>\n<td colspan=\"1\"><\/td>\n<td colspan=\"1\"><\/td>\n<td colspan=\"1\"><\/td>\n<\/tr>\n<tr>\n<td style=\"text-align: center;\" colspan=\"1\"><\/td>\n<td style=\"text-align: center;\" colspan=\"1\">Baltimaade Meistriv\u00f5istlused<\/td>\n<td style=\"text-align: center;\" colspan=\"1\">Aura Keskus,50m<\/td>\n<td style=\"text-align: center;\" colspan=\"1\">Eesti T\u00e4iskasvanute ja noortekoondis-<br \/>\nT 99-00.a.s. ja P 97-98.a.s.<\/td>\n<\/tr>\n<tr>\n<td style=\"text-align: center;\" colspan=\"1\"><\/td>\n<td style=\"text-align: center;\" colspan=\"1\">Kevadlaager<\/td>\n<td style=\"text-align: center;\" colspan=\"1\"><\/td>\n<td style=\"text-align: center;\" colspan=\"1\">Klubi koondised<\/td>\n<\/tr>\n<tr>\n<td style=\"text-align: center;\" colspan=\"1\"><\/td>\n<td style=\"text-align: center;\" colspan=\"1\">Kevadine L\u00f5unalaager<\/td>\n<td style=\"text-align: center;\" colspan=\"1\"><\/td>\n<td style=\"text-align: center;\" colspan=\"1\">Klubi koondis<\/td>\n<\/tr>\n<tr>\n<td style=\"text-align: center;\" colspan=\"1\"><\/td>\n<td style=\"text-align: center;\" colspan=\"1\">Tartu Kevad<\/td>\n<td style=\"text-align: center;\" colspan=\"1\">Aura Keskus<\/td>\n<td style=\"text-align: center;\" colspan=\"1\">2001.a.s. ja vanemad<\/td>\n<\/tr>\n<tr>\n<td rowspan=\"1\" colspan=\"4\">\n<hr style=\"width: 100%;\" width=\"100%\" \/>\n<\/td>\n<\/tr>\n<tr>\n<td rowspan=\"1\" colspan=\"4\">\n<h3>Aprill 2013<\/h3>\n<\/td>\n<\/tr>\n<tr>\n<td style=\"text-align: center;\" colspan=\"1\"><\/td>\n<td style=\"text-align: center;\" colspan=\"1\">Noortesarja III etapp<\/td>\n<td style=\"text-align: center;\" colspan=\"1\">Audentes,25m<\/td>\n<td style=\"text-align: center;\" colspan=\"1\">T 00-02.a.s. ja P 99-01.a.s.<\/td>\n<\/tr>\n<tr>\n<td style=\"text-align: center;\" colspan=\"1\"><\/td>\n<td style=\"text-align: center;\" colspan=\"1\">K\u00f5ik Meie \u00a0Pardikesed III etapp<\/td>\n<td style=\"text-align: center;\" colspan=\"1\">Rocca al Mare,25m<\/td>\n<td style=\"text-align: center;\" colspan=\"1\">T-03. ja noor. ja P- 02. ja noor.<\/td>\n<\/tr>\n<tr>\n<td style=\"text-align: center;\" colspan=\"1\"><\/td>\n<td style=\"text-align: center;\" colspan=\"1\">H\u00fcnersoni M\u00e4lestusv\u00f5istlused<\/td>\n<td style=\"text-align: center;\" colspan=\"1\">Aura Keskus,25m<\/td>\n<td style=\"text-align: center;\" colspan=\"1\">T-02.ja noor. ja P-01 ja noor<\/td>\n<\/tr>\n<tr>\n<td rowspan=\"1\" colspan=\"4\">\n<hr style=\"width: 100%;\" width=\"100%\" \/>\n<\/td>\n<\/tr>\n<tr>\n<td rowspan=\"1\" colspan=\"4\">\n<h3>Mai 2013<\/h3>\n<\/td>\n<\/tr>\n<tr>\n<td style=\"text-align: center;\" colspan=\"1\"><\/td>\n<td style=\"text-align: center;\" colspan=\"1\">Anykcsiai Sprindifestival<\/td>\n<td style=\"text-align: center;\" colspan=\"1\">Leedu,Anykcsciai,25m<\/td>\n<td style=\"text-align: center;\" colspan=\"1\">Klubi \u00a0erinevate vanuste koondis<\/td>\n<\/tr>\n<tr>\n<td style=\"text-align: center;\" colspan=\"1\"><\/td>\n<td style=\"text-align: center;\" colspan=\"1\">K\u00f5ik Meie Pardikesed Finaal<\/td>\n<td style=\"text-align: center;\" colspan=\"1\">Haabersti,25m<\/td>\n<td style=\"text-align: center;\" colspan=\"1\">iga alaFinaali p\u00e4\u00e4sejad<\/td>\n<\/tr>\n<tr>\n<td style=\"text-align: center;\" colspan=\"1\"><\/td>\n<td style=\"text-align: center;\" colspan=\"1\">Eesti- Soome \u00a0Maav\u00f5istlus<\/td>\n<td style=\"text-align: center;\" colspan=\"1\">Aura Keskus,50m<\/td>\n<td style=\"text-align: center;\" colspan=\"1\">Eesti t\u00e4iskavanute ja noortekoondis<\/td>\n<\/tr>\n<tr>\n<td style=\"text-align: center;\" colspan=\"1\"><\/td>\n<td style=\"text-align: center;\" colspan=\"1\">TOP UK Kontrollv\u00f5istlused<\/td>\n<td style=\"text-align: center;\" colspan=\"1\">TOP Ujula,25m<\/td>\n<td style=\"text-align: center;\" colspan=\"1\"><\/td>\n<\/tr>\n<tr>\n<td rowspan=\"1\" colspan=\"4\">\n<hr style=\"width: 100%;\" width=\"100%\" \/>\n<\/td>\n<\/tr>\n<tr>\n<td rowspan=\"1\" colspan=\"4\">\n<h3>Juuni 2013<\/h3>\n<\/td>\n<\/tr>\n<tr>\n<td style=\"text-align: center;\" colspan=\"1\">01.06<\/td>\n<td style=\"text-align: center;\" colspan=\"1\">Noortesarja Finaal<\/td>\n<td style=\"text-align: center;\" colspan=\"1\">Keila,25m<\/td>\n<td style=\"text-align: center;\" colspan=\"1\">iga ala 16 paremat<\/td>\n<\/tr>\n<tr>\n<td style=\"text-align: center;\" colspan=\"1\"><\/td>\n<td style=\"text-align: center;\" colspan=\"1\">Keila Cup<\/td>\n<td style=\"text-align: center;\" colspan=\"1\">Keila,25m<\/td>\n<td style=\"text-align: center;\" colspan=\"1\">kutsetega<\/td>\n<\/tr>\n<tr>\n<td style=\"text-align: center;\" colspan=\"1\"><\/td>\n<td style=\"text-align: center;\" colspan=\"1\">Eesti Meistriv\u00f5istlused :t\u00e4iskasvanud,juuniorid ja noored<\/td>\n<td style=\"text-align: center;\" colspan=\"1\"><\/td>\n<td style=\"text-align: center;\" colspan=\"1\">normatiivid<\/td>\n<\/tr>\n<tr>\n<td rowspan=\"1\" colspan=\"4\">\n<hr style=\"width: 100%;\" width=\"100%\" \/>\n<\/td>\n<\/tr>\n<tr>\n<td colspan=\"4\">\n<h3>Juuli 2013<\/h3>\n<\/td>\n<\/tr>\n<tr>\n<td style=\"text-align: center;\" colspan=\"1\"><\/td>\n<td style=\"text-align: center;\" colspan=\"1\">Summer Games<\/td>\n<td style=\"text-align: center;\" colspan=\"1\">Stockholm, Eriksdalbadet,50m<\/td>\n<td style=\"text-align: center;\" colspan=\"1\">2002..s. ja vanemad<\/td>\n<\/tr>\n<tr>\n<td style=\"text-align: center;\" colspan=\"1\"><\/td>\n<td style=\"text-align: center;\" colspan=\"1\">Euroopa Juunioride MV<\/td>\n<td style=\"text-align: center;\" colspan=\"1\">Poola, Szezen,50m<\/td>\n<td style=\"text-align: center;\" colspan=\"1\">T 97 ja 98 .a.s. P -95.-96.a.s. \u00a0normatiiv<\/td>\n<\/tr>\n<tr>\n<td style=\"text-align: center;\" colspan=\"1\"><\/td>\n<td style=\"text-align: center;\" colspan=\"1\">Euroopa Noorte Ol\u00fcmpia Festival<\/td>\n<td style=\"text-align: center;\" colspan=\"1\"><\/td>\n<td style=\"text-align: center;\" colspan=\"1\">T-99ja 00.a.s. ja P- 97.-98.a.s.<\/td>\n<\/tr>\n<tr>\n<td style=\"text-align: center;\" colspan=\"1\"><\/td>\n<td style=\"text-align: center;\" colspan=\"1\">Maailma Meistriv\u00f5istlused<\/td>\n<td style=\"text-align: center;\" colspan=\"1\">Barcelona<\/td>\n<td style=\"text-align: center;\" colspan=\"1\">normatiiv<\/td>\n<\/tr>\n<tr>\n<td rowspan=\"1\" colspan=\"4\">\n<hr style=\"width: 100%;\" width=\"100%\" \/>\n<\/td>\n<\/tr>\n<tr>\n<td colspan=\"4\">\n<h3>August 2013<\/h3>\n<\/td>\n<\/tr>\n<tr>\n<td style=\"text-align: center;\" colspan=\"1\"><\/td>\n<td style=\"text-align: center;\" colspan=\"1\">Junioride MM<\/td>\n<td style=\"text-align: center;\" colspan=\"1\">Marocco<\/td>\n<td style=\"text-align: center;\" colspan=\"1\"><\/td>\n<\/tr>\n<tr>\n<td style=\"text-align: center;\" colspan=\"1\"><\/td>\n<td style=\"text-align: center;\" colspan=\"1\">Avavee Ujumise Eesti MV<\/td>\n<td style=\"text-align: center;\" colspan=\"1\"><\/td>\n<td style=\"text-align: center;\" colspan=\"1\"><\/td>\n<\/tr>\n<tr>\n<td style=\"text-align: center;\" colspan=\"1\"><\/td>\n<td style=\"text-align: center;\" colspan=\"1\">Suve-rattalaager<\/td>\n<td style=\"text-align: center;\" colspan=\"1\">Emmaste,Hiiumaa<\/td>\n<td style=\"text-align: center;\" colspan=\"1\"><\/td>\n<\/tr>\n<\/tbody>\n<\/table>\n","protected":false},"excerpt":{"rendered":"<p>August 2012 21.08-29.08 Haapsalu rattalaager Haapsalu Veekeskus T,P -2002 \u00a0ja vanemad September 2012 Aura \u00a0Lahtine \u00a0Rada Aura Keskus, 50m 2002a.s.ja vanemad Oktoober 2012 09.10-16.10 S\u00fcgisene \u00a0L\u00f5unalaager Antalya Klubi \u00a0erinevate vanuste koondis 17.10-18.10 Tallinna MV Mitmev\u00f5istluses Haabersti T-2000 ja van. P-1998 ja van. 21.10-26.10 Haapsalu s\u00fcgislaager Haapsalu 200.a.s. ja vanemad \u00a025.10 TOP UK Kontrollv\u00f5istlused Haapsalu November 2012 03.11 Noortesarja I etapp T 00-02.a.s. P \u00a099-01.a.s 11.11 K\u00f5ik Meie Pardikesed I etapp Rocca al Mare ujula,25m T-03.a.s. ja noor. P 02.a.s. ja noor. 16.11-17.11 Kalev Open Kalev Spa,25m Klubi koondis 23.11-27.11 Euroopa&nbsp;<a href=\"https:\/\/www.topswimclub.ee\/en\/competitions\/calendar\/\" class=\"read-more\">Continue Reading<\/a><\/p>\n","protected":false},"author":2,"featured_media":0,"parent":2377,"menu_order":0,"comment_status":"open","ping_status":"open","template":"page-fullwidth.php","meta":{"footnotes":""},"class_list":["post-2384","page","type-page","status-publish","hentry"],"_links":{"self":[{"href":"https:\/\/www.topswimclub.ee\/en\/wp-json\/wp\/v2\/pages\/2384","targetHints":{"allow":["GET"]}}],"collection":[{"href":"https:\/\/www.topswimclub.ee\/en\/wp-json\/wp\/v2\/pages"}],"about":[{"href":"https:\/\/www.topswimclub.ee\/en\/wp-json\/wp\/v2\/types\/page"}],"author":[{"embeddable":true,"href":"https:\/\/www.topswimclub.ee\/en\/wp-json\/wp\/v2\/users\/2"}],"replies":[{"embeddable":true,"href":"https:\/\/www.topswimclub.ee\/en\/wp-json\/wp\/v2\/comments?post=2384"}],"version-history":[{"count":0,"href":"https:\/\/www.topswimclub.ee\/en\/wp-json\/wp\/v2\/pages\/2384\/revisions"}],"up":[{"embeddable":true,"href":"https:\/\/www.topswimclub.ee\/en\/wp-json\/wp\/v2\/pages\/2377"}],"wp:attachment":[{"href":"https:\/\/www.topswimclub.ee\/en\/wp-json\/wp\/v2\/media?parent=2384"}],"curies":[{"name":"wp","href":"https:\/\/api.w.org\/{rel}","templated":true}]}}