{"id":2388,"date":"2012-09-14T14:52:27","date_gmt":"2012-09-14T11:52:27","guid":{"rendered":"http:\/\/www.topswimclub.ee\/?page_id=2388"},"modified":"2012-09-14T14:52:27","modified_gmt":"2012-09-14T11:52:27","slug":"men-in-25m-pool","status":"publish","type":"page","link":"https:\/\/www.topswimclub.ee\/en\/competitions\/levels\/men-in-25m-pool\/","title":{"rendered":"Men: in 25m pool"},"content":{"rendered":"<table width=\"100%\" border=\"0\">\n<tbody>\n<tr>\n<td><\/td>\n<td>\n<h2 style=\"text-align: center;\">Eliit<\/h2>\n<\/td>\n<td style=\"text-align: center;\">\n<h2>Meister<\/h2>\n<\/td>\n<td style=\"text-align: center;\">\n<h2>I j\u00e4rk<\/h2>\n<\/td>\n<td style=\"text-align: center;\">\n<h2>II j\u00e4rk<\/h2>\n<\/td>\n<td>\n<h2 style=\"text-align: center;\">III j\u00e4rk<\/h2>\n<\/td>\n<\/tr>\n<tr>\n<td rowspan=\"1\" colspan=\"6\">\n<hr style=\"width: 100%;\" width=\"100%\" \/>\n<\/td>\n<\/tr>\n<tr>\n<td style=\"text-align: center;\" colspan=\"1\"><strong>Vabalt:<\/strong><\/td>\n<td colspan=\"1\"><\/td>\n<td colspan=\"1\"><\/td>\n<td colspan=\"1\"><\/td>\n<td colspan=\"1\"><\/td>\n<td colspan=\"1\"><\/td>\n<\/tr>\n<tr>\n<td style=\"text-align: center;\">50m<\/td>\n<td style=\"text-align: center;\">22,60<\/td>\n<td style=\"text-align: center;\">24,10<\/td>\n<td style=\"text-align: center;\">25,70<\/td>\n<td style=\"text-align: center;\">28,30<\/td>\n<td style=\"text-align: center;\">31,30<\/td>\n<\/tr>\n<tr>\n<td style=\"text-align: center;\">100m<\/td>\n<td style=\"text-align: center;\">50,20<\/td>\n<td style=\"text-align: center;\">53,50<\/td>\n<td style=\"text-align: center;\">56,60<\/td>\n<td style=\"text-align: center;\">1.02,20<\/td>\n<td style=\"text-align: center;\">1.09,00<\/td>\n<\/tr>\n<tr>\n<td style=\"text-align: center;\">200m<\/td>\n<td style=\"text-align: center;\">1.50,30<\/td>\n<td style=\"text-align: center;\">1.57,70<\/td>\n<td style=\"text-align: center;\">2.05,10<\/td>\n<td style=\"text-align: center;\">2.17,60<\/td>\n<td style=\"text-align: center;\">2.32,60<\/td>\n<\/tr>\n<tr>\n<td style=\"text-align: center;\">400m<\/td>\n<td style=\"text-align: center;\">3.53,60<\/td>\n<td style=\"text-align: center;\">4.09,00<\/td>\n<td style=\"text-align: center;\">4.28,10<\/td>\n<td style=\"text-align: center;\">4.54,90<\/td>\n<td style=\"text-align: center;\">5.27,10<\/td>\n<\/tr>\n<tr>\n<td style=\"text-align: center;\">800m<\/td>\n<td style=\"text-align: center;\">8.07,50<\/td>\n<td style=\"text-align: center;\">8.39,80<\/td>\n<td style=\"text-align: center;\">9.33,00<\/td>\n<td style=\"text-align: center;\">10.30,30<\/td>\n<td style=\"text-align: center;\">11.39,10<\/td>\n<\/tr>\n<tr>\n<td style=\"text-align: center;\">1500m<\/td>\n<td style=\"text-align: center;\">15.28,30<\/td>\n<td style=\"text-align: center;\">16.29,90<\/td>\n<td style=\"text-align: center;\">18.00,10<\/td>\n<td style=\"text-align: center;\">19.48,10<\/td>\n<td style=\"text-align: center;\">21.57,70<\/td>\n<\/tr>\n<tr>\n<td rowspan=\"1\" colspan=\"6\">\n<hr style=\"width: 100%;\" width=\"100%\" \/>\n<\/td>\n<\/tr>\n<tr>\n<td style=\"text-align: center;\"><strong>Selili:<\/strong><\/td>\n<td><\/td>\n<td><\/td>\n<td><\/td>\n<td><\/td>\n<td><\/td>\n<\/tr>\n<tr>\n<td style=\"text-align: center;\">50m<\/td>\n<td style=\"text-align: center;\">26,40<\/td>\n<td style=\"text-align: center;\">28,00<\/td>\n<td style=\"text-align: center;\">30,60<\/td>\n<td style=\"text-align: center;\">33,60<\/td>\n<td style=\"text-align: center;\">37,30<\/td>\n<\/tr>\n<tr>\n<td style=\"text-align: center;\">100m<\/td>\n<td style=\"text-align: center;\">56,40<\/td>\n<td style=\"text-align: center;\">1.00,10<\/td>\n<td style=\"text-align: center;\">1.07,10<\/td>\n<td style=\"text-align: center;\">1.13,80<\/td>\n<td style=\"text-align: center;\">1.21,90<\/td>\n<\/tr>\n<tr>\n<td style=\"text-align: center;\">200m<\/td>\n<td style=\"text-align: center;\">2.02,00<\/td>\n<td style=\"text-align: center;\">2.10,20<\/td>\n<td style=\"text-align: center;\">2.26,10<\/td>\n<td style=\"text-align: center;\">2.40,70<\/td>\n<td style=\"text-align: center;\">2.58,20<\/td>\n<\/tr>\n<tr>\n<td rowspan=\"1\" colspan=\"6\">\n<hr style=\"width: 100%;\" width=\"100%\" \/>\n<\/td>\n<\/tr>\n<tr>\n<td style=\"text-align: center;\"><strong>Rinnuli:<\/strong><\/td>\n<td><\/td>\n<td><\/td>\n<td><\/td>\n<td><\/td>\n<td><\/td>\n<\/tr>\n<tr>\n<td style=\"text-align: center;\">50m<\/td>\n<td style=\"text-align: center;\">28,30<\/td>\n<td style=\"text-align: center;\">30,20<\/td>\n<td style=\"text-align: center;\">33,10<\/td>\n<td style=\"text-align: center;\">36,40<\/td>\n<td style=\"text-align: center;\">40,40<\/td>\n<\/tr>\n<tr>\n<td style=\"text-align: center;\">100m<\/td>\n<td style=\"text-align: center;\">1.03,70<\/td>\n<td style=\"text-align: center;\">1.06,60<\/td>\n<td style=\"text-align: center;\">1.13,10<\/td>\n<td style=\"text-align: center;\">1.20,40<\/td>\n<td style=\"text-align: center;\">1.29,20<\/td>\n<\/tr>\n<tr>\n<td style=\"text-align: center;\">200m<\/td>\n<td style=\"text-align: center;\">2.18,40<\/td>\n<td style=\"text-align: center;\">2.24,60<\/td>\n<td style=\"text-align: center;\">2.40,10<\/td>\n<td style=\"text-align: center;\">2.56,10<\/td>\n<td style=\"text-align: center;\">3.15,30<\/td>\n<\/tr>\n<tr>\n<td rowspan=\"1\" colspan=\"6\">\n<hr style=\"width: 100%;\" width=\"100%\" \/>\n<\/td>\n<\/tr>\n<tr>\n<td style=\"text-align: center;\"><strong>Liblikat:<\/strong><\/td>\n<td><\/td>\n<td><\/td>\n<td><\/td>\n<td><\/td>\n<td><\/td>\n<\/tr>\n<tr>\n<td style=\"text-align: center;\">50m<\/td>\n<td style=\"text-align: center;\">24,70<\/td>\n<td style=\"text-align: center;\">26,20<\/td>\n<td style=\"text-align: center;\">28,10<\/td>\n<td style=\"text-align: center;\">30,90<\/td>\n<td style=\"text-align: center;\">34,30<\/td>\n<\/tr>\n<tr>\n<td style=\"text-align: center;\">100m<\/td>\n<td style=\"text-align: center;\">54,30<\/td>\n<td style=\"text-align: center;\">57,80<\/td>\n<td style=\"text-align: center;\">1.02,10<\/td>\n<td style=\"text-align: center;\">1.08,30<\/td>\n<td style=\"text-align: center;\">1.15,80<\/td>\n<\/tr>\n<tr>\n<td style=\"text-align: center;\">200m<\/td>\n<td style=\"text-align: center;\">2.00,70<\/td>\n<td style=\"text-align: center;\">2.08,50<\/td>\n<td style=\"text-align: center;\">2.23,10<\/td>\n<td style=\"text-align: center;\">2.37,40<\/td>\n<td style=\"text-align: center;\">2.54,60<\/td>\n<\/tr>\n<tr>\n<td rowspan=\"1\" colspan=\"6\">\n<hr style=\"width: 100%;\" width=\"100%\" \/>\n<\/td>\n<\/tr>\n<tr>\n<td style=\"text-align: center;\"><strong>Kompleks:<\/strong><\/td>\n<td><\/td>\n<td><\/td>\n<td><\/td>\n<td><\/td>\n<td><\/td>\n<\/tr>\n<tr>\n<td style=\"text-align: center;\">100m<\/td>\n<td style=\"text-align: center;\">53,50<\/td>\n<td style=\"text-align: center;\">59,50<\/td>\n<td style=\"text-align: center;\">1.06,10<\/td>\n<td style=\"text-align: center;\">1.12,70<\/td>\n<td style=\"text-align: center;\">1.20,60<\/td>\n<\/tr>\n<tr>\n<td style=\"text-align: center;\" colspan=\"1\">200m<\/td>\n<td style=\"text-align: center;\" colspan=\"1\">2.04,70<\/td>\n<td style=\"text-align: center;\" colspan=\"1\">2.11,90<\/td>\n<td style=\"text-align: center;\" colspan=\"1\">2.23,10<\/td>\n<td style=\"text-align: center;\" colspan=\"1\">2.37,40<\/td>\n<td style=\"text-align: center;\" colspan=\"1\">2.54,60<\/td>\n<\/tr>\n<tr>\n<td style=\"text-align: center;\" colspan=\"1\">400m<\/td>\n<td style=\"text-align: center;\" colspan=\"1\">4.22,50<\/td>\n<td style=\"text-align: center;\" colspan=\"1\">4.39,90<\/td>\n<td style=\"text-align: center;\" colspan=\"1\">5.07,10<\/td>\n<td style=\"text-align: center;\" colspan=\"1\">5.37,80<\/td>\n<td style=\"text-align: center;\" colspan=\"1\">6.14,70<\/td>\n<\/tr>\n<\/tbody>\n<\/table>\n","protected":false},"excerpt":{"rendered":"<p>Eliit Meister I j\u00e4rk II j\u00e4rk III j\u00e4rk Vabalt: 50m 22,60 24,10 25,70 28,30 31,30 100m 50,20 53,50 56,60 1.02,20 1.09,00 200m 1.50,30 1.57,70 2.05,10 2.17,60 2.32,60 400m 3.53,60 4.09,00 4.28,10 4.54,90 5.27,10 800m 8.07,50 8.39,80 9.33,00 10.30,30 11.39,10 1500m 15.28,30 16.29,90 18.00,10 19.48,10 21.57,70 Selili: 50m 26,40 28,00 30,60 33,60 37,30 100m 56,40 1.00,10 1.07,10 1.13,80 1.21,90 200m 2.02,00 2.10,20 2.26,10 2.40,70 2.58,20 Rinnuli: 50m 28,30 30,20 33,10 36,40 40,40 100m 1.03,70 1.06,60 1.13,10 1.20,40 1.29,20 200m 2.18,40 2.24,60 2.40,10 2.56,10 3.15,30 Liblikat: 50m 24,70 26,20 28,10 30,90 34,30&nbsp;<a href=\"https:\/\/www.topswimclub.ee\/en\/competitions\/levels\/men-in-25m-pool\/\" class=\"read-more\">Continue Reading<\/a><\/p>\n","protected":false},"author":2,"featured_media":0,"parent":2380,"menu_order":0,"comment_status":"open","ping_status":"open","template":"","meta":{"footnotes":""},"class_list":["post-2388","page","type-page","status-publish","hentry"],"_links":{"self":[{"href":"https:\/\/www.topswimclub.ee\/en\/wp-json\/wp\/v2\/pages\/2388","targetHints":{"allow":["GET"]}}],"collection":[{"href":"https:\/\/www.topswimclub.ee\/en\/wp-json\/wp\/v2\/pages"}],"about":[{"href":"https:\/\/www.topswimclub.ee\/en\/wp-json\/wp\/v2\/types\/page"}],"author":[{"embeddable":true,"href":"https:\/\/www.topswimclub.ee\/en\/wp-json\/wp\/v2\/users\/2"}],"replies":[{"embeddable":true,"href":"https:\/\/www.topswimclub.ee\/en\/wp-json\/wp\/v2\/comments?post=2388"}],"version-history":[{"count":0,"href":"https:\/\/www.topswimclub.ee\/en\/wp-json\/wp\/v2\/pages\/2388\/revisions"}],"up":[{"embeddable":true,"href":"https:\/\/www.topswimclub.ee\/en\/wp-json\/wp\/v2\/pages\/2380"}],"wp:attachment":[{"href":"https:\/\/www.topswimclub.ee\/en\/wp-json\/wp\/v2\/media?parent=2388"}],"curies":[{"name":"wp","href":"https:\/\/api.w.org\/{rel}","templated":true}]}}