{"id":2390,"date":"2012-09-14T14:52:49","date_gmt":"2012-09-14T11:52:49","guid":{"rendered":"http:\/\/www.topswimclub.ee\/?page_id=2390"},"modified":"2012-09-14T14:52:49","modified_gmt":"2012-09-14T11:52:49","slug":"women-in-25m-pool","status":"publish","type":"page","link":"https:\/\/www.topswimclub.ee\/en\/competitions\/levels\/women-in-25m-pool\/","title":{"rendered":"Women: in 25m pool"},"content":{"rendered":"<table width=\"100%\" border=\"0\">\n<tbody>\n<tr>\n<td><\/td>\n<td>\n<h2 style=\"text-align: center;\">Eliit<\/h2>\n<\/td>\n<td style=\"text-align: center;\">\n<h2>Meister<\/h2>\n<\/td>\n<td style=\"text-align: center;\">\n<h2>I j\u00e4rk<\/h2>\n<\/td>\n<td style=\"text-align: center;\">\n<h2>II j\u00e4rk<\/h2>\n<\/td>\n<td>\n<h2 style=\"text-align: center;\">III j\u00e4rk<\/h2>\n<\/td>\n<\/tr>\n<tr>\n<td rowspan=\"1\" colspan=\"6\">\n<hr style=\"width: 100%;\" width=\"100%\" \/>\n<\/td>\n<\/tr>\n<tr>\n<td style=\"text-align: center;\" colspan=\"1\"><strong>Vabalt:<\/strong><\/td>\n<td colspan=\"1\"><\/td>\n<td colspan=\"1\"><\/td>\n<td colspan=\"1\"><\/td>\n<td colspan=\"1\"><\/td>\n<td colspan=\"1\"><\/td>\n<\/tr>\n<tr>\n<td style=\"text-align: center;\">50m<\/td>\n<td style=\"text-align: center;\">25,60<\/td>\n<td style=\"text-align: center;\">27,20<\/td>\n<td style=\"text-align: center;\">29,30<\/td>\n<td style=\"text-align: center;\">32,20<\/td>\n<td style=\"text-align: center;\">35,70<\/td>\n<\/tr>\n<tr>\n<td style=\"text-align: center;\">100m<\/td>\n<td style=\"text-align: center;\">56,40<\/td>\n<td style=\"text-align: center;\">1.00,00<\/td>\n<td style=\"text-align: center;\">1.03,10<\/td>\n<td style=\"text-align: center;\">1.09,40<\/td>\n<td style=\"text-align: center;\">1.17,00<\/td>\n<\/tr>\n<tr>\n<td style=\"text-align: center;\">200m<\/td>\n<td style=\"text-align: center;\">2.01,90<\/td>\n<td style=\"text-align: center;\">2.09,90<\/td>\n<td style=\"text-align: center;\">2.17,10<\/td>\n<td style=\"text-align: center;\">2.30,80<\/td>\n<td style=\"text-align: center;\">2.47,30<\/td>\n<\/tr>\n<tr>\n<td style=\"text-align: center;\">400m<\/td>\n<td style=\"text-align: center;\">4.17,50<\/td>\n<td style=\"text-align: center;\">4.33,70<\/td>\n<td style=\"text-align: center;\">4.52,10<\/td>\n<td style=\"text-align: center;\">5.21,30<\/td>\n<td style=\"text-align: center;\">5.56,40<\/td>\n<\/tr>\n<tr>\n<td style=\"text-align: center;\">800m<\/td>\n<td style=\"text-align: center;\">8.42,90<\/td>\n<td style=\"text-align: center;\">9.17,60<\/td>\n<td style=\"text-align: center;\">10.00,10<\/td>\n<td style=\"text-align: center;\">11.00,10<\/td>\n<td style=\"text-align: center;\">12.12,10<\/td>\n<\/tr>\n<tr>\n<td style=\"text-align: center;\">1500m<\/td>\n<td style=\"text-align: center;\">16.37,30<\/td>\n<td style=\"text-align: center;\">17.45,60<\/td>\n<td style=\"text-align: center;\">19.07,00<\/td>\n<td style=\"text-align: center;\">21.01,70<\/td>\n<td style=\"text-align: center;\">23.19,30<\/td>\n<\/tr>\n<tr>\n<td rowspan=\"1\" colspan=\"6\">\n<hr style=\"width: 100%;\" width=\"100%\" \/>\n<\/td>\n<\/tr>\n<tr>\n<td style=\"text-align: center;\"><strong>Selili:<\/strong><\/td>\n<td><\/td>\n<td><\/td>\n<td><\/td>\n<td><\/td>\n<td><\/td>\n<\/tr>\n<tr>\n<td style=\"text-align: center;\">50m<\/td>\n<td style=\"text-align: center;\">29,80<\/td>\n<td style=\"text-align: center;\">31,80<\/td>\n<td style=\"text-align: center;\">33,60<\/td>\n<td style=\"text-align: center;\">36,90<\/td>\n<td style=\"text-align: center;\">41,00<\/td>\n<\/tr>\n<tr>\n<td style=\"text-align: center;\">100m<\/td>\n<td style=\"text-align: center;\">1.02,50<\/td>\n<td style=\"text-align: center;\">1.06,80<\/td>\n<td style=\"text-align: center;\">1.14,60<\/td>\n<td style=\"text-align: center;\">1.22,00<\/td>\n<td style=\"text-align: center;\">1.31,00<\/td>\n<\/tr>\n<tr>\n<td style=\"text-align: center;\">200m<\/td>\n<td style=\"text-align: center;\">2.14,20<\/td>\n<td style=\"text-align: center;\">2.23,00<\/td>\n<td style=\"text-align: center;\">2.39,10<\/td>\n<td style=\"text-align: center;\">2.55,00<\/td>\n<td style=\"text-align: center;\">3.14,10<\/td>\n<\/tr>\n<tr>\n<td rowspan=\"1\" colspan=\"6\">\n<hr style=\"width: 100%;\" width=\"100%\" \/>\n<\/td>\n<\/tr>\n<tr>\n<td style=\"text-align: center;\"><strong>Rinnuli:<\/strong><\/td>\n<td><\/td>\n<td><\/td>\n<td><\/td>\n<td><\/td>\n<td><\/td>\n<\/tr>\n<tr>\n<td style=\"text-align: center;\">50m<\/td>\n<td style=\"text-align: center;\">32,20<\/td>\n<td style=\"text-align: center;\">34,10<\/td>\n<td style=\"text-align: center;\">37,00<\/td>\n<td style=\"text-align: center;\">40,30<\/td>\n<td style=\"text-align: center;\">44,30<\/td>\n<\/tr>\n<tr>\n<td style=\"text-align: center;\">100m<\/td>\n<td style=\"text-align: center;\">1.09,70<\/td>\n<td style=\"text-align: center;\">1.14,20<\/td>\n<td style=\"text-align: center;\">1.22,60<\/td>\n<td style=\"text-align: center;\">1.30,90<\/td>\n<td style=\"text-align: center;\">1.40,80<\/td>\n<\/tr>\n<tr>\n<td style=\"text-align: center;\">200m<\/td>\n<td style=\"text-align: center;\">2.29,50<\/td>\n<td style=\"text-align: center;\">2.39,30<\/td>\n<td style=\"text-align: center;\">2.56,10<\/td>\n<td style=\"text-align: center;\">3.13,70<\/td>\n<td style=\"text-align: center;\">3.34,80<\/td>\n<\/tr>\n<tr>\n<td rowspan=\"1\" colspan=\"6\">\n<hr style=\"width: 100%;\" width=\"100%\" \/>\n<\/td>\n<\/tr>\n<tr>\n<td style=\"text-align: center;\"><strong>Liblikat:<\/strong><\/td>\n<td><\/td>\n<td><\/td>\n<td><\/td>\n<td><\/td>\n<td><\/td>\n<\/tr>\n<tr>\n<td style=\"text-align: center;\">50m<\/td>\n<td style=\"text-align: center;\">27,00<\/td>\n<td style=\"text-align: center;\">28,80<\/td>\n<td style=\"text-align: center;\">31,30<\/td>\n<td style=\"text-align: center;\">34,40<\/td>\n<td style=\"text-align: center;\">38,20<\/td>\n<\/tr>\n<tr>\n<td style=\"text-align: center;\">100m<\/td>\n<td style=\"text-align: center;\">1.00,30<\/td>\n<td style=\"text-align: center;\">1.04,20<\/td>\n<td style=\"text-align: center;\">1.12,10<\/td>\n<td style=\"text-align: center;\">1.19,30<\/td>\n<td style=\"text-align: center;\">1.28,00<\/td>\n<\/tr>\n<tr>\n<td style=\"text-align: center;\">200m<\/td>\n<td style=\"text-align: center;\">2.12,50<\/td>\n<td style=\"text-align: center;\">2.21,10<\/td>\n<td style=\"text-align: center;\">2.42,10<\/td>\n<td style=\"text-align: center;\">2.58,30<\/td>\n<td style=\"text-align: center;\">3.17,80<\/td>\n<\/tr>\n<tr>\n<td rowspan=\"1\" colspan=\"6\">\n<hr style=\"width: 100%;\" width=\"100%\" \/>\n<\/td>\n<\/tr>\n<tr>\n<td style=\"text-align: center;\"><strong>Kompleks:<\/strong><\/td>\n<td><\/td>\n<td><\/td>\n<td><\/td>\n<td><\/td>\n<td><\/td>\n<\/tr>\n<tr>\n<td style=\"text-align: center;\">100m<\/td>\n<td style=\"text-align: center;\">1.00,50<\/td>\n<td style=\"text-align: center;\">1.06,50<\/td>\n<td style=\"text-align: center;\">1.13,10<\/td>\n<td style=\"text-align: center;\">1.20,40<\/td>\n<td style=\"text-align: center;\">1.29,20<\/td>\n<\/tr>\n<tr>\n<td style=\"text-align: center;\" colspan=\"1\">200m<\/td>\n<td style=\"text-align: center;\" colspan=\"1\">2.16,30<\/td>\n<td style=\"text-align: center;\" colspan=\"1\">2.25,30<\/td>\n<td style=\"text-align: center;\" colspan=\"1\">2.37,10<\/td>\n<td style=\"text-align: center;\" colspan=\"1\">2.52,80<\/td>\n<td style=\"text-align: center;\" colspan=\"1\">3.11,70<\/td>\n<\/tr>\n<tr>\n<td style=\"text-align: center;\" colspan=\"1\">400m<\/td>\n<td style=\"text-align: center;\" colspan=\"1\">4.47,00<\/td>\n<td style=\"text-align: center;\" colspan=\"1\">5.05,80<\/td>\n<td style=\"text-align: center;\" colspan=\"1\">5.35,10<\/td>\n<td style=\"text-align: center;\" colspan=\"1\">6.08,60<\/td>\n<td style=\"text-align: center;\" colspan=\"1\">6.48,80<\/td>\n<\/tr>\n<\/tbody>\n<\/table>\n","protected":false},"excerpt":{"rendered":"<p>Eliit Meister I j\u00e4rk II j\u00e4rk III j\u00e4rk Vabalt: 50m 25,60 27,20 29,30 32,20 35,70 100m 56,40 1.00,00 1.03,10 1.09,40 1.17,00 200m 2.01,90 2.09,90 2.17,10 2.30,80 2.47,30 400m 4.17,50 4.33,70 4.52,10 5.21,30 5.56,40 800m 8.42,90 9.17,60 10.00,10 11.00,10 12.12,10 1500m 16.37,30 17.45,60 19.07,00 21.01,70 23.19,30 Selili: 50m 29,80 31,80 33,60 36,90 41,00 100m 1.02,50 1.06,80 1.14,60 1.22,00 1.31,00 200m 2.14,20 2.23,00 2.39,10 2.55,00 3.14,10 Rinnuli: 50m 32,20 34,10 37,00 40,30 44,30 100m 1.09,70 1.14,20 1.22,60 1.30,90 1.40,80 200m 2.29,50 2.39,30 2.56,10 3.13,70 3.34,80 Liblikat: 50m 27,00 28,80 31,30 34,40 38,20&nbsp;<a href=\"https:\/\/www.topswimclub.ee\/en\/competitions\/levels\/women-in-25m-pool\/\" class=\"read-more\">Continue Reading<\/a><\/p>\n","protected":false},"author":2,"featured_media":0,"parent":2380,"menu_order":0,"comment_status":"open","ping_status":"open","template":"","meta":{"footnotes":""},"class_list":["post-2390","page","type-page","status-publish","hentry"],"_links":{"self":[{"href":"https:\/\/www.topswimclub.ee\/en\/wp-json\/wp\/v2\/pages\/2390","targetHints":{"allow":["GET"]}}],"collection":[{"href":"https:\/\/www.topswimclub.ee\/en\/wp-json\/wp\/v2\/pages"}],"about":[{"href":"https:\/\/www.topswimclub.ee\/en\/wp-json\/wp\/v2\/types\/page"}],"author":[{"embeddable":true,"href":"https:\/\/www.topswimclub.ee\/en\/wp-json\/wp\/v2\/users\/2"}],"replies":[{"embeddable":true,"href":"https:\/\/www.topswimclub.ee\/en\/wp-json\/wp\/v2\/comments?post=2390"}],"version-history":[{"count":0,"href":"https:\/\/www.topswimclub.ee\/en\/wp-json\/wp\/v2\/pages\/2390\/revisions"}],"up":[{"embeddable":true,"href":"https:\/\/www.topswimclub.ee\/en\/wp-json\/wp\/v2\/pages\/2380"}],"wp:attachment":[{"href":"https:\/\/www.topswimclub.ee\/en\/wp-json\/wp\/v2\/media?parent=2390"}],"curies":[{"name":"wp","href":"https:\/\/api.w.org\/{rel}","templated":true}]}}