{"id":2392,"date":"2012-09-14T14:53:12","date_gmt":"2012-09-14T11:53:12","guid":{"rendered":"http:\/\/www.topswimclub.ee\/?page_id=2392"},"modified":"2012-09-14T14:53:12","modified_gmt":"2012-09-14T11:53:12","slug":"201112-season","status":"publish","type":"page","link":"https:\/\/www.topswimclub.ee\/en\/competitions\/regulations\/201112-season\/","title":{"rendered":"2011\/12  season"},"content":{"rendered":"<p><a href=\"https:\/\/www.topswimclub.ee\/wp-content\/uploads\/2012\/08\/Aura_lahtise_raja_juhend_201120121.doc\" target=\"_blank\">AURA Lahtine Rada 25.september 2011 Tartu<\/a><br \/>\n<a href=\"https:\/\/www.topswimclub.ee\/wp-content\/uploads\/2012\/08\/Tallinna_MV_Mitmevoistluses_1920.oktoober_Haabersti.doc\" target=\"_blank\"> Tallinna MV Mitmev\u00f5istluses 19-20.oktoober 2011 Haabersti<\/a><br \/>\n<a href=\"https:\/\/www.topswimclub.ee\/wp-content\/uploads\/2012\/08\/2011_Kalev_Open_juhend.doc\" target=\"_blank\"> Kalev Open 11.-12.november 2011<\/a><br \/>\n<a href=\"https:\/\/www.topswimclub.ee\/wp-content\/uploads\/2012\/08\/Noortesarja_I_etapp_5.november_2011_Kalev.doc\" target=\"_blank\"> Noortesarja I etapp 5.november 2011 Kalev<\/a><br \/>\n<a href=\"https:\/\/www.topswimclub.ee\/wp-content\/uploads\/2012\/08\/Pardikeste_I_etapp_6.november_2011.doc\" target=\"_blank\"> Pardikeste I etapp 6.november 2011<\/a><br \/>\n<a href=\"https:\/\/www.topswimclub.ee\/wp-content\/uploads\/2012\/08\/PM_MV_2011_juhend1.doc\" target=\"_blank\"> P\u00f5hjamaade Juunioride MV Island 2011<\/a><br \/>\n<a href=\"https:\/\/www.topswimclub.ee\/wp-content\/uploads\/2012\/08\/htu_tonttu_2011.pdf\" target=\"_blank\"> Tonttu Uinnit 3.detsember 2011 Helsingi<\/a><br \/>\n<a href=\"https:\/\/www.topswimclub.ee\/wp-content\/uploads\/2012\/08\/Eesti_luhiraja_MV_2011.doc\" target=\"_blank\"> Eesti L\u00fchiraja MV 2012<\/a><br \/>\n<a href=\"https:\/\/www.topswimclub.ee\/wp-content\/uploads\/2012\/08\/Talvehakk_2012_juhend.doc\" target=\"_blank\"> Talvehakk 2012<\/a><br \/>\n<a href=\"https:\/\/www.topswimclub.ee\/wp-content\/uploads\/2012\/08\/769_audentese_Karikas_2012.doc\" target=\"_blank\"> Audentese Karikas 2012<\/a><br \/>\n<a href=\"https:\/\/www.topswimclub.ee\/wp-content\/uploads\/2012\/08\/Noortesaja_II_etapp_Haaberstis_3.veebruar.doc\" target=\"_blank\"> Noortesarja II etapp 03.veebruar 2012.a.<\/a><br \/>\n<a href=\"https:\/\/www.topswimclub.ee\/wp-content\/uploads\/2012\/08\/Eesti_Karikavoistlused_2012_juhend.doc\" target=\"_blank\"> Eesti Karikav\u00f5istlused 2012 juhend<\/a><br \/>\n<a href=\"https:\/\/www.topswimclub.ee\/wp-content\/uploads\/2012\/08\/Baltic_States_2012.pdf\" target=\"_blank\"> Baltic States Championships 2012<\/a><br \/>\n<a href=\"https:\/\/www.topswimclub.ee\/wp-content\/uploads\/2012\/08\/Eesti_Soome_Maavoistlus_2012_Espoonlahti_juhend.pdf\" target=\"_blank\"> Eesti &#8211; Soome Maav\u00f5istlus 2012 Espoonlahti juhend<\/a><br \/>\n<a href=\"https:\/\/www.topswimclub.ee\/wp-content\/uploads\/2012\/08\/Tartu_Kevad_2012_juhend.pdf\" target=\"_blank\"> Tartu kevad 2012 juhend<\/a><br \/>\n<a href=\"https:\/\/www.topswimclub.ee\/wp-content\/uploads\/2012\/08\/Viimsi_valla_MV.rtf\" target=\"_blank\"> Viimsi valla MV 2012<\/a><br \/>\n<a href=\"https:\/\/www.topswimclub.ee\/wp-content\/uploads\/2012\/08\/Noortesarja_III_etapi_juhend_Audentes_31.marts_2012.doc\" target=\"_blank\"> Noortesarja III etapp juhend Audentes 31.m\u00e4rts 2012<\/a><br \/>\n<a href=\"https:\/\/www.topswimclub.ee\/wp-content\/uploads\/2012\/08\/VHM_ujumises_juhend_2012.doc\" target=\"_blank\"> H\u00fcnersoni M\u00e4lestusv\u00f5istlused 15.aprill 2012 Tartu<\/a><br \/>\n<a href=\"https:\/\/www.topswimclub.ee\/wp-content\/uploads\/2012\/08\/Pohjamaade_Noorte_MV_Copenhagen_7.8.juuli_2012_juhend.pdf\" target=\"_blank\"> P\u00f5hjamaade Noorte MV Copenhagen 7.-8.juuli 2012 juhend<\/a><br \/>\n<a href=\"https:\/\/www.topswimclub.ee\/wp-content\/uploads\/2012\/08\/NS_Finaal010612.doc\" target=\"_blank\"> Noortesarja 2012 Finaali juhend<\/a><br \/>\n<a href=\"https:\/\/www.topswimclub.ee\/wp-content\/uploads\/2012\/08\/Keila_Cup_2012_juhend.pdf\" target=\"_blank\"> Keila Cup 09.juuni 2012 juhend<\/a><br \/>\n<a href=\"https:\/\/www.topswimclub.ee\/wp-content\/uploads\/2012\/08\/Euroopa_MV_21.27.mai_2012_Debrecen.pdf\" target=\"_blank\"> Euroopa MV Debrecen mai 2012 juhend<\/a><br \/>\n<a href=\"https:\/\/www.topswimclub.ee\/wp-content\/uploads\/2012\/08\/Pariisi_lahtised.pdf\" target=\"_blank\"> Pariisi Lahtised MV juuli 2012 juhend<\/a><br \/>\n<a href=\"https:\/\/www.topswimclub.ee\/wp-content\/uploads\/2012\/08\/Eesti_Lahtised_MV_ujumises_25.27.juuni_2012_juhend.doc\" target=\"_blank\"> Eesti Lahtised MV ujumises 25.-27.juuni 2012 Tartu<\/a><br \/>\n<a href=\"https:\/\/www.topswimclub.ee\/wp-content\/uploads\/2012\/08\/Avavee_seeriavoistluse_uldjuhend.pdf\" target=\"_blank\"> Avavee seeriav\u00f5istluste juhend 2012<\/a><br \/>\n<a href=\"https:\/\/www.topswimclub.ee\/wp-content\/uploads\/2012\/08\/Vaikese_Vaina_ujumise_juhend.pdf\" target=\"_blank\"> V\u00e4ikese V\u00e4ina pikamaaujumise juhend 2012<\/a><br \/>\n<a href=\"https:\/\/www.topswimclub.ee\/wp-content\/uploads\/2012\/08\/Avavee_MV_2012.doc\" target=\"_blank\"> Avavee MV 2012<\/a><\/p>\n","protected":false},"excerpt":{"rendered":"<p>AURA Lahtine Rada 25.september 2011 Tartu Tallinna MV Mitmev\u00f5istluses 19-20.oktoober 2011 Haabersti Kalev Open 11.-12.november 2011 Noortesarja I etapp 5.november 2011 Kalev Pardikeste I etapp 6.november 2011 P\u00f5hjamaade Juunioride MV Island 2011 Tonttu Uinnit 3.detsember 2011 Helsingi Eesti L\u00fchiraja MV 2012 Talvehakk 2012 Audentese Karikas 2012 Noortesarja II etapp 03.veebruar 2012.a. Eesti Karikav\u00f5istlused 2012 juhend Baltic States Championships 2012 Eesti &#8211; Soome Maav\u00f5istlus 2012 Espoonlahti juhend Tartu kevad 2012 juhend Viimsi valla MV 2012 Noortesarja III etapp juhend Audentes 31.m\u00e4rts 2012 H\u00fcnersoni M\u00e4lestusv\u00f5istlused 15.aprill 2012 Tartu P\u00f5hjamaade Noorte MV Copenhagen&nbsp;<a href=\"https:\/\/www.topswimclub.ee\/en\/competitions\/regulations\/201112-season\/\" class=\"read-more\">Continue Reading<\/a><\/p>\n","protected":false},"author":2,"featured_media":0,"parent":2386,"menu_order":0,"comment_status":"open","ping_status":"open","template":"","meta":{"footnotes":""},"class_list":["post-2392","page","type-page","status-publish","hentry"],"_links":{"self":[{"href":"https:\/\/www.topswimclub.ee\/en\/wp-json\/wp\/v2\/pages\/2392","targetHints":{"allow":["GET"]}}],"collection":[{"href":"https:\/\/www.topswimclub.ee\/en\/wp-json\/wp\/v2\/pages"}],"about":[{"href":"https:\/\/www.topswimclub.ee\/en\/wp-json\/wp\/v2\/types\/page"}],"author":[{"embeddable":true,"href":"https:\/\/www.topswimclub.ee\/en\/wp-json\/wp\/v2\/users\/2"}],"replies":[{"embeddable":true,"href":"https:\/\/www.topswimclub.ee\/en\/wp-json\/wp\/v2\/comments?post=2392"}],"version-history":[{"count":0,"href":"https:\/\/www.topswimclub.ee\/en\/wp-json\/wp\/v2\/pages\/2392\/revisions"}],"up":[{"embeddable":true,"href":"https:\/\/www.topswimclub.ee\/en\/wp-json\/wp\/v2\/pages\/2386"}],"wp:attachment":[{"href":"https:\/\/www.topswimclub.ee\/en\/wp-json\/wp\/v2\/media?parent=2392"}],"curies":[{"name":"wp","href":"https:\/\/api.w.org\/{rel}","templated":true}]}}