{"id":2398,"date":"2012-09-14T14:54:32","date_gmt":"2012-09-14T11:54:32","guid":{"rendered":"http:\/\/www.topswimclub.ee\/?page_id=2398"},"modified":"2012-09-14T14:54:32","modified_gmt":"2012-09-14T11:54:32","slug":"normatives","status":"publish","type":"page","link":"https:\/\/www.topswimclub.ee\/en\/competitions\/normatives\/","title":{"rendered":"Normatives"},"content":{"rendered":"<p><a href=\"https:\/\/www.swimming.ee\/?page=leht&amp;owner=19&amp;kat=71\" target=\"_blank\">Eesti Meistriv\u00f5istlused<\/a><br \/>\n<a href=\"https:\/\/www.swimming.ee\/?page=sk&amp;marx=leht_sisu&amp;toode=304&amp;owner=19\" target=\"_blank\">P\u00f5hjamaade Juunioride MV 2008-2011<\/a><br \/>\n<a href=\"https:\/\/www.swimming.ee\/?page=sk&amp;marx=leht_sisu&amp;toode=499&amp;owner=19\" target=\"_blank\">Euroopa L\u00fchiraja Meistriv\u00f5istlused 2008-2011<\/a><br \/>\n<a href=\"https:\/\/www.swimming.ee\/?page=sk&amp;marx=leht_sisu&amp;toode=513&amp;owner=19\" target=\"_blank\">Noorte Ol\u00fcmpiam\u00e4ngud 2010, Singapur<\/a><br \/>\n<a href=\"https:\/\/www.swimming.ee\/?page=sk&amp;marx=leht_sisu&amp;toode=442&amp;owner=19\" target=\"_blank\">Euroopa Juunioride MV 2009-2011<\/a><br \/>\n<a href=\"https:\/\/www.swimming.ee\/?page=sk&amp;marx=leht_sisu&amp;toode=421&amp;owner=19\" target=\"_blank\">Maailmameistriv\u00f5istlused 2009-2011<\/a><br \/>\n<a href=\"https:\/\/www.swimming.ee\/?page=sk&amp;marx=leht_sisu&amp;toode=317&amp;owner=19\" target=\"_blank\">Maailmameistriv\u00f5istlused (25m) 2010<\/a><br \/>\n<a href=\"https:\/\/www.swimming.ee\/?page=sk&amp;marx=leht_sisu&amp;toode=373&amp;owner=19\" target=\"_blank\">Euroopa Meistriv\u00f5istlused 2010<\/a><\/p>\n","protected":false},"excerpt":{"rendered":"<p>Eesti Meistriv\u00f5istlused P\u00f5hjamaade Juunioride MV 2008-2011 Euroopa L\u00fchiraja Meistriv\u00f5istlused 2008-2011 Noorte Ol\u00fcmpiam\u00e4ngud 2010, Singapur Euroopa Juunioride MV 2009-2011 Maailmameistriv\u00f5istlused 2009-2011 Maailmameistriv\u00f5istlused (25m) 2010 Euroopa Meistriv\u00f5istlused 2010<\/p>\n","protected":false},"author":2,"featured_media":0,"parent":2377,"menu_order":4,"comment_status":"open","ping_status":"open","template":"","meta":{"footnotes":""},"class_list":["post-2398","page","type-page","status-publish","hentry"],"_links":{"self":[{"href":"https:\/\/www.topswimclub.ee\/en\/wp-json\/wp\/v2\/pages\/2398","targetHints":{"allow":["GET"]}}],"collection":[{"href":"https:\/\/www.topswimclub.ee\/en\/wp-json\/wp\/v2\/pages"}],"about":[{"href":"https:\/\/www.topswimclub.ee\/en\/wp-json\/wp\/v2\/types\/page"}],"author":[{"embeddable":true,"href":"https:\/\/www.topswimclub.ee\/en\/wp-json\/wp\/v2\/users\/2"}],"replies":[{"embeddable":true,"href":"https:\/\/www.topswimclub.ee\/en\/wp-json\/wp\/v2\/comments?post=2398"}],"version-history":[{"count":0,"href":"https:\/\/www.topswimclub.ee\/en\/wp-json\/wp\/v2\/pages\/2398\/revisions"}],"up":[{"embeddable":true,"href":"https:\/\/www.topswimclub.ee\/en\/wp-json\/wp\/v2\/pages\/2377"}],"wp:attachment":[{"href":"https:\/\/www.topswimclub.ee\/en\/wp-json\/wp\/v2\/media?parent=2398"}],"curies":[{"name":"wp","href":"https:\/\/api.w.org\/{rel}","templated":true}]}}