{"id":2400,"date":"2012-09-14T14:55:18","date_gmt":"2012-09-14T11:55:18","guid":{"rendered":"http:\/\/www.topswimclub.ee\/?page_id=2400"},"modified":"2012-09-14T14:55:18","modified_gmt":"2012-09-14T11:55:18","slug":"20062007-2","status":"publish","type":"page","link":"https:\/\/www.topswimclub.ee\/en\/competitions\/results\/20062007-2\/","title":{"rendered":"2006\/2007"},"content":{"rendered":"<p><a href=\"https:\/\/www.topswimclub.ee\/wp-content\/uploads\/2012\/09\/avavee_07_prot.doc\" target=\"_blank\">Avaveeujumise Eesti MV<\/a><br \/>\n<a href=\"https:\/\/www.swimming.ee\/failid\/2154.pdf\" target=\"_blank\">V\u00e4ikse V\u00e4ina avaveeujumine<\/a><br \/>\nEuroopa juunioride MV, 50m<br \/>\nTaani lahtised meistriv\u00f5istlused, 50m<br \/>\n<a href=\"https:\/\/www.topswimclub.ee\/wp-content\/uploads\/2012\/09\/Oismae2007.pdf\" target=\"_blank\">\u00d5ism\u00e4e ujula avav\u00f5istlus<\/a><br \/>\nStockholm Summer Games 2007<br \/>\nM\u00e4rsky Uinnit<br \/>\nKeila Cup<br \/>\n<a href=\"https:\/\/www.topswimclub.ee\/wp-content\/uploads\/2012\/09\/ns_finaal2007.doc\" target=\"_blank\">Noortesarja finaal<\/a><br \/>\n<a href=\"https:\/\/www.topswimclub.ee\/wp-content\/uploads\/2012\/09\/2044.doc\" target=\"_blank\">Eesti-Soome maav\u00f5istlus<\/a><br \/>\n<a href=\"https:\/\/www.topswimclub.ee\/wp-content\/uploads\/2012\/09\/Coral_Club_Sulps.xls\" target=\"_blank\"> Coral Club Sulps<\/a><br \/>\n<a href=\"https:\/\/www.topswimclub.ee\/wp-content\/uploads\/2012\/09\/finaali_protokoll.doc\" target=\"_blank\"> K\u00f5ik Meie Pardikesed finaal<\/a><br \/>\n<a href=\"https:\/\/www.topswimclub.ee\/wp-content\/uploads\/2012\/09\/pardikeste_rekordid.doc\" target=\"_blank\"> K\u00f5ik Meie Pardikesed rekordid<\/a><br \/>\n<a href=\"https:\/\/www.topswimclub.ee\/wp-content\/uploads\/2012\/09\/Hunerson22.04.07.doc\" target=\"_blank\"> V. H\u00fcnersoni m\u00e4lestusv\u00f5istlus<\/a><br \/>\n<a href=\"https:\/\/www.topswimclub.ee\/wp-content\/uploads\/2012\/09\/nsIIIpohi.doc\" target=\"_blank\"> Noortesarja III etapp, p\u00f5hjatsoon<\/a><br \/>\n<a href=\"https:\/\/www.topswimclub.ee\/wp-content\/uploads\/2012\/09\/results.doc\" target=\"_blank\"> Noortesarja III etapp, l\u00e4\u00e4netsoon<\/a><br \/>\n<a href=\"https:\/\/www.topswimclub.ee\/wp-content\/uploads\/2012\/09\/tartu_kevad_2007_results.doc\" target=\"_blank\"> Tartu Kevad 2007<\/a><br \/>\nK\u00f5ik Meie Pardikesed finaalide koosseisud<br \/>\n<a href=\"https:\/\/www.topswimclub.ee\/wp-content\/uploads\/2012\/09\/pardikeste_protokoll_III.doc\" target=\"_blank\"> K\u00f5ik Meie Pardikesed III etapp<\/a><br \/>\n<a href=\"https:\/\/www.topswimclub.ee\/wp-content\/uploads\/2012\/09\/J.Sirge_karikas_2007.a..xls\" target=\"_blank\"> J. Sirge M\u00e4lestusv\u00f5istlus<\/a><br \/>\n<a href=\"https:\/\/www.topswimclub.ee\/wp-content\/uploads\/2012\/09\/eestimv_2007.doc\" target=\"_blank\"> Eesti MV<\/a><br \/>\n<a href=\"https:\/\/www.topswimclub.ee\/wp-content\/uploads\/2012\/09\/eestimv_2007juun.doc\" target=\"_blank\"> Eesti juunioride MV<\/a><br \/>\n<a href=\"https:\/\/www.topswimclub.ee\/wp-content\/uploads\/2012\/09\/eestimv_2007noor.doc\" target=\"_blank\"> Eesti noorte MV<\/a><br \/>\n<a href=\"https:\/\/www.topswimclub.ee\/wp-content\/uploads\/2012\/09\/briis07.doc\" target=\"_blank\"> UK Briis karikas<\/a><br \/>\n<a href=\"https:\/\/www.topswimclub.ee\/wp-content\/uploads\/2012\/09\/baltimatsh07.doc\" target=\"_blank\"> Balti noorte mat\u0161, Baltimaade MV<\/a><br \/>\n<a href=\"https:\/\/www.topswimclub.ee\/wp-content\/uploads\/2012\/09\/NS_II_et._Kuremaa_Fina_punktidega_tulemused.doc\" target=\"_blank\"> Noortesarja II etapp, p\u00f5hjatsoon<\/a><br \/>\nNoortesarja II etapp, medalid<br \/>\n<a href=\"https:\/\/www.topswimclub.ee\/wp-content\/uploads\/2012\/09\/II_etapi_tulemused.doc\" target=\"_blank\"> Noortesarja II etapp, l\u00e4\u00e4netsoon<\/a><br \/>\nK\u00f5ik Meie Pardikesed II etapp<br \/>\n<a href=\"https:\/\/www.topswimclub.ee\/wp-content\/uploads\/2012\/09\/TOP_Maraton_07.xls\" target=\"_blank\"> TOP UK Maratonv\u00f5istlus<\/a><br \/>\n<a href=\"https:\/\/www.topswimclub.ee\/wp-content\/uploads\/2012\/09\/talvehakk06.xls\" target=\"_blank\"> TOP UK Talvehakk<\/a><br \/>\n<a href=\"https:\/\/www.topswimclub.ee\/wp-content\/uploads\/2012\/09\/Kalev_Open_2006.doc\" target=\"_blank\"> Kalev Open<\/a><br \/>\nEuroopa l\u00fchiraja MV<br \/>\n<a href=\"https:\/\/www.topswimclub.ee\/wp-content\/uploads\/2012\/09\/emnoored06.doc\" target=\"_blank\"> Eesti noorte MV<\/a><br \/>\nP\u00f5hjamaade juunioride MV<br \/>\nTonttu Uinnit<br \/>\n<a href=\"https:\/\/www.topswimclub.ee\/wp-content\/uploads\/2012\/09\/em06.doc\" target=\"_blank\"> Eesti l\u00fchiradade MV<\/a><br \/>\nEesti juunioride MV<br \/>\n<a href=\"https:\/\/www.topswimclub.ee\/wp-content\/uploads\/2012\/09\/tulemused.doc\" target=\"_blank\"> Noortesarja I etapp, l\u00e4\u00e4netsoon<\/a><br \/>\n<a href=\"https:\/\/www.topswimclub.ee\/wp-content\/uploads\/2012\/09\/ns1pohi.xls\" target=\"_blank\"> Noortesarja I etapp, p\u00f5hjatsoon<\/a><br \/>\n<a href=\"https:\/\/www.topswimclub.ee\/wp-content\/uploads\/2012\/09\/tln06.xls\" target=\"_blank\"> Tallinna MV mitmev\u00f5istluses<\/a><br \/>\n<a href=\"https:\/\/www.topswimclub.ee\/wp-content\/uploads\/2012\/09\/Pardikeste_protokoll__I_etapp.doc\" target=\"_blank\"> K\u00f5ik Meie Pardikesed I etapp<\/a><br \/>\nTYR Cup 07.10.2006<br \/>\nTYR Cup 08.10.2006<\/p>\n","protected":false},"excerpt":{"rendered":"<p>Avaveeujumise Eesti MV V\u00e4ikse V\u00e4ina avaveeujumine Euroopa juunioride MV, 50m Taani lahtised meistriv\u00f5istlused, 50m \u00d5ism\u00e4e ujula avav\u00f5istlus Stockholm Summer Games 2007 M\u00e4rsky Uinnit Keila Cup Noortesarja finaal Eesti-Soome maav\u00f5istlus Coral Club Sulps K\u00f5ik Meie Pardikesed finaal K\u00f5ik Meie Pardikesed rekordid V. H\u00fcnersoni m\u00e4lestusv\u00f5istlus Noortesarja III etapp, p\u00f5hjatsoon Noortesarja III etapp, l\u00e4\u00e4netsoon Tartu Kevad 2007 K\u00f5ik Meie Pardikesed finaalide koosseisud K\u00f5ik Meie Pardikesed III etapp J. Sirge M\u00e4lestusv\u00f5istlus Eesti MV Eesti juunioride MV Eesti noorte MV UK Briis karikas Balti noorte mat\u0161, Baltimaade MV Noortesarja II etapp, p\u00f5hjatsoon Noortesarja II etapp,&nbsp;<a href=\"https:\/\/www.topswimclub.ee\/en\/competitions\/results\/20062007-2\/\" class=\"read-more\">Continue Reading<\/a><\/p>\n","protected":false},"author":2,"featured_media":0,"parent":2394,"menu_order":0,"comment_status":"open","ping_status":"open","template":"","meta":{"footnotes":""},"class_list":["post-2400","page","type-page","status-publish","hentry"],"_links":{"self":[{"href":"https:\/\/www.topswimclub.ee\/en\/wp-json\/wp\/v2\/pages\/2400","targetHints":{"allow":["GET"]}}],"collection":[{"href":"https:\/\/www.topswimclub.ee\/en\/wp-json\/wp\/v2\/pages"}],"about":[{"href":"https:\/\/www.topswimclub.ee\/en\/wp-json\/wp\/v2\/types\/page"}],"author":[{"embeddable":true,"href":"https:\/\/www.topswimclub.ee\/en\/wp-json\/wp\/v2\/users\/2"}],"replies":[{"embeddable":true,"href":"https:\/\/www.topswimclub.ee\/en\/wp-json\/wp\/v2\/comments?post=2400"}],"version-history":[{"count":0,"href":"https:\/\/www.topswimclub.ee\/en\/wp-json\/wp\/v2\/pages\/2400\/revisions"}],"up":[{"embeddable":true,"href":"https:\/\/www.topswimclub.ee\/en\/wp-json\/wp\/v2\/pages\/2394"}],"wp:attachment":[{"href":"https:\/\/www.topswimclub.ee\/en\/wp-json\/wp\/v2\/media?parent=2400"}],"curies":[{"name":"wp","href":"https:\/\/api.w.org\/{rel}","templated":true}]}}