{"id":2402,"date":"2012-09-14T14:55:35","date_gmt":"2012-09-14T11:55:35","guid":{"rendered":"http:\/\/www.topswimclub.ee\/?page_id=2402"},"modified":"2012-09-14T14:55:35","modified_gmt":"2012-09-14T11:55:35","slug":"20102011-2","status":"publish","type":"page","link":"https:\/\/www.topswimclub.ee\/en\/competitions\/results\/20102011-2\/","title":{"rendered":"2010\/2011"},"content":{"rendered":"<p><a href=\"https:\/\/www.topswimclub.ee\/wp-content\/uploads\/2012\/09\/Aura_Lahtine_Rada_26.sept_.pdf\" target=\"_blank\">Aura Lahtine Rada 26.sept. 2010<\/a><br \/>\n<a href=\"https:\/\/www.topswimclub.ee\/wp-content\/uploads\/2012\/09\/Noortesarja_I_etapp_5.nov_.2010.pdf\" target=\"_blank\">Tallinna MV Mitmev\u00f5istluses 20.-21.okt. 2010 <\/a><br \/>\n<a href=\"https:\/\/www.topswimclub.ee\/wp-content\/uploads\/2012\/09\/Noortesarja_I_etapp_5.nov_.2010-1.pdf\" target=\"_blank\">TOP Ujumisklubi kontrollv\u00f5istlused 28.okt. 2010 Vinni<\/a><br \/>\n<a href=\"https:\/\/www.topswimclub.ee\/wp-content\/uploads\/2012\/09\/Tln._2010.protokoll.xls\" target=\"_blank\">Tallinna Meistriv\u00f5istlused Mitmev\u00f5istluses 2010<\/a><br \/>\n<a href=\"https:\/\/www.topswimclub.ee\/wp-content\/uploads\/2012\/09\/Noortesarja_I_etapp_5.nov_.2010-2.pdf\" target=\"_blank\">Noortesarja I etapp 5.nov. 2010<\/a><br \/>\n<a href=\"https:\/\/www.topswimclub.ee\/wp-content\/uploads\/2012\/09\/pardikesed_I_etapp_7.nov_._2010.doc\" target=\"_blank\">Pardikesed I etapp 7.november 2010<\/a><br \/>\n<a href=\"https:\/\/www.topswimclub.ee\/wp-content\/uploads\/2012\/09\/EKV_I_osa.pdf\" target=\"_blank\">Eesti KV I-osa 12.-13.nov. 2010<\/a><br \/>\n<a href=\"https:\/\/www.topswimclub.ee\/wp-content\/uploads\/2012\/09\/EKV_II_osa.pdf\" target=\"_blank\">Eesti KV II-osa 12.-13.nov. 2010<\/a><br \/>\n2010 Tonttu Uinnit tulokset<br \/>\n<a href=\"https:\/\/www.topswimclub.ee\/wp-content\/uploads\/2012\/09\/Kalev_Open_tulemused_2010.pdf\" target=\"_blank\">Kalev Open tulemused 2010<\/a><br \/>\n<a href=\"https:\/\/www.topswimclub.ee\/wp-content\/uploads\/2012\/09\/TALVEHAKK_2011.doc\" target=\"_blank\">Talvehakk 2011<\/a><br \/>\n<a href=\"https:\/\/www.topswimclub.ee\/wp-content\/uploads\/2012\/09\/56.jaanuar_TOP_Maraton_2011.xls\" target=\"_blank\">5-6.jaanuar 2011 TOP Maraton<\/a><br \/>\n<a href=\"https:\/\/www.topswimclub.ee\/wp-content\/uploads\/2012\/09\/tulemused_Audentese_Spordiklubi_Karikas_21.jaan_.2011.xls\" target=\"_blank\">Audentese Karikas 2011<\/a><br \/>\n<a href=\"https:\/\/www.topswimclub.ee\/wp-content\/uploads\/2012\/09\/pardikesed_II_30Jan11.pdf\" target=\"_blank\">Pardikesed II etapp 30. jaan 2011 <\/a><br \/>\n<a href=\"https:\/\/www.topswimclub.ee\/wp-content\/uploads\/2012\/09\/noortesari_3032veebr.pdf\" target=\"_blank\">Noortesari 05.veebr 2011 <\/a><br \/>\n<a href=\"https:\/\/www.topswimclub.ee\/wp-content\/uploads\/2012\/09\/Eesti_Noorte_Luhiraja_MV_2011.pdf\" target=\"_blank\">Eesti Noorte L\u00fchiraja MV 2011<\/a><br \/>\n<a href=\"https:\/\/www.topswimclub.ee\/wp-content\/uploads\/2012\/09\/eestikate_I_osa_tulemused.pdf\" target=\"_blank\">Eesti L\u00fchiraja MV 3.-4.m\u00e4rts 2011 I osa<\/a><br \/>\n<a href=\"https:\/\/www.topswimclub.ee\/wp-content\/uploads\/2012\/09\/3044.pdf\" target=\"_blank\">Eesti L\u00fchiraja MV 3.-4.m\u00e4rts 2011 II osa<\/a><br \/>\n<a href=\"https:\/\/www.topswimclub.ee\/wp-content\/uploads\/2012\/09\/3045.pdf\" target=\"_blank\">Eesti L\u00fchiraja MV 3.-4.m\u00e4rts 2011 III osa<\/a><br \/>\n<a href=\"https:\/\/www.topswimclub.ee\/wp-content\/uploads\/2012\/09\/Pardikesed3lopuprotokoll2.doc\" target=\"_blank\">Pardikesed III etapp 13.m\u00e4rts <\/a><br \/>\n<a href=\"https:\/\/www.russwimming.ru\/upload\/4day_itog.pdf\" target=\"_blank\">INT. MEET FOR THE PRIZES OF THE RUSSIAN SWIMMING FEDERATION-ST. PETERSBURG, MARCH 17 &#8211; 20, 2011<\/a><br \/>\n<a href=\"https:\/\/www.topswimclub.ee\/wp-content\/uploads\/2012\/09\/2011.pdf\" target=\"_blank\">Noortesarja III etapp \u00d5ism\u00e4e aprill 2011<\/a><br \/>\n<a href=\"https:\/\/www.topswimclub.ee\/wp-content\/uploads\/2012\/09\/Hunerson_results_20113.pdf\" target=\"_blank\">H\u00fcnersons results 2011<\/a><br \/>\n<a href=\"https:\/\/www.topswimclub.ee\/wp-content\/uploads\/2012\/09\/results2011.pdf\" target=\"_blank\">Tartu Kevad 2011 tulemused<\/a><br \/>\n<a href=\"https:\/\/www.topswimclub.ee\/wp-content\/uploads\/2012\/09\/pardikesed_finaali_protokoll.doc\" target=\"_blank\">Pardikesed Finaal 2011, \u00d5ism\u00e4e<\/a><br \/>\n<a href=\"https:\/\/www.topswimclub.ee\/wp-content\/uploads\/2012\/09\/3095.pdf\" target=\"_blank\">Eesti-Soome Maav\u00f5istlus 2011 I-osa<\/a><br \/>\n<a href=\"https:\/\/www.topswimclub.ee\/wp-content\/uploads\/2012\/09\/3044-1.pdf\" target=\"_blank\">Eesti-Soome Maav\u00f5istlus 2011 II-osa<\/a><br \/>\n<a href=\"https:\/\/www.topswimclub.ee\/wp-content\/uploads\/2012\/09\/3097.pdf\" target=\"_blank\">Eesti-Soome Maav\u00f5istlus 2011 III-osa<\/a><br \/>\n<a href=\"https:\/\/www.topswimclub.ee\/wp-content\/uploads\/2012\/09\/Noortesarja_Finaal_Keila_2011_tulemused.pdf\" target=\"_blank\">Noortesarja Finaal Keila 2011, tulemused<\/a><br \/>\n<a href=\"https:\/\/www.topswimclub.ee\/wp-content\/uploads\/2012\/09\/Noortesarja_Finaal_2011_klubide_kokkuvote.pdf\" target=\"_blank\">Noortesarja Finaal 2011, klubide kokkuv\u00f5te<\/a><br \/>\n<a href=\"https:\/\/www.topswimclub.ee\/wp-content\/uploads\/2012\/09\/Kontrollvoistlused_I2.doc\" target=\"_blank\">TOP UK Kontrollv\u00f5istlused 28.-29.05.11.<\/a><br \/>\n<a href=\"https:\/\/www.topswimclub.ee\/wp-content\/uploads\/2012\/09\/Keila_Cup_2011.pdf\" target=\"_blank\">KEILA CUP 2011<\/a><br \/>\n<a href=\"https:\/\/www.topswimclub.ee\/wp-content\/uploads\/2012\/09\/Eestikad_I_osa.pdf\" target=\"_blank\">Eesti MV I ja II -osa, Tartu 2011<\/a><br \/>\n<a href=\"https:\/\/www.topswimclub.ee\/wp-content\/uploads\/2012\/09\/Eesti_MV_2.paev_III_osa.pdf\" target=\"_blank\">Eesti MV III &#8211; osa<\/a><br \/>\n<a href=\"https:\/\/www.topswimclub.ee\/wp-content\/uploads\/2012\/09\/Eesti_MV_IV_osa.pdf\" target=\"_blank\">Eesti MV IV &#8211; osa<\/a><br \/>\n<a href=\"https:\/\/www.topswimclub.ee\/wp-content\/uploads\/2012\/09\/Eesti_MV_V_osa.pdf\" target=\"_blank\">Eesti MV V -osa<\/a><br \/>\n<a href=\"https:\/\/www.topswimclub.ee\/wp-content\/uploads\/2012\/09\/Eesti_MVTartu_26.28.juuni_2011.pdf\" target=\"_blank\">Eesti MV VI &#8211; osa<\/a><\/p>\n","protected":false},"excerpt":{"rendered":"<p>Aura Lahtine Rada 26.sept. 2010 Tallinna MV Mitmev\u00f5istluses 20.-21.okt. 2010 TOP Ujumisklubi kontrollv\u00f5istlused 28.okt. 2010 Vinni Tallinna Meistriv\u00f5istlused Mitmev\u00f5istluses 2010 Noortesarja I etapp 5.nov. 2010 Pardikesed I etapp 7.november 2010 Eesti KV I-osa 12.-13.nov. 2010 Eesti KV II-osa 12.-13.nov. 2010 2010 Tonttu Uinnit tulokset Kalev Open tulemused 2010 Talvehakk 2011 5-6.jaanuar 2011 TOP Maraton Audentese Karikas 2011 Pardikesed II etapp 30. jaan 2011 Noortesari 05.veebr 2011 Eesti Noorte L\u00fchiraja MV 2011 Eesti L\u00fchiraja MV 3.-4.m\u00e4rts 2011 I osa Eesti L\u00fchiraja MV 3.-4.m\u00e4rts 2011 II osa Eesti L\u00fchiraja MV 3.-4.m\u00e4rts 2011&nbsp;<a href=\"https:\/\/www.topswimclub.ee\/en\/competitions\/results\/20102011-2\/\" class=\"read-more\">Continue Reading<\/a><\/p>\n","protected":false},"author":2,"featured_media":0,"parent":2394,"menu_order":0,"comment_status":"open","ping_status":"open","template":"","meta":{"footnotes":""},"class_list":["post-2402","page","type-page","status-publish","hentry"],"_links":{"self":[{"href":"https:\/\/www.topswimclub.ee\/en\/wp-json\/wp\/v2\/pages\/2402","targetHints":{"allow":["GET"]}}],"collection":[{"href":"https:\/\/www.topswimclub.ee\/en\/wp-json\/wp\/v2\/pages"}],"about":[{"href":"https:\/\/www.topswimclub.ee\/en\/wp-json\/wp\/v2\/types\/page"}],"author":[{"embeddable":true,"href":"https:\/\/www.topswimclub.ee\/en\/wp-json\/wp\/v2\/users\/2"}],"replies":[{"embeddable":true,"href":"https:\/\/www.topswimclub.ee\/en\/wp-json\/wp\/v2\/comments?post=2402"}],"version-history":[{"count":0,"href":"https:\/\/www.topswimclub.ee\/en\/wp-json\/wp\/v2\/pages\/2402\/revisions"}],"up":[{"embeddable":true,"href":"https:\/\/www.topswimclub.ee\/en\/wp-json\/wp\/v2\/pages\/2394"}],"wp:attachment":[{"href":"https:\/\/www.topswimclub.ee\/en\/wp-json\/wp\/v2\/media?parent=2402"}],"curies":[{"name":"wp","href":"https:\/\/api.w.org\/{rel}","templated":true}]}}