{"id":2404,"date":"2012-09-14T14:55:55","date_gmt":"2012-09-14T11:55:55","guid":{"rendered":"http:\/\/www.topswimclub.ee\/?page_id=2404"},"modified":"2012-09-14T14:55:55","modified_gmt":"2012-09-14T11:55:55","slug":"20072008-2","status":"publish","type":"page","link":"https:\/\/www.topswimclub.ee\/en\/competitions\/results\/20072008-2\/","title":{"rendered":"2007\/2008"},"content":{"rendered":"<p><a href=\"https:\/\/www.topswimclub.ee\/wp-content\/uploads\/2012\/09\/ava2008.xls\" target=\"_blank\">Eesti MV avaveeujumises<\/a><br \/>\nEuroopa Juunioride MV<br \/>\n<a href=\"https:\/\/www.topswimclub.ee\/wp-content\/uploads\/2012\/09\/pnmv2008results-1.xls\" target=\"_blank\"> P\u00f5hjamaade Noorte MV<\/a><br \/>\nNoorte MM<br \/>\n<a href=\"https:\/\/www.topswimclub.ee\/wp-content\/uploads\/2012\/09\/Vaska_Meistrivoistlus_15.07.08._Protokoll.doc\" target=\"_blank\"> V\u00e4rska I Meistriv\u00f5istlused<\/a><br \/>\n<a href=\"https:\/\/www.topswimclub.ee\/wp-content\/uploads\/2012\/09\/emv2008results.pdf\" target=\"_blank\"> Eesti 89. lahtised meistriv\u00f5istlused<\/a><br \/>\n<a href=\"https:\/\/www.topswimclub.ee\/wp-content\/uploads\/2012\/09\/keilacupresults.pdf\" target=\"_blank\"> Keila Cup<\/a><br \/>\n<a href=\"https:\/\/www.topswimclub.ee\/wp-content\/uploads\/2012\/09\/nsfinnal08results.pdf\" target=\"_blank\"> EUL Noortesarja finaal<\/a><br \/>\nEesti-Soome maav\u00f5istlus<br \/>\n<a href=\"https:\/\/www.topswimclub.ee\/wp-content\/uploads\/2012\/09\/Anyksciai2008_results.pdf\" target=\"_blank\"> Anyksciai Sprint 2008<\/a><br \/>\n<a href=\"https:\/\/www.topswimclub.ee\/wp-content\/uploads\/2012\/09\/Anyksciai2008_last_page.pdf\" target=\"_blank\"> Anyksciai Sprint 2008 parimad ujujad<\/a><br \/>\n<a href=\"https:\/\/www.topswimclub.ee\/wp-content\/uploads\/2012\/09\/pardikeste_finaali_tulemused_2008.doc\" target=\"_blank\"> K\u00f5ik Meie Pardikesed finaal<\/a><br \/>\n<a href=\"https:\/\/www.topswimclub.ee\/wp-content\/uploads\/2012\/09\/v._hynersoni_mv_prot_27.04.08.doc\" target=\"_blank\"> V. H\u00fcnersoni m\u00e4lestusv\u00f5istlus<\/a><br \/>\nTartu Kevad 2008<br \/>\n<a href=\"https:\/\/www.topswimclub.ee\/wp-content\/uploads\/2012\/09\/NS_Finaal2008_Best20.xls\" target=\"_blank\"> Noortesarja finaalide koosseisud<\/a><br \/>\n<a href=\"https:\/\/www.topswimclub.ee\/wp-content\/uploads\/2012\/09\/ns_iii_lt1204081.doc\" target=\"_blank\"> Noortesarja III etapp, l\u00e4\u00e4netsoon<\/a><br \/>\n<a href=\"https:\/\/www.topswimclub.ee\/wp-content\/uploads\/2012\/09\/ns_iii_etapp_sillamae._12.03.2008.doc\" target=\"_blank\"> Noortesarja III etapp, idatsoon<\/a><br \/>\nK<a href=\"https:\/\/www.topswimclub.ee\/wp-content\/uploads\/2012\/09\/finaal_2008_koosseisud.doc\" target=\"_blank\">\u00f5ik Meie Pardikesed finaalide koosseisud<\/a><br \/>\n<a href=\"https:\/\/www.topswimclub.ee\/wp-content\/uploads\/2012\/09\/tulemused_pardid_IIIetapp_2008.doc\" target=\"_blank\"> K\u00f5ik Meie Pardikesed III etapp<\/a><br \/>\n<a href=\"https:\/\/www.topswimclub.ee\/wp-content\/uploads\/2012\/09\/topspatulemused.doc\" target=\"_blank\"> TOP SPA Karikav\u00f5istlused ujumises<\/a><br \/>\n<a href=\"https:\/\/www.topswimclub.ee\/wp-content\/uploads\/2012\/09\/balti2008.pdf\" target=\"_blank\"> Baltimaade MV, Balti noorte mat\u0161<\/a><br \/>\n<a href=\"https:\/\/www.topswimclub.ee\/wp-content\/uploads\/2012\/09\/nsIIetapp.doc\" target=\"_blank\"> Noortesarja II etapp, l\u00e4\u00e4netsoon<\/a><br \/>\n<a href=\"https:\/\/www.topswimclub.ee\/wp-content\/uploads\/2012\/09\/noortesarja_II_etapp_result_kohtla_jarve.doc\" target=\"_blank\"> Noortesarja II etapp, idatsoon<\/a><br \/>\n<a href=\"https:\/\/www.topswimclub.ee\/wp-content\/uploads\/2012\/09\/lahtine_rada.doc\" target=\"_blank\"> Aura Lahtine Rada<\/a><br \/>\n<a href=\"https:\/\/www.topswimclub.ee\/wp-content\/uploads\/2012\/09\/pardikeste_rekordid_jaan_2008.doc\" target=\"_blank\"> K\u00f5ik Meie Pardikesed rekordid<\/a><br \/>\n<a href=\"https:\/\/www.topswimclub.ee\/wp-content\/uploads\/2012\/09\/pardid_II_loplik.doc\" target=\"_blank\"> K\u00f5ik Meie Pardikesed II etapp<\/a><br \/>\n<a href=\"https:\/\/www.topswimclub.ee\/wp-content\/uploads\/2012\/09\/maraton_koond_2008.xls\" target=\"_blank\"> TOP UK Maratonv\u00f5istlus (koondarvestus)<\/a><br \/>\n<a href=\"https:\/\/www.topswimclub.ee\/wp-content\/uploads\/2012\/09\/maraton08_results_by_athlete.doc\" target=\"_blank\"> TOP UK Maratonv\u00f5istlus (results by athlete)<\/a><br \/>\n<a href=\"https:\/\/www.topswimclub.ee\/wp-content\/uploads\/2012\/09\/maraton2008results.doc\" target=\"_blank\"> TOP UK Maratonv\u00f5istlus<\/a><br \/>\n<a href=\"https:\/\/www.topswimclub.ee\/wp-content\/uploads\/2012\/09\/talvehakk_vaike_bassein.xls\" target=\"_blank\"> TOP UK Talvehakk, v\u00e4ikse basseini lapsed<\/a><br \/>\n<a href=\"https:\/\/www.topswimclub.ee\/wp-content\/uploads\/2012\/09\/talvehakk2007tulemused.doc\" target=\"_blank\"> TOP UK Talvehakk<\/a><br \/>\n<a href=\"https:\/\/www.topswimclub.ee\/wp-content\/uploads\/2012\/09\/2246.pdf\" target=\"_blank\"> Kalev Open<\/a><br \/>\n<a href=\"https:\/\/www.topswimclub.ee\/wp-content\/uploads\/2012\/09\/eesti_noored_prot.pdf\" target=\"_blank\"> Eesti noorte l\u00fchiraja MV<\/a><br \/>\nTonttu Uinnit<br \/>\nP\u00f5hjamaade Juunioride MV<br \/>\n<a href=\"https:\/\/www.topswimclub.ee\/wp-content\/uploads\/2012\/09\/eestikad_07_25m.pdf\" target=\"_blank\"> Eesti l\u00fchiraja MV<\/a><br \/>\n<a href=\"https:\/\/www.topswimclub.ee\/wp-content\/uploads\/2012\/09\/nsItulemused.doc\" target=\"_blank\"> Noortesarja I etapp<\/a><br \/>\n<a href=\"https:\/\/www.topswimclub.ee\/wp-content\/uploads\/2012\/09\/Tall_mitmev2007.doc\" target=\"_blank\"> Tallinna mitmev\u00f5istluse MV<\/a><br \/>\n<a href=\"https:\/\/www.topswimclub.ee\/wp-content\/uploads\/2012\/09\/tulemused_pardid_I.doc\" target=\"_blank\"> K\u00f5ik Meie Pardikesed I etapp<\/a><br \/>\nH\u00f6ss\u00f6-Uinnit<\/p>\n","protected":false},"excerpt":{"rendered":"<p>Eesti MV avaveeujumises Euroopa Juunioride MV P\u00f5hjamaade Noorte MV Noorte MM V\u00e4rska I Meistriv\u00f5istlused Eesti 89. lahtised meistriv\u00f5istlused Keila Cup EUL Noortesarja finaal Eesti-Soome maav\u00f5istlus Anyksciai Sprint 2008 Anyksciai Sprint 2008 parimad ujujad K\u00f5ik Meie Pardikesed finaal V. H\u00fcnersoni m\u00e4lestusv\u00f5istlus Tartu Kevad 2008 Noortesarja finaalide koosseisud Noortesarja III etapp, l\u00e4\u00e4netsoon Noortesarja III etapp, idatsoon K\u00f5ik Meie Pardikesed finaalide koosseisud K\u00f5ik Meie Pardikesed III etapp TOP SPA Karikav\u00f5istlused ujumises Baltimaade MV, Balti noorte mat\u0161 Noortesarja II etapp, l\u00e4\u00e4netsoon Noortesarja II etapp, idatsoon Aura Lahtine Rada K\u00f5ik Meie Pardikesed rekordid K\u00f5ik Meie&nbsp;<a href=\"https:\/\/www.topswimclub.ee\/en\/competitions\/results\/20072008-2\/\" class=\"read-more\">Continue Reading<\/a><\/p>\n","protected":false},"author":2,"featured_media":0,"parent":2394,"menu_order":1,"comment_status":"open","ping_status":"open","template":"","meta":{"footnotes":""},"class_list":["post-2404","page","type-page","status-publish","hentry"],"_links":{"self":[{"href":"https:\/\/www.topswimclub.ee\/en\/wp-json\/wp\/v2\/pages\/2404","targetHints":{"allow":["GET"]}}],"collection":[{"href":"https:\/\/www.topswimclub.ee\/en\/wp-json\/wp\/v2\/pages"}],"about":[{"href":"https:\/\/www.topswimclub.ee\/en\/wp-json\/wp\/v2\/types\/page"}],"author":[{"embeddable":true,"href":"https:\/\/www.topswimclub.ee\/en\/wp-json\/wp\/v2\/users\/2"}],"replies":[{"embeddable":true,"href":"https:\/\/www.topswimclub.ee\/en\/wp-json\/wp\/v2\/comments?post=2404"}],"version-history":[{"count":0,"href":"https:\/\/www.topswimclub.ee\/en\/wp-json\/wp\/v2\/pages\/2404\/revisions"}],"up":[{"embeddable":true,"href":"https:\/\/www.topswimclub.ee\/en\/wp-json\/wp\/v2\/pages\/2394"}],"wp:attachment":[{"href":"https:\/\/www.topswimclub.ee\/en\/wp-json\/wp\/v2\/media?parent=2404"}],"curies":[{"name":"wp","href":"https:\/\/api.w.org\/{rel}","templated":true}]}}