{"id":2406,"date":"2012-09-14T14:56:13","date_gmt":"2012-09-14T11:56:13","guid":{"rendered":"http:\/\/www.topswimclub.ee\/?page_id=2406"},"modified":"2012-09-14T14:56:13","modified_gmt":"2012-09-14T11:56:13","slug":"20082009-2","status":"publish","type":"page","link":"https:\/\/www.topswimclub.ee\/en\/competitions\/results\/20082009-2\/","title":{"rendered":"2008\/2009"},"content":{"rendered":"<p>Maailmameistriv\u00f5istlused<br \/>\n<a href=\"https:\/\/www.livetiming.fi\/results.php?cid=331\" target=\"_blank\">Euroopa Noorte Ol\u00fcmpiap\u00e4evad<\/a><br \/>\n36. Euroopa Juunioride MV<br \/>\n<a href=\"https:\/\/www.topswimclub.ee\/wp-content\/uploads\/2012\/09\/2592.pdf\" target=\"_blank\">90. Eesti meistriv\u00f5istlused<\/a><br \/>\n<a href=\"https:\/\/www.topswimclub.ee\/wp-content\/uploads\/2012\/09\/keila_cup_09.pdf\" target=\"_blank\">Keila Cup<\/a><br \/>\nM\u00e4rsky Uinnit<br \/>\n<a href=\"https:\/\/www.topswimclub.ee\/wp-content\/uploads\/2012\/09\/2574.pdf\" target=\"_blank\">Noortesarja finaal<\/a><br \/>\n<a href=\"https:\/\/www.topswimclub.ee\/wp-content\/uploads\/2012\/09\/2567.pdf\" target=\"_blank\">Eesti-Soome maav\u00f5istlus<\/a><br \/>\n<a href=\"https:\/\/www.topswimclub.ee\/wp-content\/uploads\/2012\/09\/2562.pdf\" target=\"_blank\">Aura Lahtine Rada<\/a><br \/>\n<a href=\"https:\/\/pardikesed.blogspot.com\/\" target=\"_blank\">K\u00f5ik Meie Pardikesed finaal <\/a><br \/>\n<a href=\"https:\/\/www.topswimclub.ee\/wp-content\/uploads\/2012\/09\/Anyksciai_sprint_festival_RESULTS2009.pdf\" target=\"_blank\">Anyksciai Sprint I osa<\/a><br \/>\n<a href=\"https:\/\/www.topswimclub.ee\/wp-content\/uploads\/2012\/09\/Anyksciai_sprint_festival_RESULTS2009_2paev.pdf\" target=\"_blank\">Anyksciai Sprint II osa<\/a><br \/>\n<a href=\"https:\/\/www.topswimclub.ee\/wp-content\/uploads\/2012\/09\/Hunerson_kompleks_arvestus_2009.pdf\" target=\"_blank\">V. H\u00fcnerson kompleksarvestus<\/a><br \/>\n<a href=\"https:\/\/www.topswimclub.ee\/wp-content\/uploads\/2012\/09\/Hunerson_results_2009.pdf\" target=\"_blank\">V. H\u00fcnerson 2009<\/a><br \/>\nTartu Kevad 2009<br \/>\n<a href=\"https:\/\/www.topswimclub.ee\/wp-content\/uploads\/2012\/09\/nsIIIetappresults09.pdf\" target=\"_blank\">Noortesarja III etapp<\/a><br \/>\n<a href=\"https:\/\/www.topswimclub.ee\/wp-content\/uploads\/2012\/09\/0809_III_etapi_tulemused.doc\" target=\"_blank\">K\u00f5ik Meie Pardikesed III etapp<\/a><br \/>\n<a href=\"https:\/\/www.topswimclub.ee\/wp-content\/uploads\/2012\/09\/topsparesults09.doc\" target=\"_blank\">TOP SPA Karikav\u00f5istlused<\/a><br \/>\n<a href=\"https:\/\/www.topswimclub.ee\/wp-content\/uploads\/2012\/09\/balti09.pdf\" target=\"_blank\">Baltimaade MV<\/a><br \/>\n<a href=\"https:\/\/www.topswimclub.ee\/wp-content\/uploads\/2012\/09\/briisi_karikas_21.02.2009.doc\" target=\"_blank\">Briisi Karikas<\/a><br \/>\n<a href=\"https:\/\/www.topswimclub.ee\/wp-content\/uploads\/2012\/09\/2499.pdf\" target=\"_blank\">Noortesarja II etapp<\/a><br \/>\n<a href=\"https:\/\/pardikesed.blogspot.com\/search?updated-max=2009-01-31T20%3A29%3A00%2B02%3A00&amp;max-results=2\" target=\"_blank\">K\u00f5ik Meie Pardikesed II etapp<\/a><br \/>\n<a href=\"https:\/\/www.topswimclub.ee\/wp-content\/uploads\/2012\/09\/auraresultsjaan.doc\" target=\"_blank\">Aura Lahtine Rada<\/a><br \/>\n<a href=\"https:\/\/www.topswimclub.ee\/wp-content\/uploads\/2012\/09\/TOP_Maraton_09.xls\" target=\"_blank\">TOP UK Maratonv\u00f5istlus<\/a><br \/>\n<a href=\"https:\/\/www.topswimclub.ee\/wp-content\/uploads\/2012\/09\/kalevopen08results.xls\" target=\"_blank\">Kalev Open 2008<\/a><br \/>\n<a href=\"https:\/\/www.topswimclub.ee\/wp-content\/uploads\/2012\/09\/resultstalvehakk08.doc\" target=\"_blank\">TOP UK Talvehakk<\/a><br \/>\n<a href=\"https:\/\/www.topswimclub.ee\/wp-content\/uploads\/2012\/09\/Book_All_Results_esc_08.pdf\" target=\"_blank\">Euroopa L\u00fchiradade MV<\/a><br \/>\n<a href=\"https:\/\/www.topswimclub.ee\/wp-content\/uploads\/2012\/09\/tonttu08_tulos.pdf\" target=\"_blank\">Tonttu Uinnit<\/a><br \/>\n<a href=\"https:\/\/www.topswimclub.ee\/wp-content\/uploads\/2012\/09\/enmv08results.pdf\" target=\"_blank\">Eesti Noorte L\u00fchiradade MV<\/a><br \/>\n<a href=\"https:\/\/www.sss.se\/simning\/inbjudningstavlingar\/2008\/Nordic_Junior_Swimming_Championships\/results\/Results_NJM_2008_Officiell.html\" target=\"_blank\">P\u00f5hjamaade Juunioride MV<\/a><br \/>\n<a href=\"https:\/\/www.topswimclub.ee\/wp-content\/uploads\/2012\/09\/eesti.pdf\" target=\"_blank\">Eesti L\u00fchiradade MV<\/a><br \/>\n<a href=\"https:\/\/pardikesed.blogspot.com\/\" target=\"_blank\">K\u00f5ik Meie Pardikesed I etapp<\/a><br \/>\n<a href=\"https:\/\/www.topswimclub.ee\/wp-content\/uploads\/2012\/09\/resultsns08.doc\" target=\"_blank\">Noortesarja I etapp, l\u00e4\u00e4netsoon<\/a><br \/>\n<a href=\"https:\/\/www.topswimclub.ee\/wp-content\/uploads\/2012\/09\/tlnmv08results.xls\" target=\"_blank\">Tallinna mitmev\u00f5istluse MV<\/a><br \/>\n<a href=\"https:\/\/www.topswimclub.ee\/wp-content\/uploads\/2012\/09\/2008._Kompleksujumise_voistlus.doc\" target=\"_blank\">P\u00e4rnu SK kompleksujumise MV<\/a><br \/>\n<a href=\"https:\/\/www.topswimclub.ee\/wp-content\/uploads\/2012\/09\/aurasep08results.doc\" target=\"_blank\">Aura Lahtine Rada<\/a><\/p>\n","protected":false},"excerpt":{"rendered":"<p>Maailmameistriv\u00f5istlused Euroopa Noorte Ol\u00fcmpiap\u00e4evad 36. Euroopa Juunioride MV 90. Eesti meistriv\u00f5istlused Keila Cup M\u00e4rsky Uinnit Noortesarja finaal Eesti-Soome maav\u00f5istlus Aura Lahtine Rada K\u00f5ik Meie Pardikesed finaal Anyksciai Sprint I osa Anyksciai Sprint II osa V. H\u00fcnerson kompleksarvestus V. H\u00fcnerson 2009 Tartu Kevad 2009 Noortesarja III etapp K\u00f5ik Meie Pardikesed III etapp TOP SPA Karikav\u00f5istlused Baltimaade MV Briisi Karikas Noortesarja II etapp K\u00f5ik Meie Pardikesed II etapp Aura Lahtine Rada TOP UK Maratonv\u00f5istlus Kalev Open 2008 TOP UK Talvehakk Euroopa L\u00fchiradade MV Tonttu Uinnit Eesti Noorte L\u00fchiradade MV P\u00f5hjamaade Juunioride MV&nbsp;<a href=\"https:\/\/www.topswimclub.ee\/en\/competitions\/results\/20082009-2\/\" class=\"read-more\">Continue Reading<\/a><\/p>\n","protected":false},"author":2,"featured_media":0,"parent":2394,"menu_order":2,"comment_status":"open","ping_status":"open","template":"","meta":{"footnotes":""},"class_list":["post-2406","page","type-page","status-publish","hentry"],"_links":{"self":[{"href":"https:\/\/www.topswimclub.ee\/en\/wp-json\/wp\/v2\/pages\/2406","targetHints":{"allow":["GET"]}}],"collection":[{"href":"https:\/\/www.topswimclub.ee\/en\/wp-json\/wp\/v2\/pages"}],"about":[{"href":"https:\/\/www.topswimclub.ee\/en\/wp-json\/wp\/v2\/types\/page"}],"author":[{"embeddable":true,"href":"https:\/\/www.topswimclub.ee\/en\/wp-json\/wp\/v2\/users\/2"}],"replies":[{"embeddable":true,"href":"https:\/\/www.topswimclub.ee\/en\/wp-json\/wp\/v2\/comments?post=2406"}],"version-history":[{"count":0,"href":"https:\/\/www.topswimclub.ee\/en\/wp-json\/wp\/v2\/pages\/2406\/revisions"}],"up":[{"embeddable":true,"href":"https:\/\/www.topswimclub.ee\/en\/wp-json\/wp\/v2\/pages\/2394"}],"wp:attachment":[{"href":"https:\/\/www.topswimclub.ee\/en\/wp-json\/wp\/v2\/media?parent=2406"}],"curies":[{"name":"wp","href":"https:\/\/api.w.org\/{rel}","templated":true}]}}