{"id":2410,"date":"2012-09-14T14:56:46","date_gmt":"2012-09-14T11:56:46","guid":{"rendered":"http:\/\/www.topswimclub.ee\/?page_id=2410"},"modified":"2012-09-14T14:56:46","modified_gmt":"2012-09-14T11:56:46","slug":"20112012-2","status":"publish","type":"page","link":"https:\/\/www.topswimclub.ee\/en\/competitions\/results\/20112012-2\/","title":{"rendered":"2011\/2012"},"content":{"rendered":"<p><a href=\"https:\/\/www.topswimclub.ee\/wp-content\/uploads\/2012\/09\/Aura_LR_results_25.09.20111.pdf\" target=\"_blank\">Aura Lahtine Rada 25.september 2011 Tartu<\/a><br \/>\n<a href=\"https:\/\/www.topswimclub.ee\/wp-content\/uploads\/2012\/09\/TOP_UJUMISKLUBI_KONTROLLVOISTLUSED.doc\" target=\"_blank\">TOP Ujumisklubi Kontrollv\u00f5istlused 24.oktoober 2011 Haapsalu<\/a><br \/>\n<a href=\"https:\/\/www.topswimclub.ee\/wp-content\/uploads\/2012\/09\/3169.xls\" target=\"_blank\">Tallinna MV Ujumise Mitmev\u00f5istluses 19.-20.oktoober 2011 Haabersti<\/a><br \/>\n<a href=\"https:\/\/www.topswimclub.ee\/wp-content\/uploads\/2012\/09\/Noortesari_I_2011_3185.pdf\" target=\"_blank\">Noortesarja I etapp 5.nov. 2011 Kalev SPA<\/a><br \/>\n<a href=\"https:\/\/www.topswimclub.ee\/wp-content\/uploads\/2012\/09\/Pardid_6.11.2011tulemused.doc\" target=\"_blank\">Pardipere i etapp 6.nov 2011 Rocca al Mare<\/a><br \/>\n<a href=\"https:\/\/www.topswimclub.ee\/wp-content\/uploads\/2012\/09\/Kalev_Open_11.12.11._2011_tulemused.pdf\" target=\"_blank\">Kalev Open 2011 tulemused<\/a><br \/>\nTonttu 2011 tulemused<br \/>\n<a href=\"https:\/\/www.topswimclub.ee\/wp-content\/uploads\/2012\/09\/Eesti_Luhirajad_talv_2011_tulemused.pdf\" target=\"_blank\">Eesti L\u00fchiraja MV 2011 talv tulemused<\/a><br \/>\n<a href=\"https:\/\/www.topswimclub.ee\/wp-content\/uploads\/2012\/09\/TOP_Maraton_2012.xls\" target=\"_blank\">TOP Maraton 4.-5.jaanuar 2012<\/a><br \/>\n<a href=\"https:\/\/www.topswimclub.ee\/wp-content\/uploads\/2012\/09\/Talvehakk_2012_potokoll1.doc\" target=\"_blank\">Talvehakk 2012 protokoll<\/a><br \/>\n<a href=\"https:\/\/www.topswimclub.ee\/wp-content\/uploads\/2012\/09\/Pardikeste_II_etapp_tulemused_22.01.2012.doc\" target=\"_blank\">Pardikeste II etapp tulemused 22.01.2012<\/a><br \/>\n<a href=\"https:\/\/www.topswimclub.ee\/wp-content\/uploads\/2012\/09\/Audentese_karikas_2012_tulemused.xls\" target=\"_blank\">Audentese Karikas 2012 tulemused<\/a><br \/>\n<a href=\"https:\/\/www.topswimclub.ee\/wp-content\/uploads\/2012\/09\/Noortesarja_II_etapi_tulemused.pdf\" target=\"_blank\">Noortesarja II etapi tulemused<\/a><br \/>\n<a href=\"https:\/\/www.topswimclub.ee\/wp-content\/uploads\/2012\/09\/Eesti_Karikavoistlused_2012_tulemused.pdf\" target=\"_blank\">Eesti Karikav\u00f5istlused 2012 tulemused<\/a><br \/>\n<a href=\"https:\/\/www.topswimclub.ee\/wp-content\/uploads\/2012\/09\/Baltimaade_MV_Alytus_2012.pdf\" target=\"_blank\">Baltimaade MV Alytus 2012<\/a><br \/>\n<a href=\"https:\/\/www.topswimclub.ee\/wp-content\/uploads\/2012\/09\/Pardikeste_III_etapp_tulemused.pdf\" target=\"_blank\">Pardikeste III etapi tulemused 11.03.2012<\/a><br \/>\n<a href=\"https:\/\/www.topswimclub.ee\/wp-content\/uploads\/2012\/09\/TOP_UJUMISKLUBI_KONTROLLVOISTLUSED_22.marts_2012_Vinni.doc\" target=\"_blank\">TOP Ujumisklubi kontrollv\u00f5istlused 22.m\u00e4rts 2012 Vinni<\/a><br \/>\n<a href=\"https:\/\/www.topswimclub.ee\/wp-content\/uploads\/2012\/09\/Noortesarja_III_etapp_Audentes_31.marts_2012_tulemused.pdf\" target=\"_blank\">Noortesarja III etapp Audentes 31.m\u00e4rts 2012 tulemused<\/a><br \/>\n<a href=\"https:\/\/www.topswimclub.ee\/wp-content\/uploads\/2012\/09\/Hynerson_results_15.04.2012.pdf\" target=\"_blank\">H\u00fcnersoni M\u00e4lestusv\u00f5istlused 15.aprill 2012<\/a><br \/>\n<a href=\"https:\/\/www.topswimclub.ee\/wp-content\/uploads\/2012\/09\/Tartu_Kevad_I_osa_tulemused.pdf\" target=\"_blank\">Tartu Kevad I-osa tulemused 28.29.aprill 2012<\/a><br \/>\n<a href=\"https:\/\/www.topswimclub.ee\/wp-content\/uploads\/2012\/09\/Tartu_Kevad_II_osa_tulemused.pdf\" target=\"_blank\">Tartu Kevad II-osa tulemused <\/a><br \/>\n<a href=\"https:\/\/www.topswimclub.ee\/wp-content\/uploads\/2012\/09\/Tartu_Kevad_III_osa_tulemused.pdf\" target=\"_blank\">Tartu Kevad III-osa tulemused<\/a><br \/>\n<a href=\"https:\/\/www.topswimclub.ee\/wp-content\/uploads\/2012\/09\/Kik_Meie_Pardikesed_finaal_2012_tulemused.doc\" target=\"_blank\">K\u00f5ik Meie Pardikesed 2012 Finaali tulemused<\/a><br \/>\n<a href=\"https:\/\/www.topswimclub.ee\/wp-content\/uploads\/2012\/09\/Topi_Kontrollvistlused_2012a..doc\" target=\"_blank\">TOP Ujumisklubi Kontrollv\u00f5istlused mai 2012<\/a><br \/>\n<a href=\"https:\/\/www.topswimclub.ee\/wp-content\/uploads\/2012\/09\/Noortesarja_Finaali_tulemused_Keila_2012.pdf\" target=\"_blank\">Noortesarja Finaali tulemused Keila 2012<\/a><br \/>\n<a href=\"https:\/\/www.topswimclub.ee\/wp-content\/uploads\/2012\/09\/Noortesarja_Finaali_voistkondlikud_punktid_Keila_2012.pdf\" target=\"_blank\">Noortesarja Finaali v\u00f5istkondlik paremusj\u00e4rjestus Keila 2012<\/a><br \/>\n<a href=\"https:\/\/www.topswimclub.ee\/wp-content\/uploads\/2012\/09\/TOP_UJUMISKLUBI_KONTROLLVOISTLUSE_PROTOKOLL.doc\" target=\"_blank\">30.mai TOP Ujumisklubi kontrollv\u00f5istluste protokoll<\/a><br \/>\n<a href=\"https:\/\/www.topswimclub.ee\/wp-content\/uploads\/2012\/09\/Keila_CUP_2012_tulemused.pdf\" target=\"_blank\">Keila CUP 2012 tulemused<\/a><br \/>\n<a href=\"https:\/\/www.topswimclub.ee\/wp-content\/uploads\/2012\/09\/Eesti_MV_2012_tulemused.pdf\" target=\"_blank\">Eesti Meistriv\u00f5istlused 2012, tulemused<\/a><\/p>\n","protected":false},"excerpt":{"rendered":"<p>Aura Lahtine Rada 25.september 2011 Tartu TOP Ujumisklubi Kontrollv\u00f5istlused 24.oktoober 2011 Haapsalu Tallinna MV Ujumise Mitmev\u00f5istluses 19.-20.oktoober 2011 Haabersti Noortesarja I etapp 5.nov. 2011 Kalev SPA Pardipere i etapp 6.nov 2011 Rocca al Mare Kalev Open 2011 tulemused Tonttu 2011 tulemused Eesti L\u00fchiraja MV 2011 talv tulemused TOP Maraton 4.-5.jaanuar 2012 Talvehakk 2012 protokoll Pardikeste II etapp tulemused 22.01.2012 Audentese Karikas 2012 tulemused Noortesarja II etapi tulemused Eesti Karikav\u00f5istlused 2012 tulemused Baltimaade MV Alytus 2012 Pardikeste III etapi tulemused 11.03.2012 TOP Ujumisklubi kontrollv\u00f5istlused 22.m\u00e4rts 2012 Vinni Noortesarja III etapp Audentes&nbsp;<a href=\"https:\/\/www.topswimclub.ee\/en\/competitions\/results\/20112012-2\/\" class=\"read-more\">Continue Reading<\/a><\/p>\n","protected":false},"author":2,"featured_media":0,"parent":2394,"menu_order":4,"comment_status":"open","ping_status":"open","template":"","meta":{"footnotes":""},"class_list":["post-2410","page","type-page","status-publish","hentry"],"_links":{"self":[{"href":"https:\/\/www.topswimclub.ee\/en\/wp-json\/wp\/v2\/pages\/2410","targetHints":{"allow":["GET"]}}],"collection":[{"href":"https:\/\/www.topswimclub.ee\/en\/wp-json\/wp\/v2\/pages"}],"about":[{"href":"https:\/\/www.topswimclub.ee\/en\/wp-json\/wp\/v2\/types\/page"}],"author":[{"embeddable":true,"href":"https:\/\/www.topswimclub.ee\/en\/wp-json\/wp\/v2\/users\/2"}],"replies":[{"embeddable":true,"href":"https:\/\/www.topswimclub.ee\/en\/wp-json\/wp\/v2\/comments?post=2410"}],"version-history":[{"count":0,"href":"https:\/\/www.topswimclub.ee\/en\/wp-json\/wp\/v2\/pages\/2410\/revisions"}],"up":[{"embeddable":true,"href":"https:\/\/www.topswimclub.ee\/en\/wp-json\/wp\/v2\/pages\/2394"}],"wp:attachment":[{"href":"https:\/\/www.topswimclub.ee\/en\/wp-json\/wp\/v2\/media?parent=2410"}],"curies":[{"name":"wp","href":"https:\/\/api.w.org\/{rel}","templated":true}]}}